{"id":644,"date":"2019-01-24T12:36:16","date_gmt":"2019-01-24T11:36:16","guid":{"rendered":"http:\/\/grandissons.org\/?page_id=644"},"modified":"2019-02-03T20:13:22","modified_gmt":"2019-02-03T19:13:22","slug":"communiquons","status":"publish","type":"page","link":"https:\/\/grandissons.org\/?page_id=644","title":{"rendered":"Langage et bilinguisme"},"content":{"rendered":"<p>Le langage est une des sp\u00e9cificit\u00e9s et des plus grandes richesses de l\u2019\u00eatre humain, et se construit d\u00e8s le d\u00e9but de la vie. Il est finement li\u00e9 \u00e0 la pens\u00e9e et \u00e0 son d\u00e9veloppement. C\u2019est pourquoi il est primordial d\u00e8s les premiers instants, de donner \u00e0 nos b\u00e9b\u00e9s les cl\u00e9s de la communication, par des \u00e9changes de regards, de gestes et de mots\u2026<\/p>\n<p>Peu \u00e0 peu, par le biais des \u00e9changes avec son entourage, l\u2019enfant s\u2019avancera ainsi \u00e0 son tour vers le langage.<\/p>\n<p><b>Ce qu&rsquo;on va en dire dans l\u2019association :<\/b><\/p>\n<p>Nous avons d\u00e9j\u00e0 propos\u00e9 plusieurs conf\u00e9rences, conf\u00e9rences interactives et th\u00e9s-multilingues sur le d\u00e9veloppement du langage des enfants qui grandissent entre plusieurs langues et plusieurs cultures.<\/p>\n<p>Nous pr\u00e9voyons d\u2019organiser \u00e9galement des s\u00e9ances d\u2019information sur la mise en place du langage et la pr\u00e9vention de sa difficult\u00e9.<\/p>\n<p>Nous avons \u00e9galement propos\u00e9 des ateliers Lisons, pour faire d\u00e9couvrir aux enfants de belles histoires.<\/p>\n<p>Et puis\u2026 tout est langage\u00a0!<\/p>\n<p>&nbsp;<\/p>\n<p><b>Quelques liens pour y voir plus clair\u00a0:<\/b><\/p>\n<p>Les \u00e9tapes du d\u00e9veloppement de l\u2019enfant\u00a0:<\/p>\n<p><a href=\"http:\/\/www.famili.fr\/,bebe-mois-par-mois,2701111,392709.asp\">http:\/\/www.famili.fr\/,bebe-mois-par-mois,2701111,392709.asp<\/a><\/p>\n<p>Un excellent site sur le langage de l\u2019enfant, son d\u00e9veloppement, les difficult\u00e9s qu\u2019il peut rencontrer\u00a0:<\/p>\n<p><a href=\"http:\/\/naitreetgrandir.com\/fr\/etape\/1_3_ans\/langage\/fiche.aspx?doc=ik-naitre-grandir-developpement-langage-parole-enfant-1-3-ans\">http:\/\/naitreetgrandir.com\/fr\/etape\/1_3_ans\/langage\/fiche.aspx?doc=ik-naitre-grandir-developpement-langage-parole-enfant-1-3-ans<\/a><\/p>\n<p><a href=\"http:\/\/naitreetgrandir.com\/fr\/etape\/1_3_ans\/langage\/\">http:\/\/naitreetgrandir.com\/fr\/etape\/1_3_ans\/langage\/<\/a><\/p>\n<p>Un pdf sur le d\u00e9veloppement du langage\u00a0:<\/p>\n<p><a href=\"http:\/\/www.inpes.sante.fr\/CFESBases\/catalogue\/pdf\/719.pdf\">http:\/\/www.inpes.sante.fr\/CFESBases\/catalogue\/pdf\/719.pdf<\/a><\/p>\n","protected":false},"excerpt":{"rendered":"<p>Le langage est une des sp\u00e9cificit\u00e9s et des plus grandes richesses de l\u2019\u00eatre humain, et se construit d\u00e8s le d\u00e9but de la vie. Il est finement li\u00e9 \u00e0 la pens\u00e9e et \u00e0 son d\u00e9veloppement. C\u2019est pourquoi il est primordial d\u00e8s les premiers instants, de donner \u00e0 nos b\u00e9b\u00e9s les cl\u00e9s de la communication, par des &#8230;<span class=\"read-more\"><a href=\"https:\/\/grandissons.org\/?page_id=644\">>>Read more<\/a><\/span><\/p>\n","protected":false},"author":1,"featured_media":0,"parent":0,"menu_order":0,"comment_status":"open","ping_status":"open","template":"","meta":{"footnotes":""},"_links":{"self":[{"href":"https:\/\/grandissons.org\/index.php?rest_route=\/wp\/v2\/pages\/644"}],"collection":[{"href":"https:\/\/grandissons.org\/index.php?rest_route=\/wp\/v2\/pages"}],"about":[{"href":"https:\/\/grandissons.org\/index.php?rest_route=\/wp\/v2\/types\/page"}],"author":[{"embeddable":true,"href":"https:\/\/grandissons.org\/index.php?rest_route=\/wp\/v2\/users\/1"}],"replies":[{"embeddable":true,"href":"https:\/\/grandissons.org\/index.php?rest_route=%2Fwp%2Fv2%2Fcomments&post=644"}],"version-history":[{"count":5,"href":"https:\/\/grandissons.org\/index.php?rest_route=\/wp\/v2\/pages\/644\/revisions"}],"predecessor-version":[{"id":3465,"href":"https:\/\/grandissons.org\/index.php?rest_route=\/wp\/v2\/pages\/644\/revisions\/3465"}],"wp:attachment":[{"href":"https:\/\/grandissons.org\/index.php?rest_route=%2Fwp%2Fv2%2Fmedia&parent=644"}],"curies":[{"name":"wp","href":"https:\/\/api.w.org\/{rel}","templated":true}]}}