{"id":577,"date":"2014-03-20T19:50:19","date_gmt":"2014-03-20T18:50:19","guid":{"rendered":"http:\/\/grandissons.org\/?page_id=577"},"modified":"2014-03-20T23:53:52","modified_gmt":"2014-03-20T22:53:52","slug":"peps-magazine","status":"publish","type":"page","link":"https:\/\/grandissons.org\/?page_id=577","title":{"rendered":"Peps magazine"},"content":{"rendered":"<p>En plus des magazines au pr\u00eat, nous organisons r\u00e9guli\u00e8rement des PEPS-caf\u00e9 pour discuter parentalit\u00e9 (positive) * autour des articles du magazine. Plus d&rsquo;infos ici.<\/p>\n<table width=\"36\" border=\"0\" cellspacing=\"0\" cellpadding=\"0\">\n<colgroup>\n<col width=\"36\" \/><\/colgroup>\n<tbody>\n<tr>\n<td width=\"36\" height=\"20\">n\u00b01 : SOIS PARFAIT ! Une injonction paralysante<a href=\"http:\/\/pepsmagazine.com\/store\/products\/numero-1-pdf\/\" target=\"_blank\"><img decoding=\"async\" loading=\"lazy\" class=\"alignleft size-thumbnail wp-image-578\" alt=\"peps01-couv\" src=\"http:\/\/grandissons.org\/wp-content\/uploads\/2014\/03\/peps01-couv-150x150.jpg\" width=\"150\" height=\"150\" srcset=\"https:\/\/grandissons.org\/wp-content\/uploads\/2014\/03\/peps01-couv-150x150.jpg 150w, https:\/\/grandissons.org\/wp-content\/uploads\/2014\/03\/peps01-couv-200x200.jpg 200w\" sizes=\"(max-width: 150px) 100vw, 150px\" \/><\/a><\/td>\n<\/tr>\n<tr>\n<td height=\"20\">n\u00b02 : FAUT COUPER L\u2019CORDON QU\u2019ILS DISAIENT\u2026 Attachement ou arrachement, le d\u00e9fi de l\u2019autonomie<a href=\"http:\/\/pepsmagazine.com\/store\/products\/numero-2-en-telechargement\/\" target=\"_blank\"><img decoding=\"async\" loading=\"lazy\" class=\"alignleft size-thumbnail wp-image-579\" alt=\"peps02-couv\" src=\"http:\/\/grandissons.org\/wp-content\/uploads\/2014\/03\/peps02-couv-150x150.jpg\" width=\"150\" height=\"150\" srcset=\"https:\/\/grandissons.org\/wp-content\/uploads\/2014\/03\/peps02-couv-150x150.jpg 150w, https:\/\/grandissons.org\/wp-content\/uploads\/2014\/03\/peps02-couv-200x200.jpg 200w\" sizes=\"(max-width: 150px) 100vw, 150px\" \/><\/a><\/td>\n<\/tr>\n<tr>\n<td height=\"20\">n\u00b03 : LE CORPS\u2026 Si\u00e8ge de la violence ordinaire ?<a href=\"http:\/\/pepsmagazine.com\/store\/products\/numero-3-avril-mai-juin-2013\/\" target=\"_blank\"><img decoding=\"async\" loading=\"lazy\" class=\"alignleft size-thumbnail wp-image-580\" style=\"color: #333333;\" alt=\"peps03-couv\" src=\"http:\/\/grandissons.org\/wp-content\/uploads\/2014\/03\/peps03-couv-150x150.jpg\" width=\"150\" height=\"150\" srcset=\"https:\/\/grandissons.org\/wp-content\/uploads\/2014\/03\/peps03-couv-150x150.jpg 150w, https:\/\/grandissons.org\/wp-content\/uploads\/2014\/03\/peps03-couv-200x200.jpg 200w\" sizes=\"(max-width: 150px) 100vw, 150px\" \/><\/a><\/td>\n<\/tr>\n<tr>\n<td height=\"20\">n\u00b04 : LES JEUX VID\u00c9OS Diaboliques ou magiques ?<a href=\"http:\/\/pepsmagazine.com\/store\/products\/numero-4-juil-aout-sept-2013\/\" target=\"_blank\"><img decoding=\"async\" loading=\"lazy\" class=\"alignleft size-thumbnail wp-image-581\" alt=\"peps04-couv\" src=\"http:\/\/grandissons.org\/wp-content\/uploads\/2014\/03\/peps04-couv-150x150.jpg\" width=\"150\" height=\"150\" srcset=\"https:\/\/grandissons.org\/wp-content\/uploads\/2014\/03\/peps04-couv-150x150.jpg 150w, https:\/\/grandissons.org\/wp-content\/uploads\/2014\/03\/peps04-couv-200x200.jpg 200w\" sizes=\"(max-width: 150px) 100vw, 150px\" \/><\/a><\/td>\n<\/tr>\n<tr>\n<td height=\"20\">n\u00b05 : PIRATER SON \u00c9DUCATION Se d\u00e9programmer pour apprendre<a href=\"http:\/\/pepsmagazine.com\/store\/products\/numero-5-oct-nov-dec-2013\/\" target=\"_blank\"><img decoding=\"async\" loading=\"lazy\" class=\"alignleft size-thumbnail wp-image-582\" alt=\"peps05-couv\" src=\"http:\/\/grandissons.org\/wp-content\/uploads\/2014\/03\/peps05-couv-150x150.jpg\" width=\"150\" height=\"150\" srcset=\"https:\/\/grandissons.org\/wp-content\/uploads\/2014\/03\/peps05-couv-150x150.jpg 150w, https:\/\/grandissons.org\/wp-content\/uploads\/2014\/03\/peps05-couv-200x200.jpg 200w\" sizes=\"(max-width: 150px) 100vw, 150px\" \/><\/a><\/td>\n<\/tr>\n<tr>\n<td height=\"20\">n\u00b06 : Preux chevalier et douce princesse, le sexisme dans l\u2019\u00e9ducation<a href=\"http:\/\/pepsmagazine.com\/store\/products\/numero-6-janv-fev-mars-2014\/\" target=\"_blank\"><img decoding=\"async\" loading=\"lazy\" class=\"alignleft size-thumbnail wp-image-583\" alt=\"peps06-couv\" src=\"http:\/\/grandissons.org\/wp-content\/uploads\/2014\/03\/peps06-couv-150x150.jpg\" width=\"150\" height=\"150\" srcset=\"https:\/\/grandissons.org\/wp-content\/uploads\/2014\/03\/peps06-couv-150x150.jpg 150w, https:\/\/grandissons.org\/wp-content\/uploads\/2014\/03\/peps06-couv-200x200.jpg 200w\" sizes=\"(max-width: 150px) 100vw, 150px\" \/><\/a><\/td>\n<\/tr>\n<tr>\n<td height=\"20\">.<\/td>\n<\/tr>\n<tr>\n<td height=\"20\">.<\/td>\n<\/tr>\n<tr>\n<td height=\"20\">.<\/td>\n<\/tr>\n<tr>\n<td height=\"20\">.<\/td>\n<\/tr>\n<tr>\n<td height=\"20\">.<\/td>\n<\/tr>\n<\/tbody>\n<\/table>\n<p>&nbsp;<\/p>\n<blockquote><p>*\u00a0\u00ab\u00a0<em>Il existe plusieurs d\u00e9finitions de la parentalit\u00e9 positive, voici la n\u00f4tre : Une parentalit\u00e9 centr\u00e9e sur la joie de vivre, le plaisir d&rsquo;\u00eatre ensemble, les besoins de chacun, le soutien sur le chemin de soi. Cette forme de parentalit\u00e9 nous demande de la vigilance, un travail de prise de conscience de nos blessures d&rsquo;enfant pour \u00e9viter ainsi toute violence physique et psychologique, m\u00eame consid\u00e9r\u00e9e comme l\u00e9g\u00e8re. Ce qui signifie entre autre : sans coups, menaces, punitions, sanctions, isolement ou immobilisation, etc. Le concept de parentalit\u00e9 positive est en \u00e9volution permanente, il d\u00e9pend de prises de conscience qui se font de plus en plus claires, et demandera s\u00fbrement des pr\u00e9cisions suppl\u00e9mentaires \u00e0 l&rsquo;avenir.<\/em>\u00a0\u00bb<\/p>\n<p>Catherine Dumonteil Kremer<\/p><\/blockquote>\n","protected":false},"excerpt":{"rendered":"<p>En plus des magazines au pr\u00eat, nous organisons r\u00e9guli\u00e8rement des PEPS-caf\u00e9 pour discuter parentalit\u00e9 (positive) * autour des articles du magazine. Plus d&rsquo;infos ici. n\u00b01 : SOIS PARFAIT ! Une injonction paralysante n\u00b02 : FAUT COUPER L\u2019CORDON QU\u2019ILS DISAIENT\u2026 Attachement ou arrachement, le d\u00e9fi de l\u2019autonomie n\u00b03 : LE CORPS\u2026 Si\u00e8ge de la violence ordinaire &#8230;<span class=\"read-more\"><a href=\"https:\/\/grandissons.org\/?page_id=577\">>>Read more<\/a><\/span><\/p>\n","protected":false},"author":1,"featured_media":0,"parent":546,"menu_order":0,"comment_status":"open","ping_status":"open","template":"","meta":{"footnotes":""},"_links":{"self":[{"href":"https:\/\/grandissons.org\/index.php?rest_route=\/wp\/v2\/pages\/577"}],"collection":[{"href":"https:\/\/grandissons.org\/index.php?rest_route=\/wp\/v2\/pages"}],"about":[{"href":"https:\/\/grandissons.org\/index.php?rest_route=\/wp\/v2\/types\/page"}],"author":[{"embeddable":true,"href":"https:\/\/grandissons.org\/index.php?rest_route=\/wp\/v2\/users\/1"}],"replies":[{"embeddable":true,"href":"https:\/\/grandissons.org\/index.php?rest_route=%2Fwp%2Fv2%2Fcomments&post=577"}],"version-history":[{"count":5,"href":"https:\/\/grandissons.org\/index.php?rest_route=\/wp\/v2\/pages\/577\/revisions"}],"predecessor-version":[{"id":622,"href":"https:\/\/grandissons.org\/index.php?rest_route=\/wp\/v2\/pages\/577\/revisions\/622"}],"up":[{"embeddable":true,"href":"https:\/\/grandissons.org\/index.php?rest_route=\/wp\/v2\/pages\/546"}],"wp:attachment":[{"href":"https:\/\/grandissons.org\/index.php?rest_route=%2Fwp%2Fv2%2Fmedia&parent=577"}],"curies":[{"name":"wp","href":"https:\/\/api.w.org\/{rel}","templated":true}]}}