{"id":517,"date":"2014-03-20T18:49:15","date_gmt":"2014-03-20T17:49:15","guid":{"rendered":"http:\/\/grandissons.org\/?page_id=517"},"modified":"2014-03-20T23:46:11","modified_gmt":"2014-03-20T22:46:11","slug":"nos-magazines","status":"publish","type":"page","link":"https:\/\/grandissons.org\/?page_id=517","title":{"rendered":"Grandir Autrement"},"content":{"rendered":"<p>(Un grand merci \u00e0 C\u00e9cile pour sa contribution \u00e0 notre biblioth\u00e8que !)<\/p>\n<p>&nbsp;<\/p>\n<table width=\"36\" border=\"0\" cellspacing=\"0\" cellpadding=\"0\">\n<colgroup>\n<col width=\"36\" \/> <\/colgroup>\n<tbody>\n<tr>\n<td width=\"36\" height=\"20\">n\u00b010 : Les nouveaux parents au foyer<a href=\"http:\/\/www.grandirautrement.com\/fr\/magazine-numero-10-les-nouveaux-parents-au-foyer.html\" target=\"_blank\"><img decoding=\"async\" loading=\"lazy\" class=\"size-thumbnail wp-image-520 alignleft\" alt=\"200_____couverture-n10_105\" src=\"http:\/\/grandissons.org\/wp-content\/uploads\/2014\/03\/200_____couverture-n10_105-150x150.jpg\" width=\"150\" height=\"150\" srcset=\"https:\/\/grandissons.org\/wp-content\/uploads\/2014\/03\/200_____couverture-n10_105-150x150.jpg 150w, https:\/\/grandissons.org\/wp-content\/uploads\/2014\/03\/200_____couverture-n10_105-200x200.jpg 200w\" sizes=\"(max-width: 150px) 100vw, 150px\" \/><\/a><\/td>\n<\/tr>\n<tr>\n<td height=\"20\">n\u00b011 : Comment sont fabriqu\u00e9s les v\u00eatements de nos enfants<a href=\"http:\/\/www.grandirautrement.com\/fr\/magazine-numero-11-comment-sont-fabriques-les-vetements-de-nos-enfants.html\" target=\"_blank\"><img decoding=\"async\" loading=\"lazy\" class=\"size-thumbnail wp-image-521 alignleft\" alt=\"200_____couverture-n11_106\" src=\"http:\/\/grandissons.org\/wp-content\/uploads\/2014\/03\/200_____couverture-n11_106-150x150.jpg\" width=\"150\" height=\"150\" srcset=\"https:\/\/grandissons.org\/wp-content\/uploads\/2014\/03\/200_____couverture-n11_106-150x150.jpg 150w, https:\/\/grandissons.org\/wp-content\/uploads\/2014\/03\/200_____couverture-n11_106-200x200.jpg 200w\" sizes=\"(max-width: 150px) 100vw, 150px\" \/><\/a><\/td>\n<\/tr>\n<tr>\n<td height=\"20\">n\u00b012 : Adoption et maternage<a href=\"http:\/\/www.grandirautrement.com\/fr\/magazine-numero-12-maternage-et-adoption.html\" target=\"_blank\"><img decoding=\"async\" loading=\"lazy\" class=\"alignleft size-thumbnail wp-image-522\" alt=\"200_____couverture-n12_108\" src=\"http:\/\/grandissons.org\/wp-content\/uploads\/2014\/03\/200_____couverture-n12_108-150x150.jpg\" width=\"150\" height=\"150\" srcset=\"https:\/\/grandissons.org\/wp-content\/uploads\/2014\/03\/200_____couverture-n12_108-150x150.jpg 150w, https:\/\/grandissons.org\/wp-content\/uploads\/2014\/03\/200_____couverture-n12_108-200x200.jpg 200w\" sizes=\"(max-width: 150px) 100vw, 150px\" \/><\/a><\/td>\n<\/tr>\n<tr>\n<td height=\"20\">n\u00b013 : Contraception : g\u00e9rer sa fertilit\u00e9 naturellement<a href=\"http:\/\/www.grandirautrement.com\/fr\/magazine-numero-13-contraception--gerer-sa-fertilite-naturellement.html\" target=\"_blank\"><img decoding=\"async\" loading=\"lazy\" class=\"alignleft size-thumbnail wp-image-527\" alt=\"500_____couverture-n13_109\" src=\"http:\/\/grandissons.org\/wp-content\/uploads\/2014\/03\/500_____couverture-n13_109-150x150.jpg\" width=\"150\" height=\"150\" \/><\/a><\/td>\n<\/tr>\n<tr>\n<td height=\"20\">n\u00b014 : Le massage : un plaisir \u00e0 savourer \u00e0 tout \u00e2ge<a href=\"http:\/\/www.grandirautrement.com\/fr\/magazine-numero-14-le-massage--un-plaisir-a-savourer-a-tout-age.html\" target=\"_blank\"><img decoding=\"async\" loading=\"lazy\" class=\"alignleft size-thumbnail wp-image-534\" alt=\"500_____couverture-n14_27\" src=\"http:\/\/grandissons.org\/wp-content\/uploads\/2014\/03\/500_____couverture-n14_27-150x150.jpg\" width=\"150\" height=\"150\" \/><\/a><\/td>\n<\/tr>\n<tr>\n<td height=\"20\">n\u00b016 : Des limites pour bien grandir<a href=\"http:\/\/www.grandirautrement.com\/fr\/magazine-numero-16-poser-des-limites-pour-bien-grandir.html\" target=\"_blank\"><img decoding=\"async\" loading=\"lazy\" class=\"alignleft size-thumbnail wp-image-535\" alt=\"500_____couverture-n16_29\" src=\"http:\/\/grandissons.org\/wp-content\/uploads\/2014\/03\/500_____couverture-n16_29-150x150.jpg\" width=\"150\" height=\"150\" \/><\/a><\/td>\n<\/tr>\n<tr>\n<td height=\"20\">n\u00b018 : Signer avec les enfants<a href=\"http:\/\/www.grandirautrement.com\/fr\/magazine-numero-18-signer-avec-les-enfants.html\" target=\"_blank\"><img decoding=\"async\" loading=\"lazy\" class=\"alignleft size-thumbnail wp-image-536\" alt=\"500_____couverture-n18_31\" src=\"http:\/\/grandissons.org\/wp-content\/uploads\/2014\/03\/500_____couverture-n18_31-150x150.jpg\" width=\"150\" height=\"150\" \/><\/a><\/td>\n<\/tr>\n<tr>\n<td height=\"20\">n\u00b019 : Les familles nombreuses<a href=\"http:\/\/www.grandirautrement.com\/fr\/magazine-numero-19-les-familles-nombreuses.html\" target=\"_blank\"><img decoding=\"async\" loading=\"lazy\" class=\"alignleft size-thumbnail wp-image-528\" alt=\"500_____couverture-n19_115\" src=\"http:\/\/grandissons.org\/wp-content\/uploads\/2014\/03\/500_____couverture-n19_115-150x150.jpg\" width=\"150\" height=\"150\" \/><\/a><\/td>\n<\/tr>\n<tr>\n<td height=\"20\">n\u00b020 : Le r\u00f4le et la place des grands-parents<a href=\"http:\/\/www.grandirautrement.com\/fr\/magazine-numero-20-le-role-et-la-place-des-grands-parents.html\" target=\"_blank\"><img decoding=\"async\" loading=\"lazy\" class=\"alignleft size-thumbnail wp-image-537\" alt=\"500_____couverture-n20_33\" src=\"http:\/\/grandissons.org\/wp-content\/uploads\/2014\/03\/500_____couverture-n20_33-150x150.jpg\" width=\"150\" height=\"150\" \/><\/a><\/td>\n<\/tr>\n<tr>\n<td height=\"20\">n\u00b021 : Energie et sant\u00e9<a href=\"http:\/\/www.grandirautrement.com\/fr\/magazine-numero-21-energie-et-sante.html\" target=\"_blank\"><img decoding=\"async\" loading=\"lazy\" class=\"alignleft size-thumbnail wp-image-538\" alt=\"500_____couverture-n21_34\" src=\"http:\/\/grandissons.org\/wp-content\/uploads\/2014\/03\/500_____couverture-n21_34-150x150.jpg\" width=\"150\" height=\"150\" \/><\/a><\/td>\n<\/tr>\n<tr>\n<td height=\"20\">n\u00b022 : Les d\u00e9fis de la parentalit\u00e9<a href=\"http:\/\/www.grandirautrement.com\/fr\/magazine-numero-22-les-defis-de-la-parentalite.html\" target=\"_blank\"><img decoding=\"async\" loading=\"lazy\" class=\"alignleft size-thumbnail wp-image-539\" alt=\"500_____couverture-n22_35\" src=\"http:\/\/grandissons.org\/wp-content\/uploads\/2014\/03\/500_____couverture-n22_35-150x150.jpg\" width=\"150\" height=\"150\" \/><\/a><\/td>\n<\/tr>\n<tr>\n<td height=\"20\">n\u00b024 : Les \u00e9covillages<a href=\"http:\/\/www.grandirautrement.com\/fr\/magazine-numero-24-les-ecovillages.html\" target=\"_blank\"><img decoding=\"async\" loading=\"lazy\" class=\"alignleft size-thumbnail wp-image-551\" alt=\"500_____couverture-n24_37\" src=\"http:\/\/grandissons.org\/wp-content\/uploads\/2014\/03\/500_____couverture-n24_37-150x150.jpg\" width=\"150\" height=\"150\" \/><\/a><\/td>\n<\/tr>\n<tr>\n<td height=\"20\">n\u00b025 : Vivre ses \u00e9motions<a href=\"http:\/\/www.grandirautrement.com\/fr\/magazine-numero-25-vivre-ses-emotions.html\" target=\"_blank\"><img decoding=\"async\" loading=\"lazy\" class=\"alignleft size-thumbnail wp-image-529\" alt=\"500_____couverture-n25_121\" src=\"http:\/\/grandissons.org\/wp-content\/uploads\/2014\/03\/500_____couverture-n25_121-150x150.jpg\" width=\"150\" height=\"150\" \/><\/a><\/td>\n<\/tr>\n<tr>\n<td height=\"20\">n\u00b026 : La sexualit\u00e9<a href=\"http:\/\/www.grandirautrement.com\/fr\/magazine-numero-26-la-sexualite.html\" target=\"_blank\"><img decoding=\"async\" loading=\"lazy\" class=\"alignleft size-thumbnail wp-image-555\" alt=\"500_____couverture-n26_39\" src=\"http:\/\/grandissons.org\/wp-content\/uploads\/2014\/03\/500_____couverture-n26_39-150x150.jpg\" width=\"150\" height=\"150\" \/><\/a><\/td>\n<\/tr>\n<tr>\n<td height=\"20\">n\u00b029 : Manger cru : pour une alimentation vivante<a href=\"http:\/\/www.grandirautrement.com\/fr\/magazine-numero-29-manger-cru---pour-une-alimentation-vivante.html\" target=\"_blank\"><img decoding=\"async\" loading=\"lazy\" class=\"alignleft size-thumbnail wp-image-556\" alt=\"500_____couverture-n29_42\" src=\"http:\/\/grandissons.org\/wp-content\/uploads\/2014\/03\/500_____couverture-n29_42-150x150.jpg\" width=\"150\" height=\"150\" \/><\/a><\/td>\n<\/tr>\n<tr>\n<td height=\"20\">n\u00b032 : Parentalit\u00e9 : la vision de la science<a href=\"http:\/\/www.grandirautrement.com\/fr\/magazine-numero-32-version-pdf.html\" target=\"_blank\"><img decoding=\"async\" loading=\"lazy\" class=\"alignleft size-thumbnail wp-image-557\" alt=\"500_____couv-32_156\" src=\"http:\/\/grandissons.org\/wp-content\/uploads\/2014\/03\/500_____couv-32_156-139x150.jpg\" width=\"139\" height=\"150\" \/><\/a><\/td>\n<\/tr>\n<tr>\n<td height=\"20\">n\u00b033 : L&rsquo;Ayruv\u00e9da<a href=\"http:\/\/www.grandirautrement.com\/fr\/magazine-numero-33-version-pdf.html\" target=\"_blank\"><img decoding=\"async\" loading=\"lazy\" class=\"alignleft size-thumbnail wp-image-558\" alt=\"500_____couverture-n33_157\" src=\"http:\/\/grandissons.org\/wp-content\/uploads\/2014\/03\/500_____couverture-n33_157-150x150.jpg\" width=\"150\" height=\"150\" \/><\/a><\/td>\n<\/tr>\n<tr>\n<td height=\"20\">n\u00b035 : Les familles recompos\u00e9es<a href=\"http:\/\/www.grandirautrement.com\/fr\/104-bimestriels-magazine-numero-35.html\" target=\"_blank\"><img decoding=\"async\" loading=\"lazy\" class=\"alignleft size-thumbnail wp-image-531\" alt=\"500_____ga35_97\" src=\"http:\/\/grandissons.org\/wp-content\/uploads\/2014\/03\/500_____ga35_97-150x150.jpg\" width=\"150\" height=\"150\" \/><\/a><\/td>\n<\/tr>\n<tr>\n<td height=\"20\">n\u00b036 : Famille et pollution<a href=\"http:\/\/www.grandirautrement.com\/fr\/magazine-numero-36-version-pdf.html\" target=\"_blank\"><img decoding=\"async\" loading=\"lazy\" class=\"alignleft size-thumbnail wp-image-559\" alt=\"500_____couv-36_154\" src=\"http:\/\/grandissons.org\/wp-content\/uploads\/2014\/03\/500_____couv-36_154-150x150.jpg\" width=\"150\" height=\"150\" srcset=\"https:\/\/grandissons.org\/wp-content\/uploads\/2014\/03\/500_____couv-36_154-150x150.jpg 150w, https:\/\/grandissons.org\/wp-content\/uploads\/2014\/03\/500_____couv-36_154-200x200.jpg 200w\" sizes=\"(max-width: 150px) 100vw, 150px\" \/><\/a><\/td>\n<\/tr>\n<tr>\n<td height=\"20\">n\u00b037 : Diffuser le maternage<a href=\"http:\/\/www.grandirautrement.com\/fr\/113-versions-numeriques-magazine-numero-37.html\" target=\"_blank\"><img decoding=\"async\" loading=\"lazy\" class=\"size-thumbnail wp-image-518 alignleft\" alt=\"500_____gacouv37jpg_143\" src=\"http:\/\/grandissons.org\/wp-content\/uploads\/2014\/03\/500_____gacouv37jpg_143-150x150.jpg\" width=\"150\" height=\"150\" \/><\/a><\/td>\n<\/tr>\n<tr>\n<td height=\"20\">n\u00b039 : Vivre avec des allergies et des intol\u00e9rances<a href=\"http:\/\/www.grandirautrement.com\/fr\/132-versions-numeriques-magazine-numero-39.html\" target=\"_blank\"><img decoding=\"async\" loading=\"lazy\" class=\"alignleft size-thumbnail wp-image-532\" alt=\"500_____ga39-couv_188\" src=\"http:\/\/grandissons.org\/wp-content\/uploads\/2014\/03\/500_____ga39-couv_188-150x150.jpg\" width=\"150\" height=\"150\" \/><\/a><\/td>\n<\/tr>\n<tr>\n<td height=\"20\">n\u00b040 : Voyager en famille<a href=\"http:\/\/www.grandirautrement.com\/fr\/140-bimestriels-magazine-numero-40.html\" target=\"_blank\"><img decoding=\"async\" loading=\"lazy\" class=\"alignleft size-thumbnail wp-image-533\" alt=\"500_____ga40-couv-petit_192\" src=\"http:\/\/grandissons.org\/wp-content\/uploads\/2014\/03\/500_____ga40-couv-petit_192-150x150.jpg\" width=\"150\" height=\"150\" \/><\/a><\/td>\n<\/tr>\n<tr>\n<td height=\"20\">n\u00b042 : La fratrie<a href=\"http:\/\/www.grandirautrement.com\/fr\/144-bimestriels-magazine-numero-42.html\" target=\"_blank\"><img decoding=\"async\" loading=\"lazy\" class=\"alignleft size-thumbnail wp-image-524\" alt=\"500_____couv-42-cb_198\" src=\"http:\/\/grandissons.org\/wp-content\/uploads\/2014\/03\/500_____couv-42-cb_198-150x150.jpg\" width=\"150\" height=\"150\" \/><\/a><\/td>\n<\/tr>\n<tr>\n<td height=\"20\">n\u00b043 : F\u00eater No\u00ebl autrement<a href=\"http:\/\/www.grandirautrement.com\/fr\/161-bimestriels-magazine-numero-43.html\" target=\"_blank\"><img decoding=\"async\" loading=\"lazy\" class=\"size-thumbnail wp-image-519 alignleft\" alt=\"200_____couv-43_231\" src=\"http:\/\/grandissons.org\/wp-content\/uploads\/2014\/03\/200_____couv-43_231-150x150.jpg\" width=\"150\" height=\"150\" srcset=\"https:\/\/grandissons.org\/wp-content\/uploads\/2014\/03\/200_____couv-43_231-150x150.jpg 150w, https:\/\/grandissons.org\/wp-content\/uploads\/2014\/03\/200_____couv-43_231-200x200.jpg 200w\" sizes=\"(max-width: 150px) 100vw, 150px\" \/><\/a><\/td>\n<\/tr>\n<tr>\n<td height=\"20\">n\u00b044 : La sant\u00e9 des femmes : une (re)conqu\u00eate post-f\u00e9ministe<a href=\"http:\/\/www.grandirautrement.com\/fr\/versions-numeriques-magazine-numero-44.html\" target=\"_blank\"><img decoding=\"async\" loading=\"lazy\" class=\"alignleft size-thumbnail wp-image-525\" alt=\"500_____couv44_240\" src=\"http:\/\/grandissons.org\/wp-content\/uploads\/2014\/03\/500_____couv44_240-150x150.jpg\" width=\"150\" height=\"150\" \/><\/a><\/td>\n<\/tr>\n<tr>\n<td height=\"20\">n\u00b045 : La violence \u00e9ducative ordinaire<a href=\"http:\/\/www.grandirautrement.com\/fr\/versions-numeriques-magazine-numero-45.html\" target=\"_blank\"><img decoding=\"async\" loading=\"lazy\" class=\"alignleft size-thumbnail wp-image-530\" alt=\"500_____ga_45_couv-petit_256\" src=\"http:\/\/grandissons.org\/wp-content\/uploads\/2014\/03\/500_____ga_45_couv-petit_256-150x150.jpg\" width=\"150\" height=\"150\" \/><\/a><\/td>\n<\/tr>\n<tr>\n<td height=\"20\"><span style=\"text-decoration: underline;\">Les hors-s\u00e9ries<\/span><\/td>\n<\/tr>\n<tr>\n<td height=\"20\">Hors-s\u00e9rie n\u00b04 : Vers une alimentation consciente<a href=\"http:\/\/www.grandirautrement.com\/fr\/magazine-hors-serie-numero-4-vers-une-alimentation-consciente.html\" target=\"_blank\"><img decoding=\"async\" loading=\"lazy\" class=\"alignleft size-thumbnail wp-image-562\" alt=\"500_____couverture-hs4_49\" src=\"http:\/\/grandissons.org\/wp-content\/uploads\/2014\/03\/500_____couverture-hs4_49-150x150.jpg\" width=\"150\" height=\"150\" \/><\/a><\/td>\n<\/tr>\n<tr>\n<td height=\"20\">Hors-s\u00e9rie n\u00b05 : Faire garder son enfant : ce qui \u00e9volue<a href=\"http:\/\/www.grandirautrement.com\/fr\/magazine-hors-serie-numero-5-faire-garder-son-enfant.html\" target=\"_blank\"><img decoding=\"async\" loading=\"lazy\" class=\"alignleft size-thumbnail wp-image-563\" alt=\"500_____couverture-hs5_50\" src=\"http:\/\/grandissons.org\/wp-content\/uploads\/2014\/03\/500_____couverture-hs5_50-150x150.jpg\" width=\"150\" height=\"150\" \/><\/a><\/td>\n<\/tr>\n<tr>\n<td height=\"20\">Hors-s\u00e9rie n\u00b07 : Le sommeil<a href=\"http:\/\/www.grandirautrement.com\/fr\/magazine-hors-serie-numero-7-version-numerique.html\" target=\"_blank\"><img decoding=\"async\" loading=\"lazy\" class=\"alignleft size-thumbnail wp-image-607\" alt=\"500_____couverture-hs7_159\" src=\"http:\/\/grandissons.org\/wp-content\/uploads\/2014\/03\/500_____couverture-hs7_159-150x150.jpg\" width=\"150\" height=\"150\" \/><\/a><\/td>\n<\/tr>\n<\/tbody>\n<\/table>\n<p><span style=\"line-height: 1.5em;\">\u00a0<\/span><\/p>\n","protected":false},"excerpt":{"rendered":"<p>(Un grand merci \u00e0 C\u00e9cile pour sa contribution \u00e0 notre biblioth\u00e8que !) &nbsp; n\u00b010 : Les nouveaux parents au foyer n\u00b011 : Comment sont fabriqu\u00e9s les v\u00eatements de nos enfants n\u00b012 : Adoption et maternage n\u00b013 : Contraception : g\u00e9rer sa fertilit\u00e9 naturellement n\u00b014 : Le massage : un plaisir \u00e0 savourer \u00e0 tout \u00e2ge &#8230;<span class=\"read-more\"><a href=\"https:\/\/grandissons.org\/?page_id=517\">>>Read more<\/a><\/span><\/p>\n","protected":false},"author":1,"featured_media":0,"parent":546,"menu_order":0,"comment_status":"open","ping_status":"open","template":"","meta":{"footnotes":""},"_links":{"self":[{"href":"https:\/\/grandissons.org\/index.php?rest_route=\/wp\/v2\/pages\/517"}],"collection":[{"href":"https:\/\/grandissons.org\/index.php?rest_route=\/wp\/v2\/pages"}],"about":[{"href":"https:\/\/grandissons.org\/index.php?rest_route=\/wp\/v2\/types\/page"}],"author":[{"embeddable":true,"href":"https:\/\/grandissons.org\/index.php?rest_route=\/wp\/v2\/users\/1"}],"replies":[{"embeddable":true,"href":"https:\/\/grandissons.org\/index.php?rest_route=%2Fwp%2Fv2%2Fcomments&post=517"}],"version-history":[{"count":37,"href":"https:\/\/grandissons.org\/index.php?rest_route=\/wp\/v2\/pages\/517\/revisions"}],"predecessor-version":[{"id":619,"href":"https:\/\/grandissons.org\/index.php?rest_route=\/wp\/v2\/pages\/517\/revisions\/619"}],"up":[{"embeddable":true,"href":"https:\/\/grandissons.org\/index.php?rest_route=\/wp\/v2\/pages\/546"}],"wp:attachment":[{"href":"https:\/\/grandissons.org\/index.php?rest_route=%2Fwp%2Fv2%2Fmedia&parent=517"}],"curies":[{"name":"wp","href":"https:\/\/api.w.org\/{rel}","templated":true}]}}