{"id":507,"date":"2014-03-18T16:37:41","date_gmt":"2014-03-18T15:37:41","guid":{"rendered":"http:\/\/grandissons.org\/?page_id=507"},"modified":"2019-04-15T18:02:33","modified_gmt":"2019-04-15T17:02:33","slug":"nos-articles-de-a-a-z","status":"publish","type":"page","link":"https:\/\/grandissons.org\/?page_id=507","title":{"rendered":"Nos articles de A \u00e0 Z"},"content":{"rendered":"<p><a href=\"https:\/\/grandissons.org\/?p=2496\">1 an d\u2019ECHO<\/a><\/p>\n<p><a href=\"https:\/\/grandissons.org\/?p=2648\">Accoucher sous le t\u00e9l\u00e9ph\u00e9rique<\/a><\/p>\n<p><a href=\"https:\/\/grandissons.org\/?p=2708\">(L\u2019)alphabet et le dessin de bonbons<\/a><\/p>\n<p><a href=\"https:\/\/grandissons.org\/?p=2802\">Appel \u00e0 contributions<\/a><\/p>\n<p><a href=\"https:\/\/grandissons.org\/?p=889\">Auteur pour enfants, Kevin Henkes<\/a><\/p>\n<p><a href=\"https:\/\/grandissons.org\/?p=3163\">(De) belles sorties \u00e0 Nice avec son tout-petit<\/a><\/p>\n<p><a href=\"https:\/\/grandissons.org\/?p=1587\">Bisous dodo de Djeco<\/a><\/p>\n<p><a href=\"https:\/\/grandissons.org\/?p=2690\">\u00c7a marche !<\/a><\/p>\n<p><a title=\"Caresse la cheville, et le b\u00e9b\u00e9 s\u2019endormira !\" href=\"http:\/\/grandissons.org\/?p=369\" target=\"_blank\" rel=\"noopener noreferrer\"><span style=\"line-height: 1.5em;\">Caresse la cheville, et le b\u00e9b\u00e9 s\u2019endormira !<\/span><\/a><\/p>\n<p><a href=\"https:\/\/grandissons.org\/?p=2824\">Cartographe<\/a><\/p>\n<p><a title=\"Casse-t\u00eate sur l\u2019appuie-t\u00eate\" href=\"http:\/\/grandissons.org\/?p=405\" target=\"_blank\" rel=\"noopener noreferrer\">Casse-t\u00eate sur l\u2019appuie-t\u00eate<\/a><\/p>\n<p><a href=\"https:\/\/grandissons.org\/?p=2431\">Cerveau rose, cerveau bleu<\/a><\/p>\n<p><a href=\"https:\/\/grandissons.org\/?p=2661\">Chute libre, une naissance respect\u00e9e<\/a><\/p>\n<p><a href=\"https:\/\/grandissons.org\/?p=2022\">Compte-rendu de la conf\u00e9rence de Carlos Gonz\u00e1lez sur l\u2019alimentation<\/a><\/p>\n<p><a href=\"https:\/\/grandissons.org\/?p=2170\">Compte-rendu de la conf\u00e9rence de Carlos Gonz\u00e1lez sur l\u2019autorit\u00e9<\/a><\/p>\n<p><a href=\"https:\/\/grandissons.org\/?p=796\">Compte-rendu de la conf\u00e9rence d\u2019Isabelle Filliozat<\/a><\/p>\n<p><a href=\"https:\/\/grandissons.org\/?p=841\">Compte-rendu de la conf\u00e9rence d\u2019Olivier Maurel<\/a><\/p>\n<p><a href=\"https:\/\/grandissons.org\/?p=1703\">Compte-rendu de la Semaine des Langues<\/a><\/p>\n<p><a title=\"Compte-rendu du premier tH\u00e9-bilingue\" href=\"http:\/\/grandissons.org\/?p=390\" target=\"_blank\" rel=\"noopener noreferrer\">Compte-rendu du premier tH\u00e9-bilingue<\/a><\/p>\n<p><a href=\"https:\/\/grandissons.org\/?p=733\">Compte-rendu premier APPEL italien<\/a><\/p>\n<p><a href=\"https:\/\/grandissons.org\/?p=1278\">(Le) Concept du Continuum<\/a><\/p>\n<p><a href=\"https:\/\/grandissons.org\/?p=1106\">(Les) cordonniers sont toujours les plus mal chauss\u00e9s<\/a><\/p>\n<p><a href=\"https:\/\/grandissons.org\/?p=3367\">D\u00e9couvrir une langue en famille : les ECHO reprennent !<\/a><\/p>\n<p><a href=\"https:\/\/grandissons.org\/?p=3448\">(La) diversification men\u00e9e par l\u2019enfant<\/a><\/p>\n<p><a title=\"Documentaire \u00ab Si j\u2019aurais su\u2026 je serais n\u00e9 en Su\u00e8de ! \u00bb\" href=\"http:\/\/grandissons.org\/?p=270\" target=\"_blank\" rel=\"noopener noreferrer\">Documentaire \u00ab Si j\u2019aurais su\u2026 je serais n\u00e9 en Su\u00e8de ! \u00bb<\/a><\/p>\n<p><a href=\"https:\/\/grandissons.org\/?p=3147\">(La) douloureuse r\u00e9alit\u00e9 de la d\u00e9pression pr\u00e9natale<\/a><\/p>\n<p><a href=\"https:\/\/grandissons.org\/?p=1979\">(L\u2019)\u00e9ducation bienveillante<\/a><\/p>\n<p><a title=\"Les \u00e9charpes de portage, c\u2019est comme les camping-cars\" href=\"http:\/\/grandissons.org\/?p=130\" target=\"_blank\" rel=\"noopener noreferrer\">(Les) \u00e9charpes de portage, c\u2019est comme les camping-cars<\/a><\/p>\n<p><a href=\"https:\/\/grandissons.org\/?p=1329\">En fait\u2026 tu n\u2019en auras pas besoin<\/a><\/p>\n<p><a href=\"https:\/\/grandissons.org\/?p=2267\">(L\u2019)enfant dans la migration : apprendre le fran\u00e7ais, communiquer en fran\u00e7ais<\/a><\/p>\n<p><a href=\"https:\/\/grandissons.org\/?p=1258\">Entre 1 et 13200<\/a><\/p>\n<p><a href=\"https:\/\/grandissons.org\/?p=2851\">Entrevue : praticienne hypnonaissance<\/a><\/p>\n<p><a href=\"https:\/\/grandissons.org\/?p=971\">(Se) faire op\u00e9rer du sein en cours d\u2019allaitement ? Oui, c\u2019est possible !<\/a><\/p>\n<p><a href=\"https:\/\/grandissons.org\/?p=3185\">(La) fess\u00e9e : un \u00e9trange d\u00e9bat<\/a><\/p>\n<p><a href=\"https:\/\/grandissons.org\/?p=2401\">(Le) Front Commun<\/a><\/p>\n<p><a href=\"https:\/\/grandissons.org\/?p=1238\">(Le) grand test de l\u2019\u00e9t\u00e9 : dis-moi quel parent tu es, je te dirai la m\u00e9t\u00e9o des plages<\/a><\/p>\n<p><a href=\"https:\/\/grandissons.org\/?p=1926\">Grandissons visite le mus\u00e9e Mundolingua \u00e0 Paris<\/a><\/p>\n<p><a title=\"Des gu\u00eatres de portage\" href=\"http:\/\/grandissons.org\/?p=294\" target=\"_blank\" rel=\"noopener noreferrer\">(Des) gu\u00eatres de portage<\/a><\/p>\n<p><a href=\"https:\/\/grandissons.org\/?p=1738\">(Des) histoires de pandas<\/a><\/p>\n<p><a href=\"https:\/\/grandissons.org\/?p=2681\">(L\u2019)hygi\u00e8ne naturelle infantile (HNI)\u2026 voil\u00e0 pourquoi et comment on a fait !<\/a><\/p>\n<p><a title=\"Id\u00e9es allum\u00e9es pour parents curieux\" href=\"http:\/\/grandissons.org\/?p=350\" target=\"_blank\" rel=\"noopener noreferrer\">Id\u00e9es allum\u00e9es pour parents curieux<\/a><\/p>\n<p><a href=\"https:\/\/grandissons.org\/?p=1540\">Janusz Korczak\u2026<\/a><\/p>\n<p><a title=\"\u00ab\u00a0J\u2019ai tout essay\u00e9 !\u00a0\u00bb : le livre d\u2019Isabelle Filliozat\" href=\"http:\/\/grandissons.org\/?p=445\" target=\"_blank\" rel=\"noopener noreferrer\">\u00ab\u00a0J\u2019ai tout essay\u00e9 !\u00a0\u00bb : le livre d\u2019Isabelle Filliozat<\/a><\/p>\n<p><a href=\"https:\/\/grandissons.org\/?p=833\">Je ne frappe pas ma fille<\/a><\/p>\n<p><a href=\"https:\/\/grandissons.org\/?p=2275\">Justifier cris et punitions<\/a><\/p>\n<p><a title=\"Les jouets pr\u00e9f\u00e9r\u00e9s du moment\" href=\"http:\/\/grandissons.org\/?p=260\" target=\"_blank\" rel=\"noopener noreferrer\">(Les) jouets pr\u00e9f\u00e9r\u00e9s du moment<\/a><\/p>\n<p><a href=\"https:\/\/grandissons.org\/?p=1556\">(Les) jouets pr\u00e9f\u00e9r\u00e9s du moment (2)<\/a><\/p>\n<p><a href=\"https:\/\/grandissons.org\/?p=3002\">(Le) jour o\u00f9 j\u2019ai eu envie de parler de mon regard positif sur la parentalit\u00e9 du m\u00eame nom<\/a><\/p>\n<p><a href=\"https:\/\/grandissons.org\/?p=2807\">(De la) libert\u00e9 d\u2019aimer la Reine des Neiges<\/a><\/p>\n<p><a href=\"https:\/\/grandissons.org\/?p=3062\">(Le) libre grandir et la responsabilit\u00e9 parentale<\/a><\/p>\n<p><a href=\"https:\/\/grandissons.org\/?p=1901\">(Les) mandalas de fruits<\/a><\/p>\n<p><a href=\"https:\/\/grandissons.org\/?p=3240\">Matelas et coques<\/a><\/p>\n<p><a href=\"https:\/\/grandissons.org\/?p=1729\">(Mes) meilleurs achats !<\/a><\/p>\n<p><a title=\"La m\u00e9thode kangourou et ses effets \u00e0 long terme\" href=\"http:\/\/grandissons.org\/?p=356\" target=\"_blank\" rel=\"noopener noreferrer\">(La) m\u00e9thode kangourou et ses effets \u00e0 long terme<\/a><\/p>\n<p><a href=\"https:\/\/grandissons.org\/?p=1513\">Mode d\u2019emploi de Petit \u00c9cureuil<\/a><\/p>\n<p><a href=\"https:\/\/grandissons.org\/?p=2697\">(Ta) naissance<\/a><\/p>\n<p><a href=\"https:\/\/grandissons.org\/?p=1024\">Naissance (po\u00e8me)<\/a><\/p>\n<p><a href=\"https:\/\/grandissons.org\/?p=1044\">Naissance \u00e0 la maison de Lucie<\/a><\/p>\n<p><a href=\"https:\/\/grandissons.org\/?p=983\">(Une) naissance dans la jungle<\/a><\/p>\n<p><a href=\"https:\/\/grandissons.org\/?p=1844\">(Les) nouvelles recommandations sur l\u2019usage de la bromocriptine dans l\u2019inhibition de la lactation<\/a><\/p>\n<p><a href=\"https:\/\/grandissons.org\/?p=1070\">O-Liste-t\u00e2ches<\/a><\/p>\n<p><a href=\"https:\/\/grandissons.org\/?p=3111\">Partage d\u2019exp\u00e9riences, ou comment l\u2019on peut faire confiance \u00e0 nos enfants<\/a><\/p>\n<p><a href=\"https:\/\/grandissons.org\/?p=1140\">(La) p\u00e2te \u00e0 patouille<\/a><\/p>\n<p><a href=\"https:\/\/grandissons.org\/?p=1809\">Peindre !<\/a><\/p>\n<p><a href=\"https:\/\/grandissons.org\/?p=2420\">(Les) perles d\u2019eau<\/a><\/p>\n<p><a href=\"https:\/\/grandissons.org\/?p=1957\">Petites dents<\/a><\/p>\n<p><a href=\"https:\/\/grandissons.org\/?p=1100\">(Les) pleurs des enfants<\/a><\/p>\n<p><a href=\"https:\/\/grandissons.org\/?p=1121\">(La) pomme rouge<\/a><\/p>\n<p><a href=\"https:\/\/grandissons.org\/?p=908\">(Nos trois) porte-b\u00e9b\u00e9s, ou comment se reposer les bras en gardant b\u00e9b\u00e9 pr\u00e8s de soi<\/a><\/p>\n<p><a href=\"https:\/\/grandissons.org\/?p=2620\">Premi\u00e8re Nuit<\/a><\/p>\n<p><a title=\"Le premier tH\u00e9-bilingue !\" href=\"http:\/\/grandissons.org\/?p=326\" target=\"_blank\" rel=\"noopener noreferrer\">(Le) premier tH\u00e9-bilingue !<\/a><\/p>\n<p><a title=\"Pourquoi demander un c\u00e2lin quand les carottes br\u00fblent\" href=\"http:\/\/grandissons.org\/?p=163\" target=\"_blank\" rel=\"noopener noreferrer\">Pourquoi demander un c\u00e2lin quand les carottes br\u00fblent<\/a><\/p>\n<p><a href=\"https:\/\/grandissons.org\/?p=3326\">Pr\u00e9sentation d\u2019Alexandra<\/a><\/p>\n<p><a href=\"https:\/\/grandissons.org\/?p=3319\">Pr\u00e9sentation de Kristel<\/a><\/p>\n<p><a href=\"https:\/\/grandissons.org\/?p=2880\">Prot\u00e9geons nos enfants en voiture<\/a><\/p>\n<p><a href=\"https:\/\/grandissons.org\/?p=2390\">Quand j\u2019\u00e9tais petit\u2026 je n\u2019\u00e9tais pas grand<\/a><\/p>\n<p><a href=\"https:\/\/grandissons.org\/?p=2584\">Quelques outils pour faire face aux col\u00e8res des 2-3 ans<\/a><\/p>\n<p><a href=\"https:\/\/grandissons.org\/?p=1804\">Qu\u2019est-ce que la parentalit\u00e9 positive ?<\/a><\/p>\n<p><a href=\"https:\/\/grandissons.org\/?p=1630\">(Les) r\u00e9flexes \u00e9ducatifs<\/a><\/p>\n<p><a href=\"https:\/\/grandissons.org\/?p=2255\">Retours sur la 12\u00e8me Journ\u00e9e de la Non-Violence \u00c9ducative<\/a><\/p>\n<p><a href=\"https:\/\/grandissons.org\/?p=2483\">(Le) sac-en-l\u2019air<\/a><\/p>\n<p><a title=\"Un sandwich \u00e0 la t\u00e9t\u00e9e\" href=\"http:\/\/grandissons.org\/?p=45\" target=\"_blank\" rel=\"noopener noreferrer\">(Un) sandwich \u00e0 la t\u00e9t\u00e9e<\/a><\/p>\n<p><a href=\"https:\/\/grandissons.org\/?p=3500\">(Le) second enfant, agrandir la fratrie<\/a><\/p>\n<p><a href=\"https:\/\/grandissons.org\/?p=1170\">(La) s\u00e9lection de livres jeunesse d\u2019Ariane<\/a><\/p>\n<p><a href=\"https:\/\/grandissons.org\/?p=1383\">(La) semaine des langues<\/a><\/p>\n<p><a href=\"https:\/\/grandissons.org\/?p=929\">(La) Semaine Mondiale de l\u2019Accouchement Respect\u00e9 (SMAR) en 2014 chez Grandissons<\/a><\/p>\n<p><a href=\"https:\/\/grandissons.org\/?p=996\">(La) SMAR en 140 caract\u00e8res<\/a><\/p>\n<p><a href=\"https:\/\/grandissons.org\/?p=2985\">Sucette et allaitement, une exp\u00e9rience personnelle<\/a><\/p>\n<p><a href=\"https:\/\/grandissons.org\/?p=2906\">(Le) Tableau Blanc de Marine<\/a><\/p>\n<p><a href=\"https:\/\/grandissons.org\/?p=2511\">(Un) Th\u00e9-multilingue international<\/a><\/p>\n<p><a href=\"https:\/\/grandissons.org\/?p=753\">(Dans les) transports<\/a><\/p>\n<p><a title=\"Le vent dans les langues\" href=\"http:\/\/grandissons.org\/?p=503\" target=\"_blank\" rel=\"noopener noreferrer\">(Le) vent dans les langues<\/a><\/p>\n<p><a href=\"https:\/\/grandissons.org\/?p=2954\">Vers la nuit<\/a><\/p>\n<p><a href=\"https:\/\/grandissons.org\/?p=1686\">(Les) v\u0153ux de Grandissons\u2026 2015<\/a><\/p>\n<p><a href=\"https:\/\/grandissons.org\/?p=2547\">(Les) v\u0153ux de Grandissons 2016<\/a><\/p>\n<p><a title=\"Voeux de naissance\" href=\"http:\/\/grandissons.org\/?p=54\" target=\"_blank\" rel=\"noopener noreferrer\">V\u0153ux de naissance<\/a><\/p>\n","protected":false},"excerpt":{"rendered":"<p>1 an d\u2019ECHO Accoucher sous le t\u00e9l\u00e9ph\u00e9rique (L\u2019)alphabet et le dessin de bonbons Appel \u00e0 contributions Auteur pour enfants, Kevin Henkes (De) belles sorties \u00e0 Nice avec son tout-petit Bisous dodo de Djeco \u00c7a marche ! Caresse la cheville, et le b\u00e9b\u00e9 s\u2019endormira ! Cartographe Casse-t\u00eate sur l\u2019appuie-t\u00eate Cerveau rose, cerveau bleu Chute libre, une &#8230;<span class=\"read-more\"><a href=\"https:\/\/grandissons.org\/?page_id=507\">>>Read more<\/a><\/span><\/p>\n","protected":false},"author":1,"featured_media":0,"parent":212,"menu_order":0,"comment_status":"open","ping_status":"open","template":"","meta":{"footnotes":""},"_links":{"self":[{"href":"https:\/\/grandissons.org\/index.php?rest_route=\/wp\/v2\/pages\/507"}],"collection":[{"href":"https:\/\/grandissons.org\/index.php?rest_route=\/wp\/v2\/pages"}],"about":[{"href":"https:\/\/grandissons.org\/index.php?rest_route=\/wp\/v2\/types\/page"}],"author":[{"embeddable":true,"href":"https:\/\/grandissons.org\/index.php?rest_route=\/wp\/v2\/users\/1"}],"replies":[{"embeddable":true,"href":"https:\/\/grandissons.org\/index.php?rest_route=%2Fwp%2Fv2%2Fcomments&post=507"}],"version-history":[{"count":55,"href":"https:\/\/grandissons.org\/index.php?rest_route=\/wp\/v2\/pages\/507\/revisions"}],"predecessor-version":[{"id":3603,"href":"https:\/\/grandissons.org\/index.php?rest_route=\/wp\/v2\/pages\/507\/revisions\/3603"}],"up":[{"embeddable":true,"href":"https:\/\/grandissons.org\/index.php?rest_route=\/wp\/v2\/pages\/212"}],"wp:attachment":[{"href":"https:\/\/grandissons.org\/index.php?rest_route=%2Fwp%2Fv2%2Fmedia&parent=507"}],"curies":[{"name":"wp","href":"https:\/\/api.w.org\/{rel}","templated":true}]}}