{"id":497,"date":"2021-10-12T00:17:00","date_gmt":"2021-10-11T23:17:00","guid":{"rendered":"http:\/\/grandissons.org\/?page_id=497"},"modified":"2021-11-04T18:03:25","modified_gmt":"2021-11-04T17:03:25","slug":"papotons-le-cafe-des-parents","status":"publish","type":"page","link":"https:\/\/grandissons.org\/?page_id=497","title":{"rendered":"Papotons : le caf\u00e9 des parents"},"content":{"rendered":"<p>L&rsquo;association vous propose un <strong>caf\u00e9 des parents \u00e0<\/strong><strong>\u00a0Cagnes<\/strong> une fois par mois ! Rendez-vous\u00a0 une fois par mois, le samedi de 10 \u00e0 12h.<\/p>\n<p style=\"text-align: left;\">Ne manquez plus aucun rendez-vous en consultant\u00a0<a href=\"http:\/\/grandissons.org\/?post_type=tribe_events\" target=\"_blank\" rel=\"noopener noreferrer\"><strong>notre agenda<\/strong><\/a>.<\/p>\n<p>Vous pouvez vous inscrire en nous\u00a0<a href=\"mailto:grandissons@free.fr\" target=\"_blank\" rel=\"noopener noreferrer\">envoyant un mail<\/a>\u00a0ou en vous connectant sur <a href=\"https:\/\/www.facebook.com\/grandissons.asso\" target=\"_blank\" rel=\"noopener noreferrer\">l&rsquo;\u00e9v\u00e9nement f<\/a>b ou par t\u00e9l\u00e9phone au 07 82 91 10 45 ou 06 63 29 07 45 (lieu virtuel ou distanciel indiqu\u00e9 sur demande avant chaque rencontre).<\/p>\n<p>Prochaines dates : 16 octobre 2021, 20 novembre, 18 d\u00e9cembre ,<\/p>\n<p>15 janvier 2022, 19 f\u00e9vier, 19 mars, 16 avril, 21 mai, 18 juin.<\/p>\n<p><a href=\"http:\/\/grandissons.org\/wp-content\/uploads\/2015\/11\/demi_affiche_papotons.jpg\"><img decoding=\"async\" loading=\"lazy\" class=\"aligncenter size-full wp-image-2452\" src=\"http:\/\/grandissons.org\/wp-content\/uploads\/2015\/11\/demi_affiche_papotons.jpg\" alt=\"demi_affiche_papotons\" width=\"607\" height=\"588\" srcset=\"https:\/\/grandissons.org\/wp-content\/uploads\/2015\/11\/demi_affiche_papotons.jpg 607w, https:\/\/grandissons.org\/wp-content\/uploads\/2015\/11\/demi_affiche_papotons-300x291.jpg 300w, https:\/\/grandissons.org\/wp-content\/uploads\/2015\/11\/demi_affiche_papotons-36x36.jpg 36w, https:\/\/grandissons.org\/wp-content\/uploads\/2015\/11\/demi_affiche_papotons-133x129.jpg 133w\" sizes=\"(max-width: 607px) 100vw, 607px\" \/><\/a><\/p>\n","protected":false},"excerpt":{"rendered":"<p>L&rsquo;association vous propose un caf\u00e9 des parents \u00e0\u00a0Cagnes une fois par mois ! Rendez-vous\u00a0 une fois par mois, le samedi de 10 \u00e0 12h. Ne manquez plus aucun rendez-vous en consultant\u00a0notre agenda. Vous pouvez vous inscrire en nous\u00a0envoyant un mail\u00a0ou en vous connectant sur l&rsquo;\u00e9v\u00e9nement fb ou par t\u00e9l\u00e9phone au 07 82 91 10 45 &#8230;<span class=\"read-more\"><a href=\"https:\/\/grandissons.org\/?page_id=497\">>>Read more<\/a><\/span><\/p>\n","protected":false},"author":1,"featured_media":0,"parent":2623,"menu_order":0,"comment_status":"open","ping_status":"open","template":"","meta":{"footnotes":""},"_links":{"self":[{"href":"https:\/\/grandissons.org\/index.php?rest_route=\/wp\/v2\/pages\/497"}],"collection":[{"href":"https:\/\/grandissons.org\/index.php?rest_route=\/wp\/v2\/pages"}],"about":[{"href":"https:\/\/grandissons.org\/index.php?rest_route=\/wp\/v2\/types\/page"}],"author":[{"embeddable":true,"href":"https:\/\/grandissons.org\/index.php?rest_route=\/wp\/v2\/users\/1"}],"replies":[{"embeddable":true,"href":"https:\/\/grandissons.org\/index.php?rest_route=%2Fwp%2Fv2%2Fcomments&post=497"}],"version-history":[{"count":20,"href":"https:\/\/grandissons.org\/index.php?rest_route=\/wp\/v2\/pages\/497\/revisions"}],"predecessor-version":[{"id":4190,"href":"https:\/\/grandissons.org\/index.php?rest_route=\/wp\/v2\/pages\/497\/revisions\/4190"}],"up":[{"embeddable":true,"href":"https:\/\/grandissons.org\/index.php?rest_route=\/wp\/v2\/pages\/2623"}],"wp:attachment":[{"href":"https:\/\/grandissons.org\/index.php?rest_route=%2Fwp%2Fv2%2Fmedia&parent=497"}],"curies":[{"name":"wp","href":"https:\/\/api.w.org\/{rel}","templated":true}]}}