{"id":4168,"date":"2023-10-05T19:10:23","date_gmt":"2023-10-05T17:10:23","guid":{"rendered":"https:\/\/grandissons.org\/?page_id=4168"},"modified":"2023-10-05T19:10:23","modified_gmt":"2023-10-05T17:10:23","slug":"ecrivons-latelier-decriture-des-parents","status":"publish","type":"page","link":"https:\/\/grandissons.org\/?page_id=4168","title":{"rendered":"Ecrivons : l&rsquo;atelier d&rsquo;\u00e9criture des parents"},"content":{"rendered":"\n<p><em>Provisoirement en pause : contactez-nous si l&rsquo;id\u00e9e vous pla\u00eet ! <\/em><\/p>\n\n\n\n<p>En petit groupe, partageons une heure autour de nos stylos !<\/p>\n\n\n\n<p><strong>Objectif<\/strong>&nbsp;: s\u2019amuser et laisser \u00e9chapper toutes les pens\u00e9es qui nous tournent dans la t\u00eate.<\/p>\n\n\n<div class=\"wp-block-image\">\n<figure class=\"aligncenter\"><a href=\"https:\/\/grandissons.org\/wp-content\/uploads\/2021\/03\/Ecriture-Grandissons.jpeg\"><img decoding=\"async\" loading=\"lazy\" width=\"150\" height=\"150\" src=\"https:\/\/grandissons.org\/wp-content\/uploads\/2021\/03\/Ecriture-Grandissons-150x150.jpeg\" alt=\"\" class=\"wp-image-3978\" srcset=\"https:\/\/grandissons.org\/wp-content\/uploads\/2021\/03\/Ecriture-Grandissons-150x150.jpeg 150w, https:\/\/grandissons.org\/wp-content\/uploads\/2021\/03\/Ecriture-Grandissons-36x36.jpeg 36w\" sizes=\"(max-width: 150px) 100vw, 150px\" \/><\/a><\/figure><\/div>\n\n\n<p>Deux \u00e0 trois th\u00e8mes sont lanc\u00e9s successivement.<\/p>\n\n\n\n<p>Chacun r\u00e9dige son texte.<\/p>\n\n\n\n<p>Les participants lisent leur texte au groupe \u00e0 tour de r\u00f4le, et \u00e9coutent les autres.<\/p>\n","protected":false},"excerpt":{"rendered":"<p>Provisoirement en pause : contactez-nous si l&rsquo;id\u00e9e vous pla\u00eet ! En petit groupe, partageons une heure autour de nos stylos ! Objectif&nbsp;: s\u2019amuser et laisser \u00e9chapper toutes les pens\u00e9es qui nous tournent dans la t\u00eate. Deux \u00e0 trois th\u00e8mes sont lanc\u00e9s successivement. Chacun r\u00e9dige son texte. Les participants lisent leur texte au groupe \u00e0 tour &#8230;<span class=\"read-more\"><a href=\"https:\/\/grandissons.org\/?page_id=4168\">>>Read more<\/a><\/span><\/p>\n","protected":false},"author":1,"featured_media":0,"parent":1397,"menu_order":1,"comment_status":"closed","ping_status":"closed","template":"","meta":{"footnotes":""},"_links":{"self":[{"href":"https:\/\/grandissons.org\/index.php?rest_route=\/wp\/v2\/pages\/4168"}],"collection":[{"href":"https:\/\/grandissons.org\/index.php?rest_route=\/wp\/v2\/pages"}],"about":[{"href":"https:\/\/grandissons.org\/index.php?rest_route=\/wp\/v2\/types\/page"}],"author":[{"embeddable":true,"href":"https:\/\/grandissons.org\/index.php?rest_route=\/wp\/v2\/users\/1"}],"replies":[{"embeddable":true,"href":"https:\/\/grandissons.org\/index.php?rest_route=%2Fwp%2Fv2%2Fcomments&post=4168"}],"version-history":[{"count":3,"href":"https:\/\/grandissons.org\/index.php?rest_route=\/wp\/v2\/pages\/4168\/revisions"}],"predecessor-version":[{"id":4385,"href":"https:\/\/grandissons.org\/index.php?rest_route=\/wp\/v2\/pages\/4168\/revisions\/4385"}],"up":[{"embeddable":true,"href":"https:\/\/grandissons.org\/index.php?rest_route=\/wp\/v2\/pages\/1397"}],"wp:attachment":[{"href":"https:\/\/grandissons.org\/index.php?rest_route=%2Fwp%2Fv2%2Fmedia&parent=4168"}],"curies":[{"name":"wp","href":"https:\/\/api.w.org\/{rel}","templated":true}]}}