{"id":4152,"date":"2021-10-12T10:56:27","date_gmt":"2021-10-12T09:56:27","guid":{"rendered":"https:\/\/grandissons.org\/?page_id=4152"},"modified":"2021-11-04T18:13:09","modified_gmt":"2021-11-04T17:13:09","slug":"papotons-le-cafe-des-parents","status":"publish","type":"page","link":"https:\/\/grandissons.org\/?page_id=4152","title":{"rendered":"Papotons : le caf\u00e9 des parents"},"content":{"rendered":"<p>Tous les mois, formez un petit groupe de parents d&rsquo;enfants de tous \u00e2ges pour vous r\u00e9unir autour d&rsquo;un moment convivial : \u00e9changes, questionnements, dans un espace d\u00e9di\u00e9 \u00e0 l&rsquo;\u00e9coute et au partage.<\/p>\n<p>Pr\u00e9sentiel ou virtuel, plus d&rsquo;informations :<br \/>\n&#8211; par mail \u00e0 grandissons@yahoo.com<br \/>\n&#8211; t\u00e9l\u00e9phone au 0782911045 ou 0663290745.<\/p>\n","protected":false},"excerpt":{"rendered":"<p>Tous les mois, formez un petit groupe de parents d&rsquo;enfants de tous \u00e2ges pour vous r\u00e9unir autour d&rsquo;un moment convivial : \u00e9changes, questionnements, dans un espace d\u00e9di\u00e9 \u00e0 l&rsquo;\u00e9coute et au partage. Pr\u00e9sentiel ou virtuel, plus d&rsquo;informations : &#8211; par mail \u00e0 grandissons@yahoo.com &#8211; t\u00e9l\u00e9phone au 0782911045 ou 0663290745.<\/p>\n","protected":false},"author":1,"featured_media":4156,"parent":497,"menu_order":0,"comment_status":"closed","ping_status":"closed","template":"","meta":{"footnotes":""},"_links":{"self":[{"href":"https:\/\/grandissons.org\/index.php?rest_route=\/wp\/v2\/pages\/4152"}],"collection":[{"href":"https:\/\/grandissons.org\/index.php?rest_route=\/wp\/v2\/pages"}],"about":[{"href":"https:\/\/grandissons.org\/index.php?rest_route=\/wp\/v2\/types\/page"}],"author":[{"embeddable":true,"href":"https:\/\/grandissons.org\/index.php?rest_route=\/wp\/v2\/users\/1"}],"replies":[{"embeddable":true,"href":"https:\/\/grandissons.org\/index.php?rest_route=%2Fwp%2Fv2%2Fcomments&post=4152"}],"version-history":[{"count":3,"href":"https:\/\/grandissons.org\/index.php?rest_route=\/wp\/v2\/pages\/4152\/revisions"}],"predecessor-version":[{"id":4193,"href":"https:\/\/grandissons.org\/index.php?rest_route=\/wp\/v2\/pages\/4152\/revisions\/4193"}],"up":[{"embeddable":true,"href":"https:\/\/grandissons.org\/index.php?rest_route=\/wp\/v2\/pages\/497"}],"wp:featuredmedia":[{"embeddable":true,"href":"https:\/\/grandissons.org\/index.php?rest_route=\/wp\/v2\/media\/4156"}],"wp:attachment":[{"href":"https:\/\/grandissons.org\/index.php?rest_route=%2Fwp%2Fv2%2Fmedia&parent=4152"}],"curies":[{"name":"wp","href":"https:\/\/api.w.org\/{rel}","templated":true}]}}