{"id":408,"date":"2019-02-02T20:32:14","date_gmt":"2019-02-02T19:32:14","guid":{"rendered":"http:\/\/grandissons.org\/?page_id=408"},"modified":"2019-02-03T20:14:17","modified_gmt":"2019-02-03T19:14:17","slug":"les-appel","status":"publish","type":"page","link":"https:\/\/grandissons.org\/?page_id=408","title":{"rendered":"les APPEL"},"content":{"rendered":"<p><em>Qu&rsquo;est-ce que c&rsquo;est ?<\/em><\/p>\n<p><strong>APPEL <\/strong>pour \u00ab<strong>\u00a0Ateliers Polyculturels entre Parents, Enfants et Langues\u00a0<\/strong>\u00bb<\/p>\n<p style=\"text-align: justify;\">Ce sont des espaces ayant pour but de regrouper 3 \u00e0 4 familles ayant une langue commune et de les aider \u00e0 organiser quelques activit\u00e9s afin d&rsquo;offrir aux enfants un lieu et des interlocuteurs suppl\u00e9mentaires pour pratiquer leur langue minoritaire, ainsi qu&rsquo;un lieu d&rsquo;\u00e9change et de pratique de la langue pour les parents.<\/p>\n<p style=\"text-align: justify;\">Plusieurs familles hispanophones, anglophones et italophones ont d&rsquo;ores et d\u00e9j\u00e0 r\u00e9pondu pr\u00e9sentes pour participer \u00e0 l&rsquo;<a href=\"http:\/\/grandissons.org\/?page_id=2225\" target=\"_blank\" rel=\"noopener\"><strong>english-APPEL<\/strong><\/a>, l&rsquo;<a title=\"APPEL-espagnol\" href=\"http:\/\/grandissons.org\/?page_id=651\" target=\"_blank\" rel=\"noopener\"><strong>APPEL-espanol<\/strong><\/a>\u00a0et l&rsquo;<a title=\"APPEL-italien\" href=\"http:\/\/grandissons.org\/?page_id=660\" target=\"_blank\" rel=\"noopener\"><strong>APPEL-italiano<\/strong><\/a>.<\/p>\n<p style=\"text-align: justify;\"><span style=\"line-height: 1.5em;\">Quelle que soit votre langue, <a href=\"mailto:grandissons@free.fr\">contactez-nous<\/a>\u00a0si vous \u00eates int\u00e9ress\u00e9s !\u00a0D\u00e8s que deux ou trois familles de m\u00eame langue se seront manifest\u00e9es, nous les mettront en contact et les aiderons \u00e0 organiser leurs APPEL.\u00a0<\/span><\/p>\n<p>&nbsp;<\/p>\n<p><a href=\"http:\/\/grandissons.org\/wp-content\/uploads\/2014\/02\/P1020378.jpg\"><img decoding=\"async\" loading=\"lazy\" class=\"aligncenter size-medium wp-image-512\" src=\"http:\/\/grandissons.org\/wp-content\/uploads\/2014\/02\/P1020378-224x300.jpg\" alt=\"P1020378\" width=\"224\" height=\"300\" srcset=\"https:\/\/grandissons.org\/wp-content\/uploads\/2014\/02\/P1020378-224x300.jpg 224w, https:\/\/grandissons.org\/wp-content\/uploads\/2014\/02\/P1020378-768x1024.jpg 768w, https:\/\/grandissons.org\/wp-content\/uploads\/2014\/02\/P1020378.jpg 1773w\" sizes=\"(max-width: 224px) 100vw, 224px\" \/><\/a><\/p>\n","protected":false},"excerpt":{"rendered":"<p>Qu&rsquo;est-ce que c&rsquo;est ? APPEL pour \u00ab\u00a0Ateliers Polyculturels entre Parents, Enfants et Langues\u00a0\u00bb Ce sont des espaces ayant pour but de regrouper 3 \u00e0 4 familles ayant une langue commune et de les aider \u00e0 organiser quelques activit\u00e9s afin d&rsquo;offrir aux enfants un lieu et des interlocuteurs suppl\u00e9mentaires pour pratiquer leur langue minoritaire, ainsi qu&rsquo;un &#8230;<span class=\"read-more\"><a href=\"https:\/\/grandissons.org\/?page_id=408\">>>Read more<\/a><\/span><\/p>\n","protected":false},"author":1,"featured_media":0,"parent":148,"menu_order":0,"comment_status":"open","ping_status":"open","template":"","meta":{"footnotes":""},"_links":{"self":[{"href":"https:\/\/grandissons.org\/index.php?rest_route=\/wp\/v2\/pages\/408"}],"collection":[{"href":"https:\/\/grandissons.org\/index.php?rest_route=\/wp\/v2\/pages"}],"about":[{"href":"https:\/\/grandissons.org\/index.php?rest_route=\/wp\/v2\/types\/page"}],"author":[{"embeddable":true,"href":"https:\/\/grandissons.org\/index.php?rest_route=\/wp\/v2\/users\/1"}],"replies":[{"embeddable":true,"href":"https:\/\/grandissons.org\/index.php?rest_route=%2Fwp%2Fv2%2Fcomments&post=408"}],"version-history":[{"count":10,"href":"https:\/\/grandissons.org\/index.php?rest_route=\/wp\/v2\/pages\/408\/revisions"}],"predecessor-version":[{"id":3466,"href":"https:\/\/grandissons.org\/index.php?rest_route=\/wp\/v2\/pages\/408\/revisions\/3466"}],"up":[{"embeddable":true,"href":"https:\/\/grandissons.org\/index.php?rest_route=\/wp\/v2\/pages\/148"}],"wp:attachment":[{"href":"https:\/\/grandissons.org\/index.php?rest_route=%2Fwp%2Fv2%2Fmedia&parent=408"}],"curies":[{"name":"wp","href":"https:\/\/api.w.org\/{rel}","templated":true}]}}