{"id":3895,"date":"2021-10-04T11:20:00","date_gmt":"2021-10-04T10:20:00","guid":{"rendered":"https:\/\/grandissons.org\/?page_id=3895"},"modified":"2021-10-05T11:13:54","modified_gmt":"2021-10-05T10:13:54","slug":"qui-sommes-nous","status":"publish","type":"page","link":"https:\/\/grandissons.org\/?page_id=3895","title":{"rendered":"Qui sommes-nous ?"},"content":{"rendered":"\n<blockquote class=\"wp-block-quote\"><p><em>Grandissons <\/em>est une association loi 1901, \u00e0 but non lucratif, de soutien \u00e0 la parentalit\u00e9. Elle est n\u00e9e en d\u00e9cembre 2013 sous l&rsquo;impulsion de trois mamans qui ont rapidement eu besoin d&rsquo;\u00e9changer sur les difficult\u00e9s et les joies de la parentalit\u00e9. Avec cette simple constatation qu&rsquo;ensemble tout est plus facile, plus joyeux et que nous grandissons avec nos enfants.<br>Ses objectifs sont le soutien, l&rsquo;information et le partage sur la grossesse, l&rsquo;accouchement, l&rsquo;allaitement, le portage, l\u2019\u00e9ducation non-violente et la communication.<br><em>Grandissons <\/em>organise des caf\u00e9s des parents, des ateliers parents-enfants, des conf\u00e9rences et des manifestations, notamment li\u00e9es \u00e0 des journ\u00e9es d\u00e9di\u00e9es (Journ\u00e9e de la Non-Violence \u00c9ducative, Semaine Mondiale de l&rsquo;Accouchement Respect\u00e9, Semaine Mondiale de l&rsquo;Allaitement Maternel, Semaine du Portage, etc.).<\/p><\/blockquote>\n\n\n\n<p><strong><span class=\"has-inline-color has-vivid-red-color\">Histoire<\/span><\/strong><\/p>\n\n\n\n<p>C\u2019est par un jour pluvieux \u00e0 Nice qu\u2019est n\u00e9e <em>Grandissons<\/em>, la petite association qui nous trottait dans la t\u00eate depuis un moment d\u00e9j\u00e0.<\/p>\n\n\n\n<p>La voil\u00e0 donc, en ce 20 d\u00e9cembre 2013 nouvelle-n\u00e9e, toute petite et faible encore, mais d\u00e9j\u00e0 pleine d\u2019objectifs et en recherche de nouveaux membres pour l\u2019aider \u00e0 grandir.<\/p>\n\n\n\n<p>Nous \u00e9tions alors les trois mamans de trois petites filles \u00e2g\u00e9es de 15 \u00e0 20 mois, qui n&rsquo;ont pas manqu\u00e9 de grandir avec l&rsquo;association, et m\u00eame d&rsquo;avoir des fr\u00e8res et s\u0153urs. Aupr\u00e8s d&rsquo;eux et de leurs papas, nous avons d\u00e9couvert le parentage proximal, puis la parentalit\u00e9 cr\u00e9ative, la communication bienveillante, et surtout le quotidien&#8230; et nous avons aussi vu comme cela n\u2019est pas toujours facile, demande de l\u2019\u00e9nergie, du temps, des informations, du soutien, du partage.<\/p>\n\n\n\n<p>C\u2019est pour cela que nous avons voulu cr\u00e9er la petite <em>Grandissons<\/em>, et c&rsquo;est pour cela que nous avons \u00e0 c\u0153ur que son action perdure. <\/p>\n\n\n\n<p><strong><span class=\"has-inline-color has-vivid-red-color\">Objectifs<\/span><\/strong><\/p>\n\n\n\n<p>\u00c0 travers elle, nous souhaitons parler avec vous de <strong>grossesse, de parentage proximal, d\u2019allaitement, de portage, d\u2019\u00e9ducation et de communication non-violente<\/strong>.<\/p>\n\n\n\n<p>Nous organisons, port\u00e9es par les propositions et l&rsquo;\u00e9nergie d&rsquo;autres parents, des ateliers permettant des <strong>rencontres et des \u00e9changes<\/strong> entre parents et enfants venus de partout, par exemple de la peinture, de la lecture, des sorties, de la musique, du langage\u2026<\/p>\n\n\n\n<p>Nous proposons des s\u00e9ances d\u2019information et d\u2019\u00e9change, des <strong>caf\u00e9s-parents<\/strong> sur des sujets ayant trait \u00e0 la parentalit\u00e9 et \u00e0 la communication, des r\u00e9unions sur l&rsquo;allaitement, des rencontres Parlons Naissance pour \u00e9changer sur les projets n\u00e9s autour de la grossesse en vue d&rsquo;un accouchement respect\u00e9.<\/p>\n\n\n\n<p>Nous avons aussi longtemps organis\u00e9 aussi des ateliers parents-enfants pour permettre de d\u00e9couvrir en famille de nouvelles langues et cultures (ECHO), ainsi que des rencontres pour familles pluriculturelles et plurilingues.<\/p>\n\n\n\n<p>Durant ces deux derni\u00e8res ann\u00e9es, nous avons \u00e9galement propos\u00e9 des \u00e9v\u00e9nements virtuels, tels que des ateliers d&rsquo;\u00e9criture pour parents, des rencontres entre grands-parents, et des caf\u00e9s parents. <\/p>\n\n\n\n<p><strong><span class=\"has-inline-color has-vivid-red-color\">AdH\u00e9rents<\/span><\/strong><\/p>\n\n\n\n<p><em>Grandissons<\/em> est par essence ouverte \u00e0 tous. Faites-la connaitre&nbsp;: tous les parents ont quelque chose \u00e0 y trouver et quelque chose \u00e0 lui offrir, et c\u2019est votre diversit\u00e9 qui la fera grandir&nbsp;!<\/p>\n\n\n\n<p>Par ailleurs, quelques fonds sont toujours n\u00e9cessaires \u00e0 la croissance\u2026<\/p>\n\n\n\n<p>C\u2019est pour cela que nous proposons une <a href=\"http:\/\/grandissons.org\/?page_id=17\" target=\"_blank\" rel=\"noreferrer noopener\">adh\u00e9sion<\/a> de base \u00e0 6\u20ac, qui vous permet de soutenir <em>Grandissons<\/em>, de recevoir sa lettre d\u2019information, de participer aux activit\u00e9s &nbsp;qu\u2019elle proposera et d\u2019\u00eatre membres actifs de cette belle aventure.<\/p>\n\n\n\n<p>Une cotisation de 15\u20ac vous est aussi propos\u00e9e, qui vous donnera de plus acc\u00e8s \u00e0 <a href=\"http:\/\/grandissons.org\/?page_id=15\" target=\"_blank\" rel=\"noreferrer noopener\">notre biblioth\u00e8que<\/a> de livres et magazines ayant trait \u00e0 la parentalit\u00e9.<\/p>\n\n\n\n<p>Vous pouvez \u00e9galement faire un don libre \u00e0 l\u2019association, ou en devenir membre bienfaiteur.<\/p>\n\n\n\n<p><strong><span class=\"has-inline-color has-vivid-red-color\">Membres fondatrices<\/span><\/strong><\/p>\n\n\n\n<p><span class=\"has-inline-color has-luminous-vivid-orange-color\">Je m\u2019appelle Lise et je suis orthophoniste de formation. Mais je d\u00e9laisse depuis plusieurs ann\u00e9es mon m\u00e9tier ador\u00e9 pour quelque chose d\u2019encore plus important&nbsp;: ma Stella, n\u00e9e en septembre 2012, franco-italienne, qui a cr\u00e9e de nouvelles vocations&nbsp;: allaiter, porter, c\u00e2liner, jouer, discuter\u2026 et son petit fr\u00e8re Livio, venu la rejoindre en janvier 2016, puis notre d\u00e9part en expatriation. Le parcours de maman est merveilleux, mais parfois compliqu\u00e9, et je crois que le fait de pouvoir \u00e9changer avec d\u2019autres parents est primordial pour y r\u00e9ussir dans le plaisir. <\/span><\/p>\n\n\n\n<p><span class=\"has-inline-color has-vivid-green-cyan-color\">Je suis Fr\u00e9d\u00e9rique, maman d&rsquo; Avril qui est n\u00e9e en avril 2012 et de qui je prends soin depuis sa naissance, du mieux que je peux. Avant d\u2019\u00eatre parents, son papa et moi avions des principes et des id\u00e9es bien pr\u00e9cises sur la fa\u00e7on dont nous voulions \u00e9lever notre enfant, mais quand Avril est n\u00e9e beaucoup de choses ont chang\u00e9, \u00e0 commencer par le cododo, qui est quelques chose que ne n&rsquo;envisageais pas et que je trouvais m\u00eame fou !<\/span><\/p>\n\n\n\n<p><span class=\"has-inline-color has-vivid-green-cyan-color\">Je suis une maman de 20 mois qui a rencontr\u00e9 le parentage proximal avec l&rsquo;allaitement long, le portage, les massages de b\u00e9b\u00e9&#8230;, d\u00e9couvert l\u2019\u00e9ducation non violente que j&rsquo;essaie de mettre en pratique.<\/span><\/p>\n\n\n\n<p><span class=\"has-inline-color has-vivid-green-cyan-color\">J&rsquo;ai appris en \u00ab\u00a0grandissant maman\u00a0\u00bb, qu&rsquo;un b\u00e9b\u00e9 est une petite personne qui a des besoins qu&rsquo;il faut essayer de satisfaire de son mieux, qu&rsquo;un enfant a des rythmes, a des \u00e9motions. Ce sont des choses que je ne savais pas avant d\u2019\u00eatre parent, j&rsquo;ai appris de mes propres observations et exp\u00e9riences, mais aussi beaucoup gr\u00e2ce aux \u00e9changes que j&rsquo;ai pu avoir avec d&rsquo;autres parents.<\/span><\/p>\n\n\n\n<p><span class=\"has-inline-color has-vivid-green-cyan-color\">Pour moi les \u00e9changes et le soutien entre parents est tr\u00e8s important, c&rsquo;est pourquoi j&rsquo;ai eu envie de me lancer avec Lise et Marie dans l&rsquo;aventure <em>Grandissons<\/em>.<\/span><\/p>\n\n\n\n<p><span class=\"has-inline-color has-vivid-purple-color\">Je m&rsquo;appelle Marie et suis l&rsquo;heureuse maman de Mathilde. La naissance de ma fille a tout \u00e0 fait r\u00e9volutionn\u00e9 mon existence ! Dans une vie pr\u00e9c\u00e9dente, je pensais qu&rsquo;il \u00e9tait simple de faire garder son enfant pendant qu&rsquo;on reprennait rapidement le travail, qu&rsquo;il nous faudrait absolument une chambre sp\u00e9cialement pour elle et mille choses de pu\u00e9riculture.&nbsp;Bon, bien \u00e9videmment, c&rsquo;\u00e9tait de dr\u00f4les d&rsquo;id\u00e9es ! Je sais aujoud&rsquo;hui que m\u00eame en ayant trouv\u00e9 un mode de garde ad\u00e9quat pour ma fille, je n&rsquo;aurais pas pu retravailler tout de suite. Nous \u00e9tions accroch\u00e9es et il aurait fallu \u00eatre tr\u00e8s brutal pour nous s\u00e9parer&#8230; J&rsquo;ai donc appris, avec elle surtout (quel guide !), avec mes livres, avec la LLL et mes amies rencontr\u00e9es l\u00e0-bas ce qu&rsquo;\u00e9tait, en vrai, d&rsquo;\u00eatre parent. <\/span><\/p>\n\n\n\n<p><span class=\"has-inline-color has-vivid-purple-color\">Pour moi aujourd&rsquo;hui, \u00eatre parent, c&rsquo;est chercher, tous les jours, la meilleure mani\u00e8re de vivre ensemble, d&rsquo;accompagner au mieux nos enfants pour qu&rsquo;ils puissent devenir de beaux humains, autonomes et heureux et de profiter de la merveilleuse \u00e9nergie de l&rsquo;enfance pour grandir nous aussi. Notre association est n\u00e9e de cette id\u00e9e qu&rsquo;il est hors de question de vivre sans nos enfants (ils et elles doivent \u00eatre les bienvenu.e.s avec nous) et que la vie est bien plus facile lorsque l&rsquo;on partage (des id\u00e9es, un th\u00e9, du temps) avec d&rsquo;autres. Alors : cherchons ensemble et <em>grandissons<\/em> !<\/span><\/p>\n\n\n\n<div class=\"wp-block-image\"><figure class=\"aligncenter\"><a href=\"http:\/\/grandissons.org\/wp-content\/uploads\/2014\/01\/P1100635.jpg\"><img decoding=\"async\" loading=\"lazy\" width=\"252\" height=\"300\" src=\"http:\/\/grandissons.org\/wp-content\/uploads\/2014\/01\/P1100635-252x300.jpg\" alt=\"P1100635\" class=\"wp-image-161\" srcset=\"https:\/\/grandissons.org\/wp-content\/uploads\/2014\/01\/P1100635-252x300.jpg 252w, https:\/\/grandissons.org\/wp-content\/uploads\/2014\/01\/P1100635-863x1024.jpg 863w, https:\/\/grandissons.org\/wp-content\/uploads\/2014\/01\/P1100635.jpg 1938w\" sizes=\"(max-width: 252px) 100vw, 252px\" \/><\/a><\/figure><\/div>\n\n\n\n<p><span class=\"has-inline-color has-pale-pink-color\">Je suis Alexandra, d\u2019origine roumaine et maman heureuse d\u2019un petit gar\u00e7on qui s\u2019appelle Edouard. Passionn\u00e9e par le monde de la petite enfance, m\u00eame avant d\u2019\u00eatre maman ,je me suis dipl\u00f4m\u00e9e en tant qu\u2019auxiliaire de pu\u00e9riculture. Ouverte d\u2019esprit et qui adore papoter:); Grandissons m\u2019a permis de rencontrer des parents avec qui j\u2019ai pu \u00e9changer sur la parentalit\u00e9 bienveillante, l\u2019allaitement, le portage physiologique et le bilinguisme.<\/span><\/p>\n\n\n\n<p><span class=\"has-inline-color has-vivid-cyan-blue-color\">Moi, c\u2019est Kristel, la maman d\u2019\u00c9milie, n\u00e9e en septembre 2006 et de Cl\u00e9ment, n\u00e9 en ao\u00fbt 2013. J\u2019ai d\u00e9couvert Grandissons et tout ce qui va avec au tout d\u00e9but de l\u2019association, lorsque mon petit deuxi\u00e8me avait quelques mois \u00e0 peine. Gr\u00e2ce \u00e0 toutes les rencontres faites \u00e0 partir de ce jour de Grande T\u00e9t\u00e9e, j\u2019ai d\u00e9couvert un nouvel univers (le mot n\u2019est pas trop fort) qui m\u2019a permis de profiter pleinement de mon r\u00f4le de maman. Jusque l\u00e0, j\u2019avais trop \u00e9touff\u00e9 mon ressenti, persuad\u00e9e que les autres, les parents \u00ab&nbsp;confirm\u00e9s&nbsp;\u00bb, les professionnels de sant\u00e9, savaient mieux que moi quels \u00e9taient les bons choix. Maintenant, je sais qu\u2019il n\u2019y a pas de bons choix, mais qu\u2019il y a mes choix&nbsp;: ceux qui me font \u00e9couter les besoins de mes enfants, ceux encourag\u00e9s par mon intuition. Cl\u00e9ment a plus profit\u00e9 du maternage proximal que sa grande s\u0153ur&nbsp;: cododo, portage, langage des signes, DME, allaitement (tr\u00e8s) long\u2026 Mais elle profite quand m\u00eame de ces d\u00e9couvertes, ne serait-ce que pour l\u2019exemple, mais surtout parce que je suis plus \u00e0 l\u2019\u00e9coute de ses \u00e9motions et de ses sentiments, que j\u2019accueille avec bienveillance et que je respecte. Alors, vive le partage, les \u00e9changes et les d\u00e9couvertes&nbsp;! Et vive les enfants&nbsp;! On a tellement \u00e0 apprendre d\u2019eux\u2026<\/span><\/p>\n\n\n\n<p><\/p>\n\n\n\n<p><strong>NB : Avertissement au lecteur :&nbsp;<a rel=\"noreferrer noopener\" href=\"http:\/\/grandissons.org\/?p=350\" target=\"_blank\">Id\u00e9es allum\u00e9es pour parents curieux<\/a>&nbsp;(par Lise)<\/strong><\/p>\n\n\n\n<blockquote class=\"wp-block-quote\"><p>Tous les articles pr\u00e9sents dans ce blog, et certains th\u00e8mes propos\u00e9s eux-m\u00eames pourront surprendre, interpeller, agacer, choquer, horrifier certains lecteurs. Non seulement certaines id\u00e9es que nous pr\u00e9sentons sortent des sentiers battus, mais en plus, il nous arrive (oh&nbsp;! bien malgr\u00e9 nous&nbsp;!) de tirer vers l\u2019ironie, la critique, voire la provocation&nbsp;! Il y a l\u00e0 de quoi rebuter certains, nous l\u2019admettons tout en le regrettant d\u2019ores et d\u00e9j\u00e0.<\/p><p>\u00d4, lecteur dont les sourcils se l\u00e8vent jusqu\u2019\u00e0 la racine des cheveux en lisant certaines de nos phrases, ne passe pas ton chemin, je te prie. Entends que le but premier de notre association est d\u2019informer sur les alternatives possibles \u00e0 \u00ab&nbsp;ce que l\u2019on voit partout et que l\u2019on a toujours connu&nbsp;\u00bb. Forc\u00e9ment, cela bouscule un peu. Nous le savons tr\u00e8s bien, puisque nous aussi, en ayant vent pour les premi\u00e8res fois de certaines de ces id\u00e9es (\u00ab&nbsp;allaiter apr\u00e8s six mois&nbsp;? Porter apr\u00e8s qu\u2019il marche&nbsp;? Donner des morceaux \u00e0 manger \u00e0 un tout petit&nbsp;?! Mais voil\u00e0 bien des id\u00e9es d\u2019allum\u00e9s un peu extr\u00e9mistes qui veulent se d\u00e9marquer \u00e0 tout prix&nbsp;!&nbsp;\u00bb), avouons-le, nous avons quelquefois tressailli.<\/p><p>Notre but, d\u2019ailleurs, n\u2019est en aucun cas d\u2019ass\u00e9ner une v\u00e9rit\u00e9 absolue (\u00ab&nbsp;nous avons raison, point-barre\u00bb), mais de faire conna\u00eetre ces alternatives qui, une fois observ\u00e9es plusieurs fois chez d\u2019autres puis test\u00e9es avec succ\u00e8s et plaisir chez nous,&nbsp; ont fini par nous s\u00e9duire. Maintenant que vous en savez un peu plus sur le sujet, libre \u00e0 vous de vous renseigner davantage, et m\u00eame de chercher des contre-arguments \u00e0 ce que nous avan\u00e7ons. Ce sera m\u00eame parfait. Car ce que nous souhaitons avant tout, c\u2019est que tous les parents soient suffisamment inform\u00e9s pour agir avec leurs enfants en connaissance de cause, parce que c\u2019est leur choix, parce que v\u00e9ritablement ils pensent que c\u2019est ce qu\u2019il y a de mieux, et parce qu\u2019ils savent comment le faire, et non parce qu\u2019ils ne connaissent pas d\u2019autre option m\u00eame si \u00e7a marche mal. En effet, si un homme averti en vaut deux, alors deux parents avertis\u2026 en valent\u2026 bref, faites le calcul&nbsp;!<\/p><p>Une fois, donc, que, fort de vos recherches, vous \u00eates pr\u00eat \u00e0 argumenter vos d\u00e9cisions, prises parce qu\u2019elles vous convainquent et que vous les pensez bonnes pour votre enfant, sentez-vous libre de venir r\u00e9agir en nous faisant profiter de vos commentaires\u2026 l\u2019humour restant de mise m\u00eame dans les conclusions les plus contradictoire&nbsp;!<\/p><p>En vous souhaitant une bonne lecture, de belles d\u00e9couvertes, et de nouveaux \u00e9clairages&nbsp;!<\/p><\/blockquote>\n","protected":false},"excerpt":{"rendered":"<p>Grandissons est une association loi 1901, \u00e0 but non lucratif, de soutien \u00e0 la parentalit\u00e9. Elle est n\u00e9e en d\u00e9cembre 2013 sous l&rsquo;impulsion de trois mamans qui ont rapidement eu besoin d&rsquo;\u00e9changer sur les difficult\u00e9s et les joies de la parentalit\u00e9. Avec cette simple constatation qu&rsquo;ensemble tout est plus facile, plus joyeux et que nous &#8230;<span class=\"read-more\"><a href=\"https:\/\/grandissons.org\/?page_id=3895\">>>Read more<\/a><\/span><\/p>\n","protected":false},"author":1,"featured_media":0,"parent":4,"menu_order":0,"comment_status":"closed","ping_status":"closed","template":"","meta":{"footnotes":""},"_links":{"self":[{"href":"https:\/\/grandissons.org\/index.php?rest_route=\/wp\/v2\/pages\/3895"}],"collection":[{"href":"https:\/\/grandissons.org\/index.php?rest_route=\/wp\/v2\/pages"}],"about":[{"href":"https:\/\/grandissons.org\/index.php?rest_route=\/wp\/v2\/types\/page"}],"author":[{"embeddable":true,"href":"https:\/\/grandissons.org\/index.php?rest_route=\/wp\/v2\/users\/1"}],"replies":[{"embeddable":true,"href":"https:\/\/grandissons.org\/index.php?rest_route=%2Fwp%2Fv2%2Fcomments&post=3895"}],"version-history":[{"count":4,"href":"https:\/\/grandissons.org\/index.php?rest_route=\/wp\/v2\/pages\/3895\/revisions"}],"predecessor-version":[{"id":4113,"href":"https:\/\/grandissons.org\/index.php?rest_route=\/wp\/v2\/pages\/3895\/revisions\/4113"}],"up":[{"embeddable":true,"href":"https:\/\/grandissons.org\/index.php?rest_route=\/wp\/v2\/pages\/4"}],"wp:attachment":[{"href":"https:\/\/grandissons.org\/index.php?rest_route=%2Fwp%2Fv2%2Fmedia&parent=3895"}],"curies":[{"name":"wp","href":"https:\/\/api.w.org\/{rel}","templated":true}]}}