{"id":3604,"date":"2019-04-21T20:02:13","date_gmt":"2019-04-21T19:02:13","guid":{"rendered":"https:\/\/grandissons.org\/?page_id=3604"},"modified":"2019-04-21T20:06:51","modified_gmt":"2019-04-21T19:06:51","slug":"la-parentalite-positive-appliquee-comment-faire-dans-la-vraie-vie-avec-des-vrais-enfants","status":"publish","type":"page","link":"https:\/\/grandissons.org\/?page_id=3604","title":{"rendered":"La parentalit\u00e9 positive appliqu\u00e9e : comment faire dans la vraie vie avec des vrais enfants ?"},"content":{"rendered":"\n<p><strong>A l\u2019occasion de la Journ\u00e9e de la Non-Violence \u00c9ducative, le 30 avril 2019 \u00e0 20h, \u00e0 Cagnes-sur-Mer, l\u2019association de soutien \u00e0 la parentalit\u00e9 Grandissons propose une conf\u00e9rence pr\u00e9sent\u00e9e par une coach parentale, apportant des cl\u00e9s concr\u00e8tes pour tous les parents : comment faire dans la vraie vie avec de vrais enfants ? <\/strong><\/p>\n\n\n\n<p><em>Cette conf\u00e9rence offre aux parents des r\u00e9ponses claires \u00e0 cette question primordiale qui se pose si souvent : comment appliquer la parentalit\u00e9 positive sans faillir \u00e0 sa responsabilit\u00e9 parentale, et sera suivie d\u2019un moment d\u2019\u00e9changes entre les participants.<\/em><\/p>\n\n\n\n<div class=\"wp-block-image\"><figure class=\"aligncenter\"><img decoding=\"async\" loading=\"lazy\" width=\"215\" height=\"300\" src=\"https:\/\/grandissons.org\/wp-content\/uploads\/2019\/04\/LA-PARENTALITE-POSITIVE-APPLIQUEE-page-001-215x300.jpg\" alt=\"\" class=\"wp-image-3607\" srcset=\"https:\/\/grandissons.org\/wp-content\/uploads\/2019\/04\/LA-PARENTALITE-POSITIVE-APPLIQUEE-page-001-215x300.jpg 215w, https:\/\/grandissons.org\/wp-content\/uploads\/2019\/04\/LA-PARENTALITE-POSITIVE-APPLIQUEE-page-001-768x1070.jpg 768w, https:\/\/grandissons.org\/wp-content\/uploads\/2019\/04\/LA-PARENTALITE-POSITIVE-APPLIQUEE-page-001-735x1024.jpg 735w, https:\/\/grandissons.org\/wp-content\/uploads\/2019\/04\/LA-PARENTALITE-POSITIVE-APPLIQUEE-page-001-133x185.jpg 133w, https:\/\/grandissons.org\/wp-content\/uploads\/2019\/04\/LA-PARENTALITE-POSITIVE-APPLIQUEE-page-001.jpg 1311w\" sizes=\"(max-width: 215px) 100vw, 215px\" \/><\/figure><\/div>\n\n\n\n<p><br>Vicky Brougiannaki, Coach Parentale (<a href=\"https:\/\/www.facebook.com\/CoachParentale06\/\">https:\/\/www.facebook.com\/CoachParentale06\/<\/a>) form\u00e9e par Isabelle Filliozat, propose des points de rep\u00e8re pr\u00e9cis pour mieux cerner ce qui rel\u00e8ve de la responsabilit\u00e9 parentale. Elle met ses comp\u00e9tence en oeuvre pour aider les parents \u00e0 red\u00e9finir cette notion de bienveillance afin de mieux comprendre comment \u00e9lever ses enfants sans rapports de force, tout en assumant notre r\u00f4le de parent.<br><br><br><\/p>\n\n\n\n<p>Public&nbsp;: Pour tous les parents ou les personnes en relation avec des enfants<\/p>\n\n\n\n<p>Lieu&nbsp;: Cagnes-sur-Mer, Espace centre, 5 avenue de Verdun<\/p>\n\n\n\n<p>Date&nbsp;: Le mardi 30 avril (journ\u00e9e de la non-violence \u00e9ducative), de 20h \u00e0 21h30 (conf\u00e9rence + \u00e9changes)<\/p>\n\n\n\n<p>Tarif : 8\u20ac (5\u20ac pour les adh\u00e9rent.e.s). R\u00e9servation possible sur HelloAsso (lien dans l\u2019\u00e9v\u00e9nement fb ou sur notre site internet)<\/p>\n\n\n\n<p>Partenaire&nbsp;: Ville de Cagnes-sur-Mer<\/p>\n\n\n\n<p>Liens vers l\u2019\u00e9v\u00e9nement&nbsp;: <a href=\"https:\/\/grandissons.org\/?tribe_events=conference-la-parentalite-positive-appliquee\">https:\/\/grandissons.org\/?tribe_events=conference-la-parentalite-positive-appliquee<\/a> <a href=\"https:\/\/www.facebook.com\/events\/802089720158962\/\">https:\/\/www.facebook.com\/events\/802089720158962\/<\/a>Contact&nbsp;: <a href=\"mailto:grandissons@yahoo.com\">grandissons@yaho<\/a>o.com, Fr\u00e9d\u00e9rique 06 64 21 08 58\n\n<\/p>\n","protected":false},"excerpt":{"rendered":"<p>A l\u2019occasion de la Journ\u00e9e de la Non-Violence \u00c9ducative, le 30 avril 2019 \u00e0 20h, \u00e0 Cagnes-sur-Mer, l\u2019association de soutien \u00e0 la parentalit\u00e9 Grandissons propose une conf\u00e9rence pr\u00e9sent\u00e9e par une coach parentale, apportant des cl\u00e9s concr\u00e8tes pour tous les parents : comment faire dans la vraie vie avec de vrais enfants ? Cette conf\u00e9rence offre &#8230;<span class=\"read-more\"><a href=\"https:\/\/grandissons.org\/?page_id=3604\">>>Read more<\/a><\/span><\/p>\n","protected":false},"author":1,"featured_media":3517,"parent":1817,"menu_order":1,"comment_status":"open","ping_status":"closed","template":"","meta":{"footnotes":""},"_links":{"self":[{"href":"https:\/\/grandissons.org\/index.php?rest_route=\/wp\/v2\/pages\/3604"}],"collection":[{"href":"https:\/\/grandissons.org\/index.php?rest_route=\/wp\/v2\/pages"}],"about":[{"href":"https:\/\/grandissons.org\/index.php?rest_route=\/wp\/v2\/types\/page"}],"author":[{"embeddable":true,"href":"https:\/\/grandissons.org\/index.php?rest_route=\/wp\/v2\/users\/1"}],"replies":[{"embeddable":true,"href":"https:\/\/grandissons.org\/index.php?rest_route=%2Fwp%2Fv2%2Fcomments&post=3604"}],"version-history":[{"count":4,"href":"https:\/\/grandissons.org\/index.php?rest_route=\/wp\/v2\/pages\/3604\/revisions"}],"predecessor-version":[{"id":3609,"href":"https:\/\/grandissons.org\/index.php?rest_route=\/wp\/v2\/pages\/3604\/revisions\/3609"}],"up":[{"embeddable":true,"href":"https:\/\/grandissons.org\/index.php?rest_route=\/wp\/v2\/pages\/1817"}],"wp:featuredmedia":[{"embeddable":true,"href":"https:\/\/grandissons.org\/index.php?rest_route=\/wp\/v2\/media\/3517"}],"wp:attachment":[{"href":"https:\/\/grandissons.org\/index.php?rest_route=%2Fwp%2Fv2%2Fmedia&parent=3604"}],"curies":[{"name":"wp","href":"https:\/\/api.w.org\/{rel}","templated":true}]}}