{"id":3534,"date":"2023-10-05T19:11:10","date_gmt":"2023-10-05T17:11:10","guid":{"rendered":"https:\/\/grandissons.org\/?page_id=3534"},"modified":"2023-10-05T19:11:10","modified_gmt":"2023-10-05T17:11:10","slug":"conversons-entre-meres-de-deux-enfants-et-plus","status":"publish","type":"page","link":"https:\/\/grandissons.org\/?page_id=3534","title":{"rendered":"Conversons entre m\u00e8res de deux enfants et plus"},"content":{"rendered":"<div class=\"wp-block-image\">\n<figure class=\"aligncenter is-resized\"><img decoding=\"async\" loading=\"lazy\" src=\"https:\/\/grandissons.org\/wp-content\/uploads\/2015\/11\/SAM_7843m-768x1024.jpg\" alt=\"\" class=\"wp-image-2433\" style=\"width:142px;height:189px\" width=\"142\" height=\"189\" srcset=\"https:\/\/grandissons.org\/wp-content\/uploads\/2015\/11\/SAM_7843m.jpg 768w, https:\/\/grandissons.org\/wp-content\/uploads\/2015\/11\/SAM_7843m-225x300.jpg 225w, https:\/\/grandissons.org\/wp-content\/uploads\/2015\/11\/SAM_7843m-133x177.jpg 133w\" sizes=\"(max-width: 142px) 100vw, 142px\" \/><\/figure><\/div>\n\n\n<p class=\"has-vivid-red-color has-text-color\">En pause pour le moment&#8230; N&rsquo;h\u00e9sitez pas \u00e0 nous contacter si \u00e7a vous parle ! <\/p>\n\n\n\n<p>Parce que lorsque la famille s&rsquo;agrandit, les probl\u00e9matiques changent, parce que g\u00e9rer une fratrie, cela peut \u00eatre une tout autre histoire, parce qu&rsquo;on a toutes besoin de pouvoir par moment d\u00e9poser nos difficult\u00e9s, nos craquages, nos doutes et nos erreurs&#8230; Cette rencontre est un espace d\u00e9pourvu de jugement, o\u00f9 l&rsquo;on peut librement venir rire et pleurer, s&rsquo;extasier et se lamenter, parler et \u00e9couter&#8230;<\/p>\n\n\n\n<p>Bref, se l\u00e2cher entre mamans qui se comprennent !<\/p>\n","protected":false},"excerpt":{"rendered":"<p>En pause pour le moment&#8230; N&rsquo;h\u00e9sitez pas \u00e0 nous contacter si \u00e7a vous parle ! Parce que lorsque la famille s&rsquo;agrandit, les probl\u00e9matiques changent, parce que g\u00e9rer une fratrie, cela peut \u00eatre une tout autre histoire, parce qu&rsquo;on a toutes besoin de pouvoir par moment d\u00e9poser nos difficult\u00e9s, nos craquages, nos doutes et nos erreurs&#8230; &#8230;<span class=\"read-more\"><a href=\"https:\/\/grandissons.org\/?page_id=3534\">>>Read more<\/a><\/span><\/p>\n","protected":false},"author":1,"featured_media":0,"parent":1397,"menu_order":5,"comment_status":"open","ping_status":"closed","template":"","meta":{"footnotes":""},"_links":{"self":[{"href":"https:\/\/grandissons.org\/index.php?rest_route=\/wp\/v2\/pages\/3534"}],"collection":[{"href":"https:\/\/grandissons.org\/index.php?rest_route=\/wp\/v2\/pages"}],"about":[{"href":"https:\/\/grandissons.org\/index.php?rest_route=\/wp\/v2\/types\/page"}],"author":[{"embeddable":true,"href":"https:\/\/grandissons.org\/index.php?rest_route=\/wp\/v2\/users\/1"}],"replies":[{"embeddable":true,"href":"https:\/\/grandissons.org\/index.php?rest_route=%2Fwp%2Fv2%2Fcomments&post=3534"}],"version-history":[{"count":3,"href":"https:\/\/grandissons.org\/index.php?rest_route=\/wp\/v2\/pages\/3534\/revisions"}],"predecessor-version":[{"id":4386,"href":"https:\/\/grandissons.org\/index.php?rest_route=\/wp\/v2\/pages\/3534\/revisions\/4386"}],"up":[{"embeddable":true,"href":"https:\/\/grandissons.org\/index.php?rest_route=\/wp\/v2\/pages\/1397"}],"wp:attachment":[{"href":"https:\/\/grandissons.org\/index.php?rest_route=%2Fwp%2Fv2%2Fmedia&parent=3534"}],"curies":[{"name":"wp","href":"https:\/\/api.w.org\/{rel}","templated":true}]}}