{"id":2305,"date":"2015-07-05T17:51:33","date_gmt":"2015-07-05T16:51:33","guid":{"rendered":"http:\/\/grandissons.org\/?page_id=2305"},"modified":"2015-07-09T15:13:04","modified_gmt":"2015-07-09T14:13:04","slug":"quels-jeux-pour-quel-age","status":"publish","type":"page","link":"https:\/\/grandissons.org\/?page_id=2305","title":{"rendered":"Quels jeux pour quel \u00e2ge ?"},"content":{"rendered":"<h2><strong>Catalogue <\/strong>:<\/h2>\n<p>Nous avons cr\u00e9e un catalogue de jeux bas\u00e9 sur des jeux que nous connaissons et appr\u00e9cions avec nos enfants. Il n\u2019y a pas de lien vers des sites de vente (pensez que tout peut se trouver d\u2019occasion) et nous n\u2019avons pas de conflit d\u2019int\u00e9r\u00eat.<\/p>\n<p><a href=\"http:\/\/grandissons.org\/?post_type=goods\" target=\"_blank\">\u00a0http:\/\/grandissons.org\/?post_type=goods<\/a><\/p>\n<p>Les cat\u00e9gories sont bas\u00e9es sur le syst\u00e8me de classification ESAR de\u00a0Denise Garon\u00a0(<a href=\"http:\/\/www.systeme-esar.org\/index.php?id=23787\" target=\"_blank\">pour en savoir plus<\/a>). [<em>ESAR pour jeux d\u2019Exercice, jeux Symboliques, jeux d\u2019Assemblages et jeux de R\u00e8gles<\/em>]<\/p>\n<hr \/>\n<h2>Rechercher un jeu :<\/h2>\n<p>Rechercher un jeu par \u00e2ge :<\/p>\n<ul>\n<li><a href=\"http:\/\/grandissons.org\/?goods_tag=2-ans\" target=\"_blank\">2 ans<\/a><\/li>\n<li><a href=\"http:\/\/grandissons.org\/?goods_tag=3-ans\" target=\"_blank\">3 ans<\/a><\/li>\n<li><a href=\"http:\/\/grandissons.org\/?goods_tag=4-ans\" target=\"_blank\">4 ans<\/a><\/li>\n<li><a href=\"http:\/\/grandissons.org\/?goods_tag=5-ans\" target=\"_blank\">5 ans<\/a><\/li>\n<\/ul>\n<p>Rechercher un jeu par chroniqueur :<\/p>\n<p><a href=\"http:\/\/grandissons.org\/?goods_tag=marie\" target=\"_blank\">Marie<\/a><\/p>\n<p><em>[en cours]<\/em><\/p>\n<hr \/>\n<h2>Pour ajouter une fiche-jeu :<\/h2>\n\n<div class=\"wpcf7 no-js\" id=\"wpcf7-f2307-o1\" lang=\"fr-FR\" dir=\"ltr\">\n<div class=\"screen-reader-response\"><p role=\"status\" aria-live=\"polite\" aria-atomic=\"true\"><\/p> <ul><\/ul><\/div>\n<form action=\"\/index.php?rest_route=%2Fwp%2Fv2%2Fpages%2F2305#wpcf7-f2307-o1\" method=\"post\" class=\"wpcf7-form init\" aria-label=\"Formulaire de contact\" novalidate=\"novalidate\" data-status=\"init\">\n<div style=\"display: none;\">\n<input type=\"hidden\" name=\"_wpcf7\" value=\"2307\" \/>\n<input type=\"hidden\" name=\"_wpcf7_version\" value=\"5.9.8\" \/>\n<input type=\"hidden\" name=\"_wpcf7_locale\" value=\"fr_FR\" \/>\n<input type=\"hidden\" name=\"_wpcf7_unit_tag\" value=\"wpcf7-f2307-o1\" \/>\n<input type=\"hidden\" name=\"_wpcf7_container_post\" value=\"0\" \/>\n<input type=\"hidden\" name=\"_wpcf7_posted_data_hash\" value=\"\" \/>\n<\/div>\n<p>Votre nom (obligatoire)\n<\/p>\n<p><span class=\"wpcf7-form-control-wrap\" data-name=\"your-name\"><input size=\"40\" maxlength=\"400\" class=\"wpcf7-form-control wpcf7-text wpcf7-validates-as-required\" aria-required=\"true\" aria-invalid=\"false\" value=\"\" type=\"text\" name=\"your-name\" \/><\/span>\n<\/p>\n<p>Votre email (obligatoire)\n<\/p>\n<p><span class=\"wpcf7-form-control-wrap\" data-name=\"your-email\"><input size=\"40\" maxlength=\"400\" class=\"wpcf7-form-control wpcf7-email wpcf7-validates-as-required wpcf7-text wpcf7-validates-as-email\" aria-required=\"true\" aria-invalid=\"false\" value=\"\" type=\"email\" name=\"your-email\" \/><\/span>\n<\/p>\n<p>Sujet\n<\/p>\n<p><span class=\"wpcf7-form-control-wrap\" data-name=\"your-subject\"><input size=\"40\" maxlength=\"400\" class=\"wpcf7-form-control wpcf7-text\" aria-invalid=\"false\" value=\"\" type=\"text\" name=\"your-subject\" \/><\/span>\n<\/p>\n<p>Votre message\n<\/p>\n<p><span class=\"wpcf7-form-control-wrap\" data-name=\"your-message\"><textarea cols=\"40\" rows=\"10\" maxlength=\"2000\" class=\"wpcf7-form-control wpcf7-textarea\" aria-invalid=\"false\" name=\"your-message\"><\/textarea><\/span>\n<\/p>\n<p>Les items suivants doivent \u00eatre renseign\u00e9s :\n<\/p>\n<p>Description :<br \/>\nUtilisation (int\u00e9rieur\/ext\u00e9rieur) :<br \/>\nVersions :<br \/>\nFournisseur\/fabricant :<br \/>\nAvis personnel :<br \/>\nLien vers image et\/ou vid\u00e9o de d\u00e9monstration :<br \/>\nQuels \u00e2ges ?<br \/>\nNom du chroniqueur (sous forme pr\u00e9nom+initiale du nom ou pseudo) :\n<\/p>\n<p><input class=\"wpcf7-form-control wpcf7-submit has-spinner\" type=\"submit\" value=\"Envoyer\" \/>\n<\/p><div class=\"wpcf7-response-output\" aria-hidden=\"true\"><\/div>\n<\/form>\n<\/div>\n\n","protected":false},"excerpt":{"rendered":"<p>Catalogue : Nous avons cr\u00e9e un catalogue de jeux bas\u00e9 sur des jeux que nous connaissons et appr\u00e9cions avec nos enfants. Il n\u2019y a pas de lien vers des sites de vente (pensez que tout peut se trouver d\u2019occasion) et nous n\u2019avons pas de conflit d\u2019int\u00e9r\u00eat. \u00a0http:\/\/grandissons.org\/?post_type=goods Les cat\u00e9gories sont bas\u00e9es sur le syst\u00e8me de &#8230;<span class=\"read-more\"><a href=\"https:\/\/grandissons.org\/?page_id=2305\">>>Read more<\/a><\/span><\/p>\n","protected":false},"author":1,"featured_media":0,"parent":2288,"menu_order":0,"comment_status":"open","ping_status":"open","template":"","meta":{"footnotes":""},"_links":{"self":[{"href":"https:\/\/grandissons.org\/index.php?rest_route=\/wp\/v2\/pages\/2305"}],"collection":[{"href":"https:\/\/grandissons.org\/index.php?rest_route=\/wp\/v2\/pages"}],"about":[{"href":"https:\/\/grandissons.org\/index.php?rest_route=\/wp\/v2\/types\/page"}],"author":[{"embeddable":true,"href":"https:\/\/grandissons.org\/index.php?rest_route=\/wp\/v2\/users\/1"}],"replies":[{"embeddable":true,"href":"https:\/\/grandissons.org\/index.php?rest_route=%2Fwp%2Fv2%2Fcomments&post=2305"}],"version-history":[{"count":7,"href":"https:\/\/grandissons.org\/index.php?rest_route=\/wp\/v2\/pages\/2305\/revisions"}],"predecessor-version":[{"id":2328,"href":"https:\/\/grandissons.org\/index.php?rest_route=\/wp\/v2\/pages\/2305\/revisions\/2328"}],"up":[{"embeddable":true,"href":"https:\/\/grandissons.org\/index.php?rest_route=\/wp\/v2\/pages\/2288"}],"wp:attachment":[{"href":"https:\/\/grandissons.org\/index.php?rest_route=%2Fwp%2Fv2%2Fmedia&parent=2305"}],"curies":[{"name":"wp","href":"https:\/\/api.w.org\/{rel}","templated":true}]}}