{"id":2288,"date":"2015-07-05T13:46:40","date_gmt":"2015-07-05T12:46:40","guid":{"rendered":"http:\/\/grandissons.org\/?page_id=2288"},"modified":"2015-07-05T17:49:51","modified_gmt":"2015-07-05T16:49:51","slug":"jeu","status":"publish","type":"page","link":"https:\/\/grandissons.org\/?page_id=2288","title":{"rendered":"Jeu"},"content":{"rendered":"<h2><a href=\"http:\/\/grandissons.org\/wp-content\/uploads\/2015\/07\/lego-252602.jpg\"><img decoding=\"async\" loading=\"lazy\" class=\"aligncenter size-medium wp-image-2291\" src=\"http:\/\/grandissons.org\/wp-content\/uploads\/2015\/07\/lego-252602-300x200.jpg\" alt=\"lego-252602\" width=\"300\" height=\"200\" srcset=\"https:\/\/grandissons.org\/wp-content\/uploads\/2015\/07\/lego-252602-300x200.jpg 300w, https:\/\/grandissons.org\/wp-content\/uploads\/2015\/07\/lego-252602.jpg 1024w\" sizes=\"(max-width: 300px) 100vw, 300px\" \/><\/a><\/h2>\n<h2>Quels jeux pour quel \u00e2ge ?<\/h2>\n<p style=\"text-align: justify;\">Nous avons cr\u00e9e un catalogue de jeux bas\u00e9 sur des jeux que nous connaissons et appr\u00e9cions avec nos enfants. Il n&rsquo;y a pas de lien vers des sites de vente (pensez que tout peut se trouver d&rsquo;occasion) et nous n&rsquo;avons pas de conflit d&rsquo;int\u00e9r\u00eat.<\/p>\n<p><a href=\"http:\/\/grandissons.org\/?post_type=goods\" target=\"_blank\">\u00a0http:\/\/grandissons.org\/?post_type=goods<\/a><\/p>\n<p>Les cat\u00e9gories sont bas\u00e9es sur le syst\u00e8me de classification ESAR de\u00a0Denise Garon\u00a0(<a href=\"http:\/\/www.systeme-esar.org\/index.php?id=23787\" target=\"_blank\">pour en savoir plus<\/a>). [<em>ESAR pour jeux d&rsquo;Exercice, jeux Symboliques, jeux d&rsquo;Assemblages et jeux de R\u00e8gles<\/em>]<\/p>\n<p>Rechercher un jeu par \u00e2ge :<\/p>\n<p><a href=\"http:\/\/grandissons.org\/?goods_tag=3-ans\" target=\"_blank\">3 ans<\/a><\/p>\n<p><a href=\"http:\/\/grandissons.org\/?goods_tag=4-ans\" target=\"_blank\">4 ans<\/a><\/p>\n<p><a href=\"http:\/\/grandissons.org\/?goods_tag=5-ans\" target=\"_blank\">5 ans<\/a><\/p>\n<p>Rechercher un jeu par chroniqueur :<\/p>\n<p><a href=\"http:\/\/grandissons.org\/?goods_tag=marie\" target=\"_blank\">Marie<\/a><\/p>\n<p><em>[en cours]<\/em><\/p>\n<hr \/>\n<h2>Ev\u00e9nements :<\/h2>\n<p>Nous participons \u00e0 la <a href=\"http:\/\/grandissons.org\/?tribe_events=fete-du-jeu\" target=\"_blank\">f\u00eate du jeu<\/a> de Cagnes-sur-Mer (\u00e9ditions 2014 et 2015).<\/p>\n<p style=\"text-align: justify;\">Nous sommes partenaires avec la Ludochouette de Cagnes-sur-Mer (entre autres, elles ont particip\u00e9 avec nous \u00e0 la <a href=\"http:\/\/grandissons.org\/?page_id=2107\" target=\"_blank\">JNVE 2015<\/a>).<\/p>\n<hr \/>\n<h2>Livres :<\/h2>\n<p style=\"text-align: justify;\">De l&rsquo;int\u00e9r\u00eat du jeu dans la communication avec les enfants : \u00ab\u00a0<em>Qui veut jouer avec moi ?<\/em>\u00a0\u00bb de Lawrence Cohen (<a href=\"http:\/\/grandissons.org\/?page_id=212\" target=\"_blank\">disponible au pr\u00eat<\/a>).<\/p>\n<p><a href=\"http:\/\/grandissons.org\/wp-content\/uploads\/2015\/07\/51QgReINxUL._SY344_BO1204203200_.jpg\"><img decoding=\"async\" loading=\"lazy\" class=\"aligncenter size-medium wp-image-2289\" src=\"http:\/\/grandissons.org\/wp-content\/uploads\/2015\/07\/51QgReINxUL._SY344_BO1204203200_-211x300.jpg\" alt=\"51QgReINxUL._SY344_BO1,204,203,200_\" width=\"211\" height=\"300\" srcset=\"https:\/\/grandissons.org\/wp-content\/uploads\/2015\/07\/51QgReINxUL._SY344_BO1204203200_-211x300.jpg 211w, https:\/\/grandissons.org\/wp-content\/uploads\/2015\/07\/51QgReINxUL._SY344_BO1204203200_.jpg 243w\" sizes=\"(max-width: 211px) 100vw, 211px\" \/><\/a><\/p>\n<p style=\"text-align: justify;\">Le Dr. Lawrence Cohen est un psychologue am\u00e9ricain, sp\u00e9cialiste du jeu des enfants et des th\u00e9rapies par le jeu. Il anime des ateliers de parentage ludique pour parents, enseignants et professionnels de l\u2019enfance.<\/p>\n<hr \/>\n<h2>Articles :<\/h2>\n<p>Nous avons publi\u00e9 sur le blog quelques articles sur les jeux de nos enfants :<\/p>\n<ul>\n<li><a href=\"http:\/\/grandissons.org\/?p=260\" target=\"_blank\">Les jouets pr\u00e9f\u00e9r\u00e9s du moment<\/a><\/li>\n<li><a href=\"http:\/\/grandissons.org\/?p=1556\" target=\"_blank\">Les jouets pr\u00e9f\u00e9r\u00e9s du moment (2)<\/a><\/li>\n<li>Sur les puzzles :\u00a0<a href=\"http:\/\/grandissons.org\/?p=1258\" target=\"_blank\">Entre 1 et 13200<\/a><\/li>\n<li>Sur le jeu de Djeco :\u00a0<a href=\"http:\/\/grandissons.org\/?p=1587\" target=\"_blank\">Bisous dodo<\/a><\/li>\n<\/ul>\n<p>Voir aussi la cat\u00e9gorie \u00ab\u00a0<a href=\"http:\/\/grandissons.org\/?cat=19\" target=\"_blank\">Jouons<\/a>\u00ab\u00a0.<\/p>\n<hr \/>\n<p>&nbsp;<\/p>\n","protected":false},"excerpt":{"rendered":"<p>Quels jeux pour quel \u00e2ge ? Nous avons cr\u00e9e un catalogue de jeux bas\u00e9 sur des jeux que nous connaissons et appr\u00e9cions avec nos enfants. Il n&rsquo;y a pas de lien vers des sites de vente (pensez que tout peut se trouver d&rsquo;occasion) et nous n&rsquo;avons pas de conflit d&rsquo;int\u00e9r\u00eat. \u00a0http:\/\/grandissons.org\/?post_type=goods Les cat\u00e9gories sont bas\u00e9es &#8230;<span class=\"read-more\"><a href=\"https:\/\/grandissons.org\/?page_id=2288\">>>Read more<\/a><\/span><\/p>\n","protected":false},"author":1,"featured_media":0,"parent":21,"menu_order":0,"comment_status":"open","ping_status":"open","template":"","meta":{"footnotes":""},"_links":{"self":[{"href":"https:\/\/grandissons.org\/index.php?rest_route=\/wp\/v2\/pages\/2288"}],"collection":[{"href":"https:\/\/grandissons.org\/index.php?rest_route=\/wp\/v2\/pages"}],"about":[{"href":"https:\/\/grandissons.org\/index.php?rest_route=\/wp\/v2\/types\/page"}],"author":[{"embeddable":true,"href":"https:\/\/grandissons.org\/index.php?rest_route=\/wp\/v2\/users\/1"}],"replies":[{"embeddable":true,"href":"https:\/\/grandissons.org\/index.php?rest_route=%2Fwp%2Fv2%2Fcomments&post=2288"}],"version-history":[{"count":7,"href":"https:\/\/grandissons.org\/index.php?rest_route=\/wp\/v2\/pages\/2288\/revisions"}],"predecessor-version":[{"id":2304,"href":"https:\/\/grandissons.org\/index.php?rest_route=\/wp\/v2\/pages\/2288\/revisions\/2304"}],"up":[{"embeddable":true,"href":"https:\/\/grandissons.org\/index.php?rest_route=\/wp\/v2\/pages\/21"}],"wp:attachment":[{"href":"https:\/\/grandissons.org\/index.php?rest_route=%2Fwp%2Fv2%2Fmedia&parent=2288"}],"curies":[{"name":"wp","href":"https:\/\/api.w.org\/{rel}","templated":true}]}}