{"id":2107,"date":"2023-10-05T19:40:44","date_gmt":"2023-10-05T17:40:44","guid":{"rendered":"http:\/\/grandissons.org\/?page_id=2107"},"modified":"2023-10-05T19:40:44","modified_gmt":"2023-10-05T17:40:44","slug":"jnve","status":"publish","type":"page","link":"https:\/\/grandissons.org\/?page_id=2107","title":{"rendered":"JNVE"},"content":{"rendered":"<div class=\"kvgmc6g5 cxmmr5t8 oygrvhab hcukyx3x c1et5uql\">Pour la Journ\u00e9e de la Non-Violence \u00c9ducative 2021, Grandissons vous a propos\u00e9 une table ronde participative sur le th\u00e8me du RESPECT.<\/div>\n<div class=\"o9v6fnle cxmmr5t8 oygrvhab hcukyx3x c1et5uql\">Qu&rsquo;est-ce que le respect ? Qui est concern\u00e9 ? Comment est-ce qu&rsquo;il se manifeste et comment est-ce qu&rsquo;il se per\u00e7oit ? Est-ce que \u00e7a s&rsquo;apprend ? Est-ce que \u00e7a se doit ? Et dans les classes, comment \u00e7a se passe ?<\/div>\n<div class=\"o9v6fnle cxmmr5t8 oygrvhab hcukyx3x c1et5uql\">B\u00e9b\u00e9s, enfants, ados, adultes, parents, enseignants, grand-parents&#8230; toutes et tous concern\u00e9\u00b7e\u00b7s pour le manifester et pour le recevoir, pour vivre ensemble.<\/div>\n<div class=\"o9v6fnle cxmmr5t8 oygrvhab hcukyx3x c1et5uql\">Venez en parler avec nous, exprimer vos interrogations, vos difficult\u00e9s ou vos r\u00e9ussites !<\/div>\n<div class=\"o9v6fnle cxmmr5t8 oygrvhab hcukyx3x c1et5uql\">D\u00e9bat anim\u00e9 par Lise Rebattu-Chiavassa, co-fondatrice de Grandissons, avec :<br \/>\nAriane, \u00e9ducatrice de jeunes enfants<br \/>\nEmmanuel Fouch\u00e9, professeur des coll\u00e8ges<br \/>\nVicky Brougiannaki, conseill\u00e8re parentale<br \/>\nVincent, directeur d&rsquo;\u00e9cole et enseignant<br \/>\nAude Renson, accompagnante parentale<\/div>\n<div class=\"o9v6fnle cxmmr5t8 oygrvhab hcukyx3x c1et5uql\">\u00c9v\u00e8nement gratuit sur la plateforme Zoom, inscription obligatoire sur :<br \/>\n<a class=\"oajrlxb2 g5ia77u1 qu0x051f esr5mh6w e9989ue4 r7d6kgcz rq0escxv nhd2j8a9 nc684nl6 p7hjln8o kvgmc6g5 cxmmr5t8 oygrvhab hcukyx3x jb3vyjys rz4wbd8a qt6c0cv9 a8nywdso i1ao9s8h esuyzwwr f1sip0of lzcic4wl py34i1dx gpro0wi8\" tabindex=\"0\" role=\"link\" href=\"https:\/\/www.helloasso.com\/associations\/grandissons\/evenements\/table-ronde-le-respect?fbclid=IwAR2fCmQQStGHuzAEPtPUD-oL6sA4m7LaLzJgMJ8xoVNd3bMe7kLijb4B1TU\" target=\"_blank\" rel=\"nofollow noopener\">https:\/\/www.helloasso.com\/&#8230;\/even&#8230;\/table-ronde-le-respect<\/a><br \/>\nLe lien zoom vous sera communiqu\u00e9 apr\u00e8s validation de votre inscription.<br \/>\nInformations \u00e9galement disponibles sur\u00a0<a class=\"oajrlxb2 g5ia77u1 qu0x051f esr5mh6w e9989ue4 r7d6kgcz rq0escxv nhd2j8a9 nc684nl6 p7hjln8o kvgmc6g5 cxmmr5t8 oygrvhab hcukyx3x jb3vyjys rz4wbd8a qt6c0cv9 a8nywdso i1ao9s8h esuyzwwr f1sip0of lzcic4wl py34i1dx gpro0wi8\" tabindex=\"0\" role=\"link\" href=\"http:\/\/grandissons.org\/?fbclid=IwAR05-RQvYqdDy7qlfuLmDSUzftDLy_GG-rHbVNVoj2buzxOFgEIdAyT_8JE\" target=\"_blank\" rel=\"nofollow noopener\">grandissons.org<\/a><\/p>\n<div class=\"oajrlxb2 g5ia77u1 qu0x051f esr5mh6w e9989ue4 r7d6kgcz rq0escxv nhd2j8a9 nc684nl6 p7hjln8o kvgmc6g5 cxmmr5t8 oygrvhab hcukyx3x jb3vyjys rz4wbd8a qt6c0cv9 a8nywdso i1ao9s8h esuyzwwr f1sip0of lzcic4wl oo9gr5id gpro0wi8 lrazzd5p\" tabindex=\"0\" role=\"button\"><\/div>\n<\/div>\n<p><a href=\"https:\/\/grandissons.org\/wp-content\/uploads\/2021\/04\/179440313_792215864833514_8059282801167827687_n-1.png\"><img decoding=\"async\" loading=\"lazy\" class=\"aligncenter size-full wp-image-4049\" src=\"https:\/\/grandissons.org\/wp-content\/uploads\/2021\/04\/179440313_792215864833514_8059282801167827687_n-1.png\" alt=\"\" width=\"1472\" height=\"828\" srcset=\"https:\/\/grandissons.org\/wp-content\/uploads\/2021\/04\/179440313_792215864833514_8059282801167827687_n-1.png 1472w, https:\/\/grandissons.org\/wp-content\/uploads\/2021\/04\/179440313_792215864833514_8059282801167827687_n-1-300x169.png 300w, https:\/\/grandissons.org\/wp-content\/uploads\/2021\/04\/179440313_792215864833514_8059282801167827687_n-1-1024x576.png 1024w, https:\/\/grandissons.org\/wp-content\/uploads\/2021\/04\/179440313_792215864833514_8059282801167827687_n-1-768x432.png 768w, https:\/\/grandissons.org\/wp-content\/uploads\/2021\/04\/179440313_792215864833514_8059282801167827687_n-1-133x75.png 133w\" sizes=\"(max-width: 1472px) 100vw, 1472px\" \/><\/a><\/p>\n<p>Cette ann\u00e9e pour la 13\u00e8me \u00e9dition, une exposition \u00e0 la maison des associations de Garibaldi avec des documents, des extraits de films et l&rsquo;occasion de r\u00e9fl\u00e9chir ensemble aux moyens de pr\u00e9venir la violence \u00e9ducative.<\/p>\n<p><a href=\"http:\/\/grandissons.org\/?tribe_events=journee-de-la-non-violence-educative\">http:\/\/grandissons.org\/?tribe_events=journee-de-la-non-violence-educative<\/a><\/p>\n<hr \/>\n<p>Lors de l&rsquo;\u00e9dition 2015, nous avons r\u00e9alis\u00e9 deux \u00e9v\u00e9nements : \u00e0 <a href=\"http:\/\/grandissons.org\/?tribe_events=journee-de-la-non-violence-educative-jnve-a-cagnes\" target=\"_blank\" rel=\"noopener\">Cagnes le 30 avril <\/a>(stand et marionnettes) et \u00e0 <a href=\"http:\/\/grandissons.org\/?tribe_events=journee-de-la-non-violence-educative-jnve-a-nice\" target=\"_blank\" rel=\"noopener\">Nice le 3 mai<\/a> (stand et th\u00e9\u00e2tre-forum).<\/p>\n<p><a href=\"http:\/\/grandissons.org\/wp-content\/uploads\/2015\/04\/300415_cagnes_jnve2.jpg\"><img decoding=\"async\" loading=\"lazy\" class=\"alignleft size-medium wp-image-2045\" src=\"http:\/\/grandissons.org\/wp-content\/uploads\/2015\/04\/300415_cagnes_jnve2-226x300.jpg\" alt=\"300415_cagnes_jnve2\" width=\"226\" height=\"300\" srcset=\"https:\/\/grandissons.org\/wp-content\/uploads\/2015\/04\/300415_cagnes_jnve2-226x300.jpg 226w, https:\/\/grandissons.org\/wp-content\/uploads\/2015\/04\/300415_cagnes_jnve2-770x1024.jpg 770w, https:\/\/grandissons.org\/wp-content\/uploads\/2015\/04\/300415_cagnes_jnve2.jpg 1131w\" sizes=\"(max-width: 226px) 100vw, 226px\" \/><\/a><\/p>\n<p><a href=\"http:\/\/grandissons.org\/wp-content\/uploads\/2015\/04\/jnve_nice.jpg\"><img decoding=\"async\" loading=\"lazy\" class=\"alignleft size-medium wp-image-2048\" src=\"http:\/\/grandissons.org\/wp-content\/uploads\/2015\/04\/jnve_nice-229x300.jpg\" alt=\"jnve_nice\" width=\"229\" height=\"300\" srcset=\"https:\/\/grandissons.org\/wp-content\/uploads\/2015\/04\/jnve_nice-229x300.jpg 229w, https:\/\/grandissons.org\/wp-content\/uploads\/2015\/04\/jnve_nice-782x1024.jpg 782w, https:\/\/grandissons.org\/wp-content\/uploads\/2015\/04\/jnve_nice.jpg 1147w\" sizes=\"(max-width: 229px) 100vw, 229px\" \/><\/a><\/p>\n<p>Le compte-rendu :\u00a0<a href=\"http:\/\/grandissons.org\/?p=2255\">http:\/\/grandissons.org\/?p=2255<\/a><\/p>\n<p>Le communiqu\u00e9 de presse :\u00a0<a href=\"http:\/\/grandissons.org\/wp-content\/uploads\/2015\/04\/communique_jnve.pdf\">communique_jnve<\/a><\/p>\n<p>Les\u00a0flyers ici :\u00a0<a href=\"http:\/\/grandissons.org\/wp-content\/uploads\/2015\/04\/affiche_jnve_generale_4x.jpg\"><img decoding=\"async\" loading=\"lazy\" class=\"alignnone size-thumbnail wp-image-2127\" src=\"http:\/\/grandissons.org\/wp-content\/uploads\/2015\/04\/affiche_jnve_generale_4x-150x150.jpg\" alt=\"affiche_jnve_generale_4x\" width=\"150\" height=\"150\" \/><\/a><\/p>\n","protected":false},"excerpt":{"rendered":"<p>Pour la Journ\u00e9e de la Non-Violence \u00c9ducative 2021, Grandissons vous a propos\u00e9 une table ronde participative sur le th\u00e8me du RESPECT. Qu&rsquo;est-ce que le respect ? Qui est concern\u00e9 ? Comment est-ce qu&rsquo;il se manifeste et comment est-ce qu&rsquo;il se per\u00e7oit ? Est-ce que \u00e7a s&rsquo;apprend ? Est-ce que \u00e7a se doit ? Et dans &#8230;<span class=\"read-more\"><a href=\"https:\/\/grandissons.org\/?page_id=2107\">>>Read more<\/a><\/span><\/p>\n","protected":false},"author":1,"featured_media":0,"parent":141,"menu_order":0,"comment_status":"open","ping_status":"open","template":"","meta":{"footnotes":""},"_links":{"self":[{"href":"https:\/\/grandissons.org\/index.php?rest_route=\/wp\/v2\/pages\/2107"}],"collection":[{"href":"https:\/\/grandissons.org\/index.php?rest_route=\/wp\/v2\/pages"}],"about":[{"href":"https:\/\/grandissons.org\/index.php?rest_route=\/wp\/v2\/types\/page"}],"author":[{"embeddable":true,"href":"https:\/\/grandissons.org\/index.php?rest_route=\/wp\/v2\/users\/1"}],"replies":[{"embeddable":true,"href":"https:\/\/grandissons.org\/index.php?rest_route=%2Fwp%2Fv2%2Fcomments&post=2107"}],"version-history":[{"count":16,"href":"https:\/\/grandissons.org\/index.php?rest_route=\/wp\/v2\/pages\/2107\/revisions"}],"predecessor-version":[{"id":4390,"href":"https:\/\/grandissons.org\/index.php?rest_route=\/wp\/v2\/pages\/2107\/revisions\/4390"}],"up":[{"embeddable":true,"href":"https:\/\/grandissons.org\/index.php?rest_route=\/wp\/v2\/pages\/141"}],"wp:attachment":[{"href":"https:\/\/grandissons.org\/index.php?rest_route=%2Fwp%2Fv2%2Fmedia&parent=2107"}],"curies":[{"name":"wp","href":"https:\/\/api.w.org\/{rel}","templated":true}]}}