{"id":2105,"date":"2015-04-22T00:03:36","date_gmt":"2015-04-21T23:03:36","guid":{"rendered":"http:\/\/grandissons.org\/?page_id=2105"},"modified":"2016-05-16T16:24:01","modified_gmt":"2016-05-16T15:24:01","slug":"smar","status":"publish","type":"page","link":"https:\/\/grandissons.org\/?page_id=2105","title":{"rendered":"SMAR"},"content":{"rendered":"<h2><strong>La Semaine Mondiale de l&rsquo;Accouchement Respect\u00e9<\/strong><\/h2>\n<p>Sur le site de l&rsquo;ENCA :<\/p>\n<p id=\"tw-target-text\" class=\"tw-data-text vk_txt tw-ta tw-text-small\" dir=\"ltr\" style=\"text-align: justify;\" data-placeholder=\"Traduction\">La Semaine mondiale de l&rsquo;accouchement respect\u00e9 est l&rsquo;occasion de soulever les voix internationales sur un th\u00e8me sp\u00e9cifique li\u00e9 \u00e0 la promotion de la naissance respect\u00e9e. La SMAR a lieu chaque ann\u00e9e durant le mois de mai. Selon le th\u00e8me, les objectifs et les id\u00e9es d&rsquo;action sont propos\u00e9es.\u00a0Elle a \u00e9t\u00e9 lanc\u00e9 en 2004 par l&rsquo;Alliance fran\u00e7aise pour l&rsquo;accouchement respect\u00e9 (AFAR), une soci\u00e9t\u00e9 fran\u00e7aise \u00e0 but non lucratif (voir l&rsquo;historique sur <a href=\"http:\/\/afar.info\/about-2\/smar\" target=\"_blank\">le site de l&rsquo;AFAR<\/a>). Depuis 2011 sa coordination a \u00e9t\u00e9 remis au R\u00e9seau europ\u00e9en des associations de l&rsquo;accouchement (ENCA).<\/p>\n<p class=\"tw-data-text vk_txt tw-ta tw-text-small\" dir=\"ltr\" style=\"text-align: justify;\" data-placeholder=\"Traduction\">Cette ann\u00e9e avec le th\u00e8me \u00ab\u00a0<em>mon choix, mon corps, mon b\u00e9b\u00e9<\/em>\u00ab\u00a0, <strong>du 16 au 22 mai 2016<\/strong>, nous avons pr\u00e9par\u00e9\u00a0le programme suivant :<\/p>\n<p class=\"tw-data-text vk_txt tw-ta tw-text-small\" dir=\"ltr\" style=\"text-align: justify;\" data-placeholder=\"Traduction\"><a href=\"http:\/\/grandissons.org\/wp-content\/uploads\/2015\/04\/affiche.jpg\"><img decoding=\"async\" loading=\"lazy\" class=\"alignleft size-medium wp-image-2609\" src=\"http:\/\/grandissons.org\/wp-content\/uploads\/2015\/04\/affiche-214x300.jpg\" alt=\"affiche\" width=\"214\" height=\"300\" srcset=\"https:\/\/grandissons.org\/wp-content\/uploads\/2015\/04\/affiche-214x300.jpg 214w, https:\/\/grandissons.org\/wp-content\/uploads\/2015\/04\/affiche-133x187.jpg 133w, https:\/\/grandissons.org\/wp-content\/uploads\/2015\/04\/affiche.jpg 574w\" sizes=\"(max-width: 214px) 100vw, 214px\" \/><\/a><a href=\"http:\/\/grandissons.org\/wp-content\/uploads\/2015\/04\/programmeSMAR.jpg\"><img decoding=\"async\" loading=\"lazy\" class=\"alignleft size-medium wp-image-2610\" src=\"http:\/\/grandissons.org\/wp-content\/uploads\/2015\/04\/programmeSMAR-225x300.jpg\" alt=\"programmeSMAR\" width=\"225\" height=\"300\" srcset=\"https:\/\/grandissons.org\/wp-content\/uploads\/2015\/04\/programmeSMAR-225x300.jpg 225w, https:\/\/grandissons.org\/wp-content\/uploads\/2015\/04\/programmeSMAR-133x177.jpg 133w, https:\/\/grandissons.org\/wp-content\/uploads\/2015\/04\/programmeSMAR.jpg 590w\" sizes=\"(max-width: 225px) 100vw, 225px\" \/><\/a><\/p>\n<hr \/>\n<p style=\"text-align: justify;\"><strong>En 2014<\/strong>,\u00a010\u00e8me \u00e9dition de la SMAR, sur le th\u00e8me\u00a0<em>Giving birth is empowering! <\/em>Nous avions organis\u00e9 diff\u00e9rents \u00e9v\u00e9nenements : <a href=\"http:\/\/grandissons.org\/?p=929\" target=\"_blank\">voir ici<\/a>.<\/p>\n<hr \/>\n<p><strong>En 2015<\/strong>,\u00a0nous vous avions pr\u00e9par\u00e9 de belles choses avec le <a href=\"http:\/\/grandissons.org\/?page_id=1390\" target=\"_blank\">CDAAD<\/a>\u00a0: <a href=\"http:\/\/grandissons.org\/?p=2612\" target=\"_blank\">voir ici<\/a>. Le th\u00e8me \u00e9tait \u00ab\u00a0<em>Coutinuous loving support for me and my baby<\/em>\u00ab\u00a0.<\/p>\n<p>&nbsp;<\/p>\n<p>&nbsp;<\/p>\n<p>&nbsp;<\/p>\n<p>&nbsp;<\/p>\n<p>&nbsp;<\/p>\n<p>&nbsp;<\/p>\n<p>Une interview de Lauranne pour pr\u00e9senter les \u00e9v\u00e9nements de la SMAR (16\/05\/2016) :<br \/>\n<iframe loading=\"lazy\" src=\"https:\/\/www.francebleu.fr\/player\/export\/reecouter\/emission?content=a3cc6db4-180a-4948-8518-46d8216c19e1\" width=\"300\" height=\"150\"><\/iframe><\/p>\n<p>&nbsp;<\/p>\n<p>Le questionnaire \u00e0 remplir par les usager.e et les pro :<br \/>\n<iframe loading=\"lazy\" src=\"https:\/\/docs.google.com\/forms\/d\/1obbz8dwq3ZiGvEmX3ru04jCP8ZAjarvTGbwAPr0USoA\/viewform?embedded=true\" width=\"650\" height=\"1000\" frameborder=\"0\" marginwidth=\"0\" marginheight=\"0\">Loading&#8230;<\/iframe><\/p>\n","protected":false},"excerpt":{"rendered":"<p>La Semaine Mondiale de l&rsquo;Accouchement Respect\u00e9 Sur le site de l&rsquo;ENCA : La Semaine mondiale de l&rsquo;accouchement respect\u00e9 est l&rsquo;occasion de soulever les voix internationales sur un th\u00e8me sp\u00e9cifique li\u00e9 \u00e0 la promotion de la naissance respect\u00e9e. La SMAR a lieu chaque ann\u00e9e durant le mois de mai. Selon le th\u00e8me, les objectifs et les &#8230;<span class=\"read-more\"><a href=\"https:\/\/grandissons.org\/?page_id=2105\">>>Read more<\/a><\/span><\/p>\n","protected":false},"author":1,"featured_media":0,"parent":1935,"menu_order":0,"comment_status":"open","ping_status":"open","template":"","meta":{"footnotes":""},"_links":{"self":[{"href":"https:\/\/grandissons.org\/index.php?rest_route=\/wp\/v2\/pages\/2105"}],"collection":[{"href":"https:\/\/grandissons.org\/index.php?rest_route=\/wp\/v2\/pages"}],"about":[{"href":"https:\/\/grandissons.org\/index.php?rest_route=\/wp\/v2\/types\/page"}],"author":[{"embeddable":true,"href":"https:\/\/grandissons.org\/index.php?rest_route=\/wp\/v2\/users\/1"}],"replies":[{"embeddable":true,"href":"https:\/\/grandissons.org\/index.php?rest_route=%2Fwp%2Fv2%2Fcomments&post=2105"}],"version-history":[{"count":25,"href":"https:\/\/grandissons.org\/index.php?rest_route=\/wp\/v2\/pages\/2105\/revisions"}],"predecessor-version":[{"id":2653,"href":"https:\/\/grandissons.org\/index.php?rest_route=\/wp\/v2\/pages\/2105\/revisions\/2653"}],"up":[{"embeddable":true,"href":"https:\/\/grandissons.org\/index.php?rest_route=\/wp\/v2\/pages\/1935"}],"wp:attachment":[{"href":"https:\/\/grandissons.org\/index.php?rest_route=%2Fwp%2Fv2%2Fmedia&parent=2105"}],"curies":[{"name":"wp","href":"https:\/\/api.w.org\/{rel}","templated":true}]}}