{"id":21,"date":"2021-09-28T11:26:00","date_gmt":"2021-09-28T10:26:00","guid":{"rendered":"http:\/\/grandissons.vinvin.tf\/?page_id=21"},"modified":"2021-09-28T10:27:00","modified_gmt":"2021-09-28T09:27:00","slug":"eduquons-sans-violence-env","status":"publish","type":"page","link":"https:\/\/grandissons.org\/?page_id=21","title":{"rendered":"Accompagnons nos enfants"},"content":{"rendered":"<p>\u00c9duquer son enfant est l\u2019\u0153uvre de plusieurs vies ; celle des parents, certes, mais avant tout celle de l\u2019enfant, qui, \u00e0 travers l\u2019\u00e9ducation qu\u2019il recevra, devra trouver sa place dans le monde qui l\u2019entoure, s\u2019\u00e9panouir, d\u00e9velopper sa personnalit\u00e9, trouver ses propres valeurs\u2026 L\u2019\u00e9ducation est donc un tremplin vers l\u2019ind\u00e9pendance de l\u2019enfant. C\u2019est un don que l\u2019on lance vers l\u2019avenir. Et c&rsquo;est aussi une modification permanente du parent que l&rsquo;on est.<\/p>\n<p>L\u2019\u00e9ducation bienveillante, ou non violente, ou encore la parentalit\u00e9 positive, ou parentalit\u00e9 cr\u00e9ative, dont la m\u00e9diatisation n&rsquo;a cess\u00e9 de cro\u00eetre depuis la naissance de <em>Grandissons<\/em> en 2013, consistent\u00a0\u00a0\u00e0 s&rsquo;orienter vers le positif, le constructif, l&rsquo;\u00e9coute et la compr\u00e9hension des besoins mutuels.<br \/>\nIl ne s\u2019agit plus de chercher \u00e0 \u00ab d\u00e9truire \u00bb les mauvais penchants de l\u2019enfant, mais au contraire, de r\u00e9fl\u00e9chir diff\u00e9remment, pour \u00e9viter tout ce qui fait peur ou honte \u00e0 l\u2019enfant. Et \u00e0 la fois, \u00e0 continuer \u00e0 s&rsquo;\u00e9couter en tant qu&rsquo;adulte et \u00e0 respecter ses propres besoins.<\/p>\n<p>Cette id\u00e9e sous-entend le bannissement des<strong> ch\u00e2timents corporels<\/strong>, et de tout ce qui a trait \u00e0 la <strong>violence \u00e9ducative ordinaire<\/strong>, tout en tendant vers une communication non-violente, o\u00f9 l\u2019empathie r\u00e8gne en ma\u00eetre.<\/p>\n<p><b>Ce que fait l\u2019association dans ce domaine :<\/b><\/p>\n<p>Nous souhaitons\u00a0informer sur l&rsquo;\u00e9ducation bienveillante, par le biais de conf\u00e9rences, de livres de notre biblioth\u00e8que, d&rsquo;articles. Et r\u00e9unir les parents pour des\u00a0\u00e9changes d\u2019exp\u00e9riences avec d\u2019autres parents.<\/p>\n<p>Nous proposons aussi des sessions d&rsquo;<span style=\"color: #800080;\"><span style=\"color: #000000;\"> ateliers<\/span> <a href=\"https:\/\/grandissons.org\/?tribe_events=atelier-faber-et-mazlich\">Faber et Mazlich<\/a><\/span>, afin de pouvoir partager ces pistes avec les adh\u00e9rents de <em>Grandissons<\/em>.<\/p>\n<p><b>Pour s\u2019ouvrir \u00e0 l\u2019\u00e9ducation bienveillante\u00a0:<\/b><\/p>\n<p>L&rsquo;article d&rsquo;Ariane sur l&rsquo;\u00e9ducation bienveillante :\u00a0<a href=\"http:\/\/grandissons.org\/?p=1979\" target=\"_blank\" rel=\"noopener noreferrer\">http:\/\/grandissons.org\/?p=1979<\/a><\/p>\n<p><a href=\"http:\/\/enfantsdelavenir.org\/introduction-a-leducation-bienveillante-en-six-points\" target=\"_blank\" rel=\"noopener noreferrer\"><img decoding=\"async\" loading=\"lazy\" class=\"alignleft size-thumbnail wp-image-190\" src=\"http:\/\/grandissons.org\/wp-content\/uploads\/2014\/01\/enfantsdelavenir_logo_0-150x150.jpg\" alt=\"enfantsdelavenir_logo_0\" width=\"150\" height=\"150\" \/><\/a><\/p>\n<p>Les 6 piliers de l\u2019\u00e9ducation bienveillante\u00a0:<\/p>\n<p><a href=\"http:\/\/enfantsdelavenir.org\/introduction-a-leducation-bienveillante-en-six-points\">http:\/\/enfantsdelavenir.org\/introduction-a-leducation-bienveillante-en-six-points<\/a><\/p>\n<p><a href=\"http:\/\/bienveillante.canalblog.com\/\" target=\"_blank\" rel=\"noopener noreferrer\"><img decoding=\"async\" loading=\"lazy\" class=\"alignleft size-thumbnail wp-image-191\" src=\"http:\/\/grandissons.org\/wp-content\/uploads\/2014\/01\/1085231.jpg\" alt=\"1085231\" width=\"150\" height=\"131\" \/><\/a><\/p>\n<p>Plein de jolies pistes pour cheminer vers l\u2019\u00e9ducation bienveillante\u00a0:<\/p>\n<p><a href=\"http:\/\/bienveillante.canalblog.com\/\">http:\/\/bienveillante.canalblog.com\/<\/a><\/p>\n<p><em><a href=\"http:\/\/educationbienveillante.wordpress.com\/category\/blog\/\" target=\"_blank\" rel=\"noopener noreferrer\"><img decoding=\"async\" loading=\"lazy\" class=\"alignleft size-thumbnail wp-image-192\" src=\"http:\/\/grandissons.org\/wp-content\/uploads\/2014\/01\/EB-150x150.jpg\" alt=\"EB\" width=\"150\" height=\"150\" \/><\/a><\/em><\/p>\n<p>Un blog qui parle d\u2019\u00e9ducation bienveillante (et renvoie sur leur page Facebook)<\/p>\n<p><a href=\"http:\/\/educationbienveillante.wordpress.com\/category\/blog\/\">http:\/\/educationbienveillante.wordpress.com\/category\/blog\/<\/a><\/p>\n<p><em><a href=\"http:\/\/www.penser-et-agir.fr\/quest-ce-que-la-communication-nonviolente-cnv\/\" target=\"_blank\" rel=\"noopener noreferrer\"><img decoding=\"async\" loading=\"lazy\" class=\"alignleft size-thumbnail wp-image-195\" src=\"http:\/\/grandissons.org\/wp-content\/uploads\/2014\/01\/Logo-Banniere-Penser-et-Agir-150x118.png\" alt=\"Logo-Banniere-Penser-et-Agir\" width=\"150\" height=\"118\" \/><\/a><\/em><\/p>\n<p>Une ouverture vers la communication non-violente\u00a0:<\/p>\n<p><a href=\"http:\/\/www.penser-et-agir.fr\/quest-ce-que-la-communication-nonviolente-cnv\/\">http:\/\/www.penser-et-agir.fr\/quest-ce-que-la-communication-nonviolente-cnv\/<\/a><\/p>\n<p><a href=\"http:\/\/www.stopviolence.fr\/page17.php\" target=\"_blank\" rel=\"noopener noreferrer\"><img decoding=\"async\" loading=\"lazy\" class=\"alignleft size-thumbnail wp-image-194\" src=\"http:\/\/grandissons.org\/wp-content\/uploads\/2014\/01\/5da5ffecb7a26b54c94aeeee74f17aae-150x136.png\" alt=\"5da5ffecb7a26b54c94aeeee74f17aae\" width=\"150\" height=\"136\" \/><\/a><\/p>\n<p>D\u00e9finition de la violence \u00e9ducative ordinaire\u00a0:<\/p>\n<p><a href=\"http:\/\/www.stopviolence.fr\/page17.php\">http:\/\/www.stopviolence.fr\/page17.php<\/a><\/p>\n<p><a href=\"http:\/\/www.oveo.org\/\" target=\"_blank\" rel=\"noopener noreferrer\"><img decoding=\"async\" loading=\"lazy\" class=\"alignleft size-thumbnail wp-image-278\" src=\"http:\/\/grandissons.org\/wp-content\/uploads\/2014\/01\/OVEO_logo-150x150.jpg\" alt=\"OVEO_logo\" width=\"150\" height=\"150\" \/><\/a>L\u2019Observatoire de la Violence Educative Ordinaire : site indispensable<\/p>\n","protected":false},"excerpt":{"rendered":"<p>\u00c9duquer son enfant est l\u2019\u0153uvre de plusieurs vies ; celle des parents, certes, mais avant tout celle de l\u2019enfant, qui, \u00e0 travers l\u2019\u00e9ducation qu\u2019il recevra, devra trouver sa place dans le monde qui l\u2019entoure, s\u2019\u00e9panouir, d\u00e9velopper sa personnalit\u00e9, trouver ses propres valeurs\u2026 L\u2019\u00e9ducation est donc un tremplin vers l\u2019ind\u00e9pendance de l\u2019enfant. C\u2019est un don que &#8230;<span class=\"read-more\"><a href=\"https:\/\/grandissons.org\/?page_id=21\">>>Read more<\/a><\/span><\/p>\n","protected":false},"author":1,"featured_media":0,"parent":0,"menu_order":0,"comment_status":"open","ping_status":"open","template":"","meta":{"footnotes":""},"_links":{"self":[{"href":"https:\/\/grandissons.org\/index.php?rest_route=\/wp\/v2\/pages\/21"}],"collection":[{"href":"https:\/\/grandissons.org\/index.php?rest_route=\/wp\/v2\/pages"}],"about":[{"href":"https:\/\/grandissons.org\/index.php?rest_route=\/wp\/v2\/types\/page"}],"author":[{"embeddable":true,"href":"https:\/\/grandissons.org\/index.php?rest_route=\/wp\/v2\/users\/1"}],"replies":[{"embeddable":true,"href":"https:\/\/grandissons.org\/index.php?rest_route=%2Fwp%2Fv2%2Fcomments&post=21"}],"version-history":[{"count":14,"href":"https:\/\/grandissons.org\/index.php?rest_route=\/wp\/v2\/pages\/21\/revisions"}],"predecessor-version":[{"id":4097,"href":"https:\/\/grandissons.org\/index.php?rest_route=\/wp\/v2\/pages\/21\/revisions\/4097"}],"wp:attachment":[{"href":"https:\/\/grandissons.org\/index.php?rest_route=%2Fwp%2Fv2%2Fmedia&parent=21"}],"curies":[{"name":"wp","href":"https:\/\/api.w.org\/{rel}","templated":true}]}}