{"id":1817,"date":"2015-03-04T16:11:15","date_gmt":"2015-03-04T15:11:15","guid":{"rendered":"http:\/\/grandissons.org\/?page_id=1817"},"modified":"2015-04-21T16:06:02","modified_gmt":"2015-04-21T15:06:02","slug":"les-conferences","status":"publish","type":"page","link":"https:\/\/grandissons.org\/?page_id=1817","title":{"rendered":"Les conf\u00e9rences"},"content":{"rendered":"<p style=\"text-align: justify;\">Cette ann\u00e9e, nouvelle conf\u00e9rence organis\u00e9e par <em>Grandissons<\/em>\u00a0: le <strong>samedi 4 avril 2015<\/strong>, nous avons\u00a0accueilli\u00a0<strong>Carlos Gonzalez.<\/strong><\/p>\n<p style=\"text-align: justify;\"><strong>Sa mini-biographie<\/strong> : p\u00e8re de trois fils, p\u00e9diatre, auteur des livres Mi ni\u00f1o no me come, B\u00e9same mucho, Manual pr\u00e1ctico de lactancia materna, Un regalo para toda la vida, Entre tu pediatra y t\u00fa, En defensa de las vacunas y Creciendo juntos. (Seuls les deux premiers sont traduits en fran\u00e7ais pour le moment sous les titres \u00ab\u00a0mon enfant ne mange pas\u00a0\u00bb et \u00ab\u00a0serre-moi fort\u00a0\u00bb).<\/p>\n<p style=\"text-align: justify;\">Il est venu\u00a0nous parler de \u00ab\u00a0<em>l&rsquo;alimentation de l&rsquo;enfant<\/em>\u00a0\u00bb et de \u00ab\u00a0<em>l&rsquo;autorit\u00e9 et les limites<\/em>\u00ab\u00a0.<\/p>\n<p style=\"text-align: justify;\">Lire <a href=\"http:\/\/grandissons.org\/?p=2022\" target=\"_blank\">ici<\/a> le compte-rendu d\u00e9taill\u00e9 de la premi\u00e8re conf\u00e9rence. Le second sera bient\u00f4t disponible !<\/p>\n<p style=\"text-align: justify;\">Emission de France Bleu Azur du 1er avril 2015 o\u00f9 Lise pr\u00e9sente l&rsquo;association et les conf\u00e9rences :<\/p>\n<p><iframe loading=\"lazy\" src=\"http:\/\/www.francebleu.fr\/player\/export-reecouter?content=2256019\" width=\"481\" height=\"139\" frameborder=\"0\" scrolling=\"no\"><\/iframe><\/p>\n<p><a href=\"http:\/\/grandissons.org\/wp-content\/uploads\/2015\/03\/afficheCG.jpg\"><img decoding=\"async\" loading=\"lazy\" class=\"aligncenter size-medium wp-image-1819\" src=\"http:\/\/grandissons.org\/wp-content\/uploads\/2015\/03\/afficheCG-243x300.jpg\" alt=\"afficheCG\" width=\"243\" height=\"300\" srcset=\"https:\/\/grandissons.org\/wp-content\/uploads\/2015\/03\/afficheCG-243x300.jpg 243w, https:\/\/grandissons.org\/wp-content\/uploads\/2015\/03\/afficheCG-831x1024.jpg 831w, https:\/\/grandissons.org\/wp-content\/uploads\/2015\/03\/afficheCG.jpg 1117w\" sizes=\"(max-width: 243px) 100vw, 243px\" \/><\/a><\/p>\n<p>Voici l&rsquo;affiche au format pdf :\u00a0<a href=\"http:\/\/grandissons.org\/wp-content\/uploads\/2015\/03\/afficheCG.pdf\">afficheCG<\/a><\/p>\n<p>Et la version flyers :\u00a0<a href=\"http:\/\/grandissons.org\/wp-content\/uploads\/2015\/03\/afficheCGA6.pdf\">afficheCGA6<\/a><\/p>\n<p>Le formulaire de questions post-conf\u00e9rence concernant la communication sur l&rsquo;\u00e9v\u00e9nement\u00a0:<br \/>\n<iframe loading=\"lazy\" src=\"https:\/\/docs.google.com\/forms\/d\/1mjFPtuI5XMwTPpIoNJ30vmrjb60UlH4P5eszbaYwbD0\/viewform?embedded=true\" width=\"500\" height=\"500\" frameborder=\"0\" marginwidth=\"0\" marginheight=\"0\">Loading&#8230;<\/iframe><br \/>\n(ouvrir dans le navigateur :\u00a0<a href=\"http:\/\/goo.gl\/forms\/RtfNl0KeWA\" target=\"_blank\">http:\/\/goo.gl\/forms\/RtfNl0KeWA<\/a>)<\/p>\n<p>&nbsp;<\/p>\n<hr \/>\n<p>&nbsp;<\/p>\n<p>Le <strong>25 avril 2014<\/strong>, nous avions eu la chance d&rsquo;entendre <strong>Olivier Maurel<\/strong>, auteur, fondateur de l&rsquo;<a href=\"http:\/\/www.oveo.org\/\" target=\"_blank\">OVEO<\/a>.<\/p>\n<p>Pour voir le compte-rendu de la conf\u00e9rence :\u00a0<a href=\"http:\/\/grandissons.org\/?p=841\" target=\"_blank\">http:\/\/grandissons.org\/?p=841<\/a><\/p>\n","protected":false},"excerpt":{"rendered":"<p>Cette ann\u00e9e, nouvelle conf\u00e9rence organis\u00e9e par Grandissons\u00a0: le samedi 4 avril 2015, nous avons\u00a0accueilli\u00a0Carlos Gonzalez. Sa mini-biographie : p\u00e8re de trois fils, p\u00e9diatre, auteur des livres Mi ni\u00f1o no me come, B\u00e9same mucho, Manual pr\u00e1ctico de lactancia materna, Un regalo para toda la vida, Entre tu pediatra y t\u00fa, En defensa de las vacunas y &#8230;<span class=\"read-more\"><a href=\"https:\/\/grandissons.org\/?page_id=1817\">>>Read more<\/a><\/span><\/p>\n","protected":false},"author":1,"featured_media":0,"parent":1397,"menu_order":0,"comment_status":"open","ping_status":"open","template":"","meta":{"footnotes":""},"_links":{"self":[{"href":"https:\/\/grandissons.org\/index.php?rest_route=\/wp\/v2\/pages\/1817"}],"collection":[{"href":"https:\/\/grandissons.org\/index.php?rest_route=\/wp\/v2\/pages"}],"about":[{"href":"https:\/\/grandissons.org\/index.php?rest_route=\/wp\/v2\/types\/page"}],"author":[{"embeddable":true,"href":"https:\/\/grandissons.org\/index.php?rest_route=\/wp\/v2\/users\/1"}],"replies":[{"embeddable":true,"href":"https:\/\/grandissons.org\/index.php?rest_route=%2Fwp%2Fv2%2Fcomments&post=1817"}],"version-history":[{"count":12,"href":"https:\/\/grandissons.org\/index.php?rest_route=\/wp\/v2\/pages\/1817\/revisions"}],"predecessor-version":[{"id":2102,"href":"https:\/\/grandissons.org\/index.php?rest_route=\/wp\/v2\/pages\/1817\/revisions\/2102"}],"up":[{"embeddable":true,"href":"https:\/\/grandissons.org\/index.php?rest_route=\/wp\/v2\/pages\/1397"}],"wp:attachment":[{"href":"https:\/\/grandissons.org\/index.php?rest_route=%2Fwp%2Fv2%2Fmedia&parent=1817"}],"curies":[{"name":"wp","href":"https:\/\/api.w.org\/{rel}","templated":true}]}}