{"id":17,"date":"2021-09-27T18:25:31","date_gmt":"2021-09-27T17:25:31","guid":{"rendered":"http:\/\/grandissons.vinvin.tf\/?page_id=17"},"modified":"2023-10-06T15:51:49","modified_gmt":"2023-10-06T13:51:49","slug":"adherons","status":"publish","type":"page","link":"https:\/\/grandissons.org\/?page_id=17","title":{"rendered":"Pour adh\u00e9rer\/participer"},"content":{"rendered":"<h1 style=\"text-align: center;\">\u00a0Soutenez<\/h1>\n<h1 style=\"text-align: center;\"><a href=\"http:\/\/grandissons.org\/wp-content\/uploads\/2014\/01\/grandissons.jpg\"><img decoding=\"async\" loading=\"lazy\" class=\"aligncenter size-medium wp-image-1386\" src=\"http:\/\/grandissons.org\/wp-content\/uploads\/2014\/01\/grandissons-300x58.jpg\" alt=\"grandissons\" width=\"300\" height=\"58\" srcset=\"https:\/\/grandissons.org\/wp-content\/uploads\/2014\/01\/grandissons-300x58.jpg 300w, https:\/\/grandissons.org\/wp-content\/uploads\/2014\/01\/grandissons.jpg 735w\" sizes=\"(max-width: 300px) 100vw, 300px\" \/><\/a><\/h1>\n<h2>Adh\u00e9sion<\/h2>\n<p>Vous pouvez :<\/p>\n<ul>\n<li>Adh\u00e9rer \u00e0 <i>Grandissons<\/i> pour l\u2019ann\u00e9e pour un montant de <b>15\u20ac<\/b>\u00a0par adulte (cotisation ouvrant l\u2019acc\u00e8s \u00e0 notre <a title=\"Lisons\" href=\"http:\/\/grandissons.org\/?page_id=15\" target=\"_blank\" rel=\"noopener noreferrer\">biblioth\u00e8que de pr\u00eat<\/a>).\u00a0Lors de votre premier emprunt de livre, un ch\u00e8que de caution de 30\u20ac vous sera demand\u00e9 (il ne sera pas encaiss\u00e9).<\/li>\n<li>Adh\u00e9rer \u00e0\u00a0<i>Grandissons<\/i> pour l\u2019ann\u00e9e pour un montant de 6<b>\u20ac<\/b>\u00a0par adulte (cotisation de base)<\/li>\n<li>Vous pouvez aussi adh\u00e9rer autrement, au prix que vous voulez. Un peu, beaucoup, passionn\u00e9ment, pas du tout ! Votre soutien n&rsquo;a pas de prix, vous nous aidez aussi en participant \u00e0 nos actions.<\/li>\n<li>Faire un don du montant de votre choix<\/li>\n<\/ul>\n<p>Vous pouvez aussi payer en ligne :<\/p>\n<ul>\n<li><a href=\"https:\/\/www.helloasso.com\/associations\/grandissons\/adhesions\/adhesion-2024-grandissons-asso\">via HelloAsso<\/a>\n<div style=\"width: 100%; text-align: center;\"><\/div>\n<\/li>\n<\/ul>\n<p>Il est possible d&rsquo;adh\u00e9rer sur place lors de nos rencontres ou encore de compl\u00e9ter et de renvoyer le bulletin d&rsquo;adh\u00e9sion ci-dessous :<\/p>\n<p><a href=\"https:\/\/grandissons.org\/wp-content\/uploads\/2022\/11\/Bulletin-adhesion-Grandissons-2023.odt\" target=\"_blank\" rel=\"noopener\">Bulletin-adh\u00e9sion-Grandissons-2023<\/a><\/p>\n<p style=\"text-align: justify;\">En cas de renouvellement de votre soutien, si vos informations n&rsquo;ont pas chang\u00e9, il n&rsquo;est pas n\u00e9cessaire de remplir un nouveau bulletin d&rsquo;adh\u00e9sion.<\/p>\n<h2>Affichage<\/h2>\n<p>Vous pouvez \u00e9galement nous aider \u00e0 communiquer sur nos diff\u00e9rents \u00e9v\u00e9nements : promouvoir, faire conna\u00eetre, afficher, distribuer\u2026 Toutes les bonnes volont\u00e9s sont bienvenues pour nous aider \u00e0 nous d\u00e9velopper. Chaque affiche suppl\u00e9mentaire d\u00e9pos\u00e9e est une aide pr\u00e9cieuse\u00a0!<\/p>\n<p>Vous pouvez d\u00e9poser des affiches et des flyers dans votre boutique, librairie\u2026, \u00e0 la cr\u00e8che, \u00e9cole de vos enfants, chez votre m\u00e9decin, sage-femme\u2026, \u00e0 la biblioth\u00e8que, centre d\u2019accueil\u2026 Bref, partout o\u00f9 elles seront accept\u00e9es.<\/p>\n<p>Pour r\u00e9cup\u00e9rer des affiches et des flyers, vous pouvez <a href=\"mailto:grandissons@free.fr\">nous contacter<\/a> pour que nous nous retrouvions quelque part, nous demander de vous les envoyer par la Poste, ou encore par mail si vous pouvez imprimer.<\/p>\n","protected":false},"excerpt":{"rendered":"<p>\u00a0Soutenez Adh\u00e9sion Vous pouvez : Adh\u00e9rer \u00e0 Grandissons pour l\u2019ann\u00e9e pour un montant de 15\u20ac\u00a0par adulte (cotisation ouvrant l\u2019acc\u00e8s \u00e0 notre biblioth\u00e8que de pr\u00eat).\u00a0Lors de votre premier emprunt de livre, un ch\u00e8que de caution de 30\u20ac vous sera demand\u00e9 (il ne sera pas encaiss\u00e9). Adh\u00e9rer \u00e0\u00a0Grandissons pour l\u2019ann\u00e9e pour un montant de 6\u20ac\u00a0par adulte (cotisation &#8230;<span class=\"read-more\"><a href=\"https:\/\/grandissons.org\/?page_id=17\">>>Read more<\/a><\/span><\/p>\n","protected":false},"author":1,"featured_media":0,"parent":4,"menu_order":0,"comment_status":"open","ping_status":"open","template":"","meta":{"footnotes":""},"_links":{"self":[{"href":"https:\/\/grandissons.org\/index.php?rest_route=\/wp\/v2\/pages\/17"}],"collection":[{"href":"https:\/\/grandissons.org\/index.php?rest_route=\/wp\/v2\/pages"}],"about":[{"href":"https:\/\/grandissons.org\/index.php?rest_route=\/wp\/v2\/types\/page"}],"author":[{"embeddable":true,"href":"https:\/\/grandissons.org\/index.php?rest_route=\/wp\/v2\/users\/1"}],"replies":[{"embeddable":true,"href":"https:\/\/grandissons.org\/index.php?rest_route=%2Fwp%2Fv2%2Fcomments&post=17"}],"version-history":[{"count":43,"href":"https:\/\/grandissons.org\/index.php?rest_route=\/wp\/v2\/pages\/17\/revisions"}],"predecessor-version":[{"id":4397,"href":"https:\/\/grandissons.org\/index.php?rest_route=\/wp\/v2\/pages\/17\/revisions\/4397"}],"up":[{"embeddable":true,"href":"https:\/\/grandissons.org\/index.php?rest_route=\/wp\/v2\/pages\/4"}],"wp:attachment":[{"href":"https:\/\/grandissons.org\/index.php?rest_route=%2Fwp%2Fv2%2Fmedia&parent=17"}],"curies":[{"name":"wp","href":"https:\/\/api.w.org\/{rel}","templated":true}]}}