{"id":1626,"date":"2014-12-16T20:18:29","date_gmt":"2014-12-16T19:18:29","guid":{"rendered":"http:\/\/grandissons.org\/?page_id=1626"},"modified":"2021-11-06T14:13:09","modified_gmt":"2021-11-06T13:13:09","slug":"la-charte","status":"publish","type":"page","link":"https:\/\/grandissons.org\/?page_id=1626","title":{"rendered":"La Charte"},"content":{"rendered":"<p><strong>Qu\u2019est-ce que <em>Grandissons<\/em>\u00a0? <\/strong><\/p>\n<p><em>Grandissons<\/em> est une association \u00e0 but non-lucratif loi 1901, cr\u00e9\u00e9e par trois jeunes mamans de Cagnes-sur-Mer et Nice (06) en d\u00e9cembre 2013.<\/p>\n<p><strong>Quels sont ses objectifs\u00a0? <\/strong><\/p>\n<p>R\u00e9unir des parents, issus de tous pays et de tous horizons, pour partager et \u00e9changer sur tous les sujets en rapport avec la parentalit\u00e9, afin qu\u2019aucun parent ni aucune famille ne se retrouve isol\u00e9 avec son enfant si ce n\u2019est pas son souhait.<\/p>\n<p>Proposer des ateliers d\u2019information, de discussion, de loisirs et d\u2019\u00e9change ouverts \u00e0 tous les parents avec leurs enfants.<\/p>\n<p>Tenir un site internet enrichi de nos recherches personnelles, de nos exp\u00e9riences, de nos r\u00e9flexions. Ce site se veut participatif, et nous serons ravies de l\u2019enrichir des propositions d\u2019articles correspondant \u00e0 notre philosophie.<\/p>\n<p>Proposer un forum, ouvert \u00e0 tous, de sorte \u00e0 offrir un espace pour des \u00e9changes et discussions de qualit\u00e9 dans le respect de chacun sur les sujets ayant trait \u00e0 la parentalit\u00e9.<\/p>\n<p>Nous souhaitons\u00a0:<\/p>\n<ul>\n<li>simplifier l&rsquo;acc\u00e8s \u00e0 une multitude de ressources.<\/li>\n<li>promouvoir les \u00e9changes autour des pratiques de parentalit\u00e9<\/li>\n<li>informer des actualit\u00e9s, rencontres et activit\u00e9s propos\u00e9es dans les Alpes Maritimes par les autres associations et institutions.<\/li>\n<li>promouvoir tout type de synergie et de mutualisation interne ou externe \u00e0 l&rsquo;association\u00a0: \u00e9changes avec les autres partenaires du d\u00e9partement, interactions avec les autres associations, \u00e9changes et mise \u00e0 contribution des professionnels de l\u2019enfance\u2026<\/li>\n<\/ul>\n<p><strong>Philosophie<\/strong><\/p>\n<p>Le point central de notre association est le <strong>respect<\/strong>\u00a0: respect de l\u2019enfant, respect des parents, respect de la famille.<\/p>\n<p>Dans ce cadre unique, la place est donn\u00e9e \u00e0 l\u2019\u00e9change, au soutien, \u00e0 la communication, que celle-ci soit de parent \u00e0 parent ou de parent \u00e0 enfant.<\/p>\n<p>Chacun doit \u00eatre libre d\u2019agir comme il l\u2019entend, \u00e0 condition d\u2019avoir pu r\u00e9aliser ses choix en connaissance de cause et enrichi de toute l\u2019information li\u00e9e \u00e0 ce choix. Tout parent devrait pouvoir trouver le soutien qui lui est n\u00e9cessaire, et la possibilit\u00e9 d\u2019\u00e9changer sur les connaissances qu\u2019il aura acquises.<\/p>\n<p>Si <em>Grandissons<\/em> aborde certains th\u00e8mes plus que d\u2019autres, c\u2019est parce que nous traitons avant tout les probl\u00e9matiques pour lesquelles nous avons de l\u2019exp\u00e9rience, de l\u2019int\u00e9r\u00eat, de l\u2019information et des connaissances.<\/p>\n<p>Nul ne doit se sentir jug\u00e9, mais chacun doit rester ouvert \u00e0 la discussion, dans un langage et un mode pacifique et respectueux.<\/p>\n<p><strong>Fonctionnement de l\u2019association<\/strong><\/p>\n<p>Nous percevons des subventions de la CAF et du D\u00e9partement des Alpes Maritimes depuis 2019. Ceci qui nous permet de payer des intervenants et d&rsquo;ainsi proposer des ateliers accessibles au plus grand nombre.<\/p>\n<p>La majorit\u00e9 des intervenants sont b\u00e9n\u00e9voles.<\/p>\n<p>Les adh\u00e9rents sont convi\u00e9s une fois par an \u00e0 se r\u00e9unir pour une Assembl\u00e9e G\u00e9n\u00e9rale permettant de discuter du fonctionnement et des projets de l\u2019association.<\/p>\n<p>Les membres de l\u2019association qui le souhaitent peuvent \u00e0 tout moment se proposer en tant que b\u00e9n\u00e9voles pour r\u00e9diger des articles, proposer ou accompagner des ateliers, seconder les autres b\u00e9n\u00e9voles.<\/p>\n","protected":false},"excerpt":{"rendered":"<p>Qu\u2019est-ce que Grandissons\u00a0? Grandissons est une association \u00e0 but non-lucratif loi 1901, cr\u00e9\u00e9e par trois jeunes mamans de Cagnes-sur-Mer et Nice (06) en d\u00e9cembre 2013. Quels sont ses objectifs\u00a0? R\u00e9unir des parents, issus de tous pays et de tous horizons, pour partager et \u00e9changer sur tous les sujets en rapport avec la parentalit\u00e9, afin qu\u2019aucun &#8230;<span class=\"read-more\"><a href=\"https:\/\/grandissons.org\/?page_id=1626\">>>Read more<\/a><\/span><\/p>\n","protected":false},"author":1,"featured_media":0,"parent":4,"menu_order":0,"comment_status":"open","ping_status":"open","template":"","meta":{"footnotes":""},"_links":{"self":[{"href":"https:\/\/grandissons.org\/index.php?rest_route=\/wp\/v2\/pages\/1626"}],"collection":[{"href":"https:\/\/grandissons.org\/index.php?rest_route=\/wp\/v2\/pages"}],"about":[{"href":"https:\/\/grandissons.org\/index.php?rest_route=\/wp\/v2\/types\/page"}],"author":[{"embeddable":true,"href":"https:\/\/grandissons.org\/index.php?rest_route=\/wp\/v2\/users\/1"}],"replies":[{"embeddable":true,"href":"https:\/\/grandissons.org\/index.php?rest_route=%2Fwp%2Fv2%2Fcomments&post=1626"}],"version-history":[{"count":2,"href":"https:\/\/grandissons.org\/index.php?rest_route=\/wp\/v2\/pages\/1626\/revisions"}],"predecessor-version":[{"id":4198,"href":"https:\/\/grandissons.org\/index.php?rest_route=\/wp\/v2\/pages\/1626\/revisions\/4198"}],"up":[{"embeddable":true,"href":"https:\/\/grandissons.org\/index.php?rest_route=\/wp\/v2\/pages\/4"}],"wp:attachment":[{"href":"https:\/\/grandissons.org\/index.php?rest_route=%2Fwp%2Fv2%2Fmedia&parent=1626"}],"curies":[{"name":"wp","href":"https:\/\/api.w.org\/{rel}","templated":true}]}}