{"id":1567,"date":"2023-10-05T19:36:29","date_gmt":"2023-10-05T17:36:29","guid":{"rendered":"http:\/\/grandissons.org\/?page_id=1567"},"modified":"2023-10-05T19:36:29","modified_gmt":"2023-10-05T17:36:29","slug":"gtt-cagnes-sur-mer","status":"publish","type":"page","link":"https:\/\/grandissons.org\/?page_id=1567","title":{"rendered":"La Grande T\u00e9t\u00e9e \u00e0 Cagnes-sur-Mer"},"content":{"rendered":"<p><img decoding=\"async\" loading=\"lazy\" class=\"size-full wp-image-1572 alignleft\" src=\"http:\/\/grandissons.org\/wp-content\/uploads\/2014\/12\/Logo-GTT-2013-e1368995343286.png\" alt=\"Logo-GTT-2013-e1368995343286\" width=\"120\" height=\"131\" \/>Pendant presque 10 ans, Grandissons a \u00e9t\u00e9 adh\u00e9rente en tant qu&rsquo;association \u00e0 l&rsquo;association nationale<strong> La Grande T\u00e9t\u00e9e<\/strong>.<\/p>\n<p><span style=\"color: #ff0000;\">Si vous avez envie de reprendre les r\u00eanes pour organiser avec nous une nouvelle Grande T\u00e9t\u00e9e, contactez-nous \ud83d\ude42<\/span><\/p>\n<p>Nous avons organis\u00e9 de 2013 \u00e0 2022 la GTT de Cagnes-sur-Mer !<\/p>\n<ul>\n<li>d&rsquo;informer sur l&rsquo;allaitement maternel ;<\/li>\n<li>d&rsquo;augmenter la visibilit\u00e9 de celui-ci ;<\/li>\n<li>de r\u00e9unir et de soutenir les parents concern\u00e9s ;<\/li>\n<li>de\u00a0mettre en relation les parents avec le r\u00e9seau des associations de soutien \u00e0 l&rsquo;allaitement maternel et des professionnels de sant\u00e9 (notamment sage-femmes, consultantes en lactation) de la r\u00e9gion.<\/li>\n<\/ul>\n<p><a href=\"http:\/\/grandissons.org\/wp-content\/uploads\/2014\/12\/2013_06_Cagnes-sur-mer_02cl.jpg\"><img decoding=\"async\" loading=\"lazy\" class=\"aligncenter wp-image-2772 size-medium\" src=\"http:\/\/grandissons.org\/wp-content\/uploads\/2014\/12\/2013_06_Cagnes-sur-mer_02cl-300x200.jpg\" alt=\"2013_06_cagnes-sur-mer_02cl\" width=\"300\" height=\"200\" srcset=\"https:\/\/grandissons.org\/wp-content\/uploads\/2014\/12\/2013_06_Cagnes-sur-mer_02cl-300x200.jpg 300w, https:\/\/grandissons.org\/wp-content\/uploads\/2014\/12\/2013_06_Cagnes-sur-mer_02cl.jpg 1024w, https:\/\/grandissons.org\/wp-content\/uploads\/2014\/12\/2013_06_Cagnes-sur-mer_02cl-133x89.jpg 133w\" sizes=\"(max-width: 300px) 100vw, 300px\" \/><\/a><\/p>\n<p><a href=\"http:\/\/grandissons.org\/wp-content\/uploads\/2014\/12\/2014_06_Cagnes-sur-mer_03cl.jpg\"><img decoding=\"async\" loading=\"lazy\" class=\"aligncenter wp-image-2771 size-medium\" src=\"http:\/\/grandissons.org\/wp-content\/uploads\/2014\/12\/2014_06_Cagnes-sur-mer_03cl-300x200.jpg\" alt=\"2014_06_cagnes-sur-mer_03cl\" width=\"300\" height=\"200\" srcset=\"https:\/\/grandissons.org\/wp-content\/uploads\/2014\/12\/2014_06_Cagnes-sur-mer_03cl-300x200.jpg 300w, https:\/\/grandissons.org\/wp-content\/uploads\/2014\/12\/2014_06_Cagnes-sur-mer_03cl.jpg 1024w, https:\/\/grandissons.org\/wp-content\/uploads\/2014\/12\/2014_06_Cagnes-sur-mer_03cl-133x89.jpg 133w\" sizes=\"(max-width: 300px) 100vw, 300px\" \/><\/a><\/p>\n<p><a href=\"http:\/\/grandissons.org\/wp-content\/uploads\/2014\/12\/2015_06_Cagnes-sur-mer_04cl.jpg\"><img decoding=\"async\" loading=\"lazy\" class=\"aligncenter wp-image-2770 size-medium\" src=\"http:\/\/grandissons.org\/wp-content\/uploads\/2014\/12\/2015_06_Cagnes-sur-mer_04cl-300x200.jpg\" alt=\"2015_06_cagnes-sur-mer_04cl\" width=\"300\" height=\"200\" srcset=\"https:\/\/grandissons.org\/wp-content\/uploads\/2014\/12\/2015_06_Cagnes-sur-mer_04cl-300x200.jpg 300w, https:\/\/grandissons.org\/wp-content\/uploads\/2014\/12\/2015_06_Cagnes-sur-mer_04cl.jpg 1024w, https:\/\/grandissons.org\/wp-content\/uploads\/2014\/12\/2015_06_Cagnes-sur-mer_04cl-133x89.jpg 133w\" sizes=\"(max-width: 300px) 100vw, 300px\" \/><\/a><\/p>\n<p><a href=\"http:\/\/grandissons.org\/wp-content\/uploads\/2014\/12\/2016_06_Cagnes-sur-mer_04cl.jpg\"><img decoding=\"async\" loading=\"lazy\" class=\"aligncenter wp-image-2774 size-medium\" src=\"http:\/\/grandissons.org\/wp-content\/uploads\/2014\/12\/2016_06_Cagnes-sur-mer_04cl-300x200.jpg\" alt=\"2016_06_cagnes-sur-mer_04cl\" width=\"300\" height=\"200\" srcset=\"https:\/\/grandissons.org\/wp-content\/uploads\/2014\/12\/2016_06_Cagnes-sur-mer_04cl-300x200.jpg 300w, https:\/\/grandissons.org\/wp-content\/uploads\/2014\/12\/2016_06_Cagnes-sur-mer_04cl.jpg 1024w, https:\/\/grandissons.org\/wp-content\/uploads\/2014\/12\/2016_06_Cagnes-sur-mer_04cl-133x88.jpg 133w\" sizes=\"(max-width: 300px) 100vw, 300px\" \/><\/a><\/p>\n<p>Voici la page d\u00e9di\u00e9e \u00e0 certaines journ\u00e9es que nous avons organis\u00e9es sur le site de la Grande T\u00e9t\u00e9e :<\/p>\n<p><a href=\"http:\/\/www.grandetetee.com\/author\/gtt-cagnes-sur-mer\/\" target=\"_blank\" rel=\"noopener\">http:\/\/www.grandetetee.com\/author\/gtt-cagnes-sur-mer\/<\/a><\/p>\n<p>Notre photo de l&rsquo;ann\u00e9e \u00e9tait\u00a0en page principale du site en 2015 :\u00a0<a href=\"http:\/\/www.grandetetee.com\/\" target=\"_blank\" rel=\"noopener\">http:\/\/www.grandetetee.com\/<\/a><\/p>\n<p>L&rsquo;\u00e9v\u00e9nement 2016 sur Facebook :\u00a0<a href=\"https:\/\/business.facebook.com\/events\/1716261061959436\/\">https:\/\/business.facebook.com\/events\/1716261061959436\/<\/a><\/p>\n<p>Voici la pr\u00e9sentation faite en 2014\u00a0par Marie :<\/p>\n<p><a href=\"http:\/\/grandissons.org\/wp-content\/uploads\/2014\/12\/GTT2014Cagnes06.pdf\">GTT2014Cagnes06<\/a><\/p>\n<p>Et la vid\u00e9o qu&rsquo;on y a pass\u00e9 :<\/p>\n<div style=\"width: 320px;\" class=\"wp-video\"><!--[if lt IE 9]><script>document.createElement('video');<\/script><![endif]-->\n<video class=\"wp-video-shortcode\" id=\"video-1567-1\" width=\"320\" height=\"240\" preload=\"metadata\" controls=\"controls\"><source type=\"video\/webm\" src=\"http:\/\/grandissons.org\/wp-content\/uploads\/2014\/12\/0248-allaitement-maternel.webm?_=1\" \/><a href=\"http:\/\/grandissons.org\/wp-content\/uploads\/2014\/12\/0248-allaitement-maternel.webm\">http:\/\/grandissons.org\/wp-content\/uploads\/2014\/12\/0248-allaitement-maternel.webm<\/a><\/video><\/div>\n<hr \/>\n<p>Revue de presse de l&rsquo;\u00e9dition 2013 :<\/p>\n<ul>\n<li>Emission de TV Azur, le 14 octobre 2013 sur la Grande T\u00e9t\u00e9e (pr\u00e9-Grandissons)<\/li>\n<\/ul>\n<p><a class=\"postlink\" href=\"http:\/\/www.azur-tv.fr\/content\/le-journal-du-14102013\">http:\/\/www.azur-tv.fr\/content\/le-journal-du-14102013<\/a><br \/>\n(entre 4min et 6min30)<\/p>\n<ul>\n<li>Nice matin, \u00e9dition de Cagnes-sur-Mer<\/li>\n<\/ul>\n<p><a href=\"http:\/\/grandissons.org\/wp-content\/uploads\/2014\/12\/IMG_2368.jpg\"><img decoding=\"async\" loading=\"lazy\" class=\"alignnone wp-image-2222\" src=\"http:\/\/grandissons.org\/wp-content\/uploads\/2014\/12\/IMG_2368-1024x530.jpg\" alt=\"IMG_2368\" width=\"500\" height=\"259\" srcset=\"https:\/\/grandissons.org\/wp-content\/uploads\/2014\/12\/IMG_2368-1024x530.jpg 1024w, https:\/\/grandissons.org\/wp-content\/uploads\/2014\/12\/IMG_2368-300x155.jpg 300w\" sizes=\"(max-width: 500px) 100vw, 500px\" \/><\/a><\/p>\n","protected":false},"excerpt":{"rendered":"<p>Pendant presque 10 ans, Grandissons a \u00e9t\u00e9 adh\u00e9rente en tant qu&rsquo;association \u00e0 l&rsquo;association nationale La Grande T\u00e9t\u00e9e. Si vous avez envie de reprendre les r\u00eanes pour organiser avec nous une nouvelle Grande T\u00e9t\u00e9e, contactez-nous \ud83d\ude42 Nous avons organis\u00e9 de 2013 \u00e0 2022 la GTT de Cagnes-sur-Mer ! d&rsquo;informer sur l&rsquo;allaitement maternel ; d&rsquo;augmenter la visibilit\u00e9 &#8230;<span class=\"read-more\"><a href=\"https:\/\/grandissons.org\/?page_id=1567\">>>Read more<\/a><\/span><\/p>\n","protected":false},"author":1,"featured_media":0,"parent":10,"menu_order":0,"comment_status":"open","ping_status":"open","template":"","meta":{"footnotes":""},"_links":{"self":[{"href":"https:\/\/grandissons.org\/index.php?rest_route=\/wp\/v2\/pages\/1567"}],"collection":[{"href":"https:\/\/grandissons.org\/index.php?rest_route=\/wp\/v2\/pages"}],"about":[{"href":"https:\/\/grandissons.org\/index.php?rest_route=\/wp\/v2\/types\/page"}],"author":[{"embeddable":true,"href":"https:\/\/grandissons.org\/index.php?rest_route=\/wp\/v2\/users\/1"}],"replies":[{"embeddable":true,"href":"https:\/\/grandissons.org\/index.php?rest_route=%2Fwp%2Fv2%2Fcomments&post=1567"}],"version-history":[{"count":13,"href":"https:\/\/grandissons.org\/index.php?rest_route=\/wp\/v2\/pages\/1567\/revisions"}],"predecessor-version":[{"id":4388,"href":"https:\/\/grandissons.org\/index.php?rest_route=\/wp\/v2\/pages\/1567\/revisions\/4388"}],"up":[{"embeddable":true,"href":"https:\/\/grandissons.org\/index.php?rest_route=\/wp\/v2\/pages\/10"}],"wp:attachment":[{"href":"https:\/\/grandissons.org\/index.php?rest_route=%2Fwp%2Fv2%2Fmedia&parent=1567"}],"curies":[{"name":"wp","href":"https:\/\/api.w.org\/{rel}","templated":true}]}}