{"id":148,"date":"2014-01-20T20:09:28","date_gmt":"2014-01-20T19:09:28","guid":{"rendered":"http:\/\/grandissons.org\/?page_id=148"},"modified":"2015-03-15T19:05:45","modified_gmt":"2015-03-15T18:05:45","slug":"bilinguisme","status":"publish","type":"page","link":"https:\/\/grandissons.org\/?page_id=148","title":{"rendered":"Bilinguisme"},"content":{"rendered":"<p>Le bilinguisme est la capacit\u00e9 \u00e0 comprendre et \u00e0 s\u2019exprimer dans deux langues. Il est accessible \u00e0 tous, pour peu que la n\u00e9cessit\u00e9 de communication soit pr\u00e9sente dans les deux langues.<\/p>\n<p>Si 50% de la population mondiale parle plusieurs langues, il y a de nombreuses mani\u00e8res d\u2019\u00eatre bilingue (ou plurilingue). La p\u00e9riode \u00e0 laquelle la ou les autres langues sont acquises, la situation dans laquelle se fait cet apprentissage et la notori\u00e9t\u00e9 des langues d\u00e9clinent autant de variables.<\/p>\n<p>Au fait de fr\u00e9quenter plusieurs langues s\u2019associe celui de partager plusieurs cultures.<\/p>\n<p>Il est vrai que devenir et rester bilingue est parfois un d\u00e9fi et pr\u00e9sente des difficult\u00e9s, mais cela offre aussi des avantages sur le plan cognitif.<\/p>\n<p><em>Car plurilinguisme et pluriculture sont avant tout une richesse\u00a0!<\/em><\/p>\n<p>&nbsp;<\/p>\n<p><b>Ce que nous proposons au c\u0153ur de l\u2019association\u00a0: <\/b><\/p>\n<ul>\n<li>Nous souhaitons organiser des <span style=\"color: #800080;\"><strong>s\u00e9ances d\u2019information sur le bilinguisme<\/strong><\/span> dans diff\u00e9rents lieux afin de soutenir les familles lanc\u00e9es dans cette aventure.<\/li>\n<\/ul>\n<p>Plus d&rsquo;informations ici :<a href=\"http:\/\/grandissons.org\/?page_id=648\" target=\"_blank\">\u00a0http:\/\/grandissons.org\/?page_id=648<\/a><\/p>\n<p>&nbsp;<\/p>\n<ul>\n<li>Nous proposons des <span style=\"color: #800080;\"><strong>th\u00e9s-multilingues<\/strong><\/span>, dans le but de permettre aux parents et aux enfants concern\u00e9s de se rencontrer, d\u2019\u00e9changer leurs exp\u00e9riences et de faire la connaissance de rencontrer d\u2019autres personnes parlant la m\u00eame langue qu\u2019eux.<\/li>\n<\/ul>\n<p>Plus d&rsquo;informations ici :<a href=\"http:\/\/grandissons.org\/?page_id=315\" target=\"_blank\">\u00a0http:\/\/grandissons.org\/?page_id=315<\/a><\/p>\n<p>&nbsp;<\/p>\n<ul>\n<li>Nous regroupons des familles ayant\u00a0<span style=\"line-height: 1.5em;\">une langue commune et les aidons \u00e0 organiser quelques activit\u00e9s afin d\u2019offrir aux enfants un lieu et des interlocuteurs suppl\u00e9mentaire pour pratiquer leur langue minoritaire, ainsi qu\u2019un lieu d\u2019\u00e9change et de pratique de la langue pour les parents. Ce sont les\u00a0<\/span><span style=\"color: #800080;\"><strong>APPEL\u00a0<\/strong><\/span>pour \u00ab<span style=\"color: #800080;\"><strong>\u00a0Ateliers Polyculturels entre Parents, Enfants et Langues\u00a0<\/strong>\u00bb.<\/span><\/li>\n<\/ul>\n<p>Plus d&rsquo;informations ici :\u00a0<a href=\"http:\/\/grandissons.org\/?page_id=408\" target=\"_blank\">http:\/\/grandissons.org\/?page_id=408<\/a><\/p>\n<p>&nbsp;<\/p>\n<ul>\n<li>Nous diffusons un<span style=\"color: #800080;\"><strong> livret d&rsquo;information sur le bilinguisme<\/strong><\/span>, r\u00e9alis\u00e9 par Lise (qui est orthophoniste et concern\u00e9e par le bilinguisme) et que nous souhaiterions voir traduit dans beaucoup de (toutes les ?) langues.\u00a0Il existe aujourd&rsquo;hui des versions italiennes et anglaises du livret. C<a href=\"mailto:grandissons@free.fr\" target=\"_blank\">ontactez-nous<\/a> si vous pouvez nous aider dans ce projet !<\/li>\n<\/ul>\n<p><a href=\"http:\/\/grandissons.org\/wp-content\/uploads\/2014\/01\/livret_bilinguisme_fr.pdf\">livret_bilinguisme_fr<\/a><\/p>\n<p>&nbsp;<\/p>\n<ul>\n<li>Une section d\u00e9di\u00e9e \u00e0 la discussion sur le langage et le bilinguisme <span style=\"color: #800080;\"><strong>sur le forum<\/strong><\/span> :\u00a0<a href=\"http:\/\/grandissons.org\/forum\/index.php\/board,5.0.html\" target=\"_blank\">http:\/\/grandissons.org\/forum\/index.php\/board,5.0.html<\/a><\/li>\n<\/ul>\n<p>&nbsp;<\/p>\n<ul>\n<li>Participation \u00e0 <strong><span style=\"color: #800080;\">la Semaine des Langue<\/span><span style=\"color: #800080;\">s<\/span><\/strong>,\u00a0<strong>du 22 au 29 novembre 2014.\u00a0<\/strong>Plus d&rsquo;informations sur le site de notre partenaire, le CAFE Bilingue :\u00a0<a href=\"http:\/\/www.cafebilingue.com\/\" target=\"_blank\">http:\/\/www.cafebilingue.com\/<\/a><\/li>\n<\/ul>\n<p><strong>Nos partenaires pour le bilinguisme :<\/strong><\/p>\n<p><a href=\"http:\/\/www.cafebilingue.com\/\" target=\"_blank\"><img decoding=\"async\" loading=\"lazy\" class=\"size-medium wp-image-920 alignleft\" src=\"http:\/\/grandissons.org\/wp-content\/uploads\/2014\/01\/LOGOS-NEW-06-300x144.png\" alt=\"LOGOS-NEW-06\" width=\"300\" height=\"144\" srcset=\"https:\/\/grandissons.org\/wp-content\/uploads\/2014\/01\/LOGOS-NEW-06-300x144.png 300w, https:\/\/grandissons.org\/wp-content\/uploads\/2014\/01\/LOGOS-NEW-06-1024x494.png 1024w, https:\/\/grandissons.org\/wp-content\/uploads\/2014\/01\/LOGOS-NEW-06.png 1146w\" sizes=\"(max-width: 300px) 100vw, 300px\" \/><\/a><\/p>\n<p>Le Centre d\u2019Animation et de Formation pour l\u2019Education Bilingue et Plurilingue (CAFE\u0301 BILINGUE), association cre\u0301e\u0301e en 2006 et r\u00e9unissant des socio-\u00ad et psycholinguistes, des professionnels de la petite enfance, de la sante\u0301 et du langage, a pour mission de promouvoir le plurilinguisme, l\u2019e\u0301ducation bilingue, la communication interculturelle, sans hie\u0301rarchisation des langues.<\/p>\n<p>Il me\u0300ne des actions be\u0301ne\u0301voles de sensibilisation, d\u2019information, de mobilisation et d\u2019accompagnement des familles, favorise la cre\u0301ation de multiples \u00ab Cafe\u0301s bilingues \u00bb en France et d\u2019ailleurs. Il propose e\u0301galement des formations aux professionnels de divers secteurs (enfance, sante\u0301, e\u0301ducation, social, accompagnement).<\/p>\n<p><a href=\"http:\/\/www.cafebilingue.com\/\" target=\"_blank\">http:\/\/www.cafebilingue.com\/<\/a><\/p>\n<p>&nbsp;<\/p>\n<p>&nbsp;<\/p>\n<p><b>Quelques sites pour aller au-del\u00e0\u00a0:<\/b><\/p>\n<p>Un<a href=\"http:\/\/www.cafebilingue.com\/ressources\/bibliographie\/\" target=\"_blank\"><img decoding=\"async\" loading=\"lazy\" class=\"alignleft size-thumbnail wp-image-231\" src=\"http:\/\/grandissons.org\/wp-content\/uploads\/2014\/01\/header_cafe_bilingue-150x150.jpg\" alt=\"header_cafe_bilingue\" width=\"150\" height=\"150\" \/><\/a>e bibliographie plut\u00f4t compl\u00e8te\u00a0:<\/p>\n<p><a href=\"http:\/\/www.cafebilingue.com\/ressources\/bibliographie\/\">http:\/\/www.cafebilingue.com\/ressources\/bibliographie\/<\/a><\/p>\n<p>&nbsp;<\/p>\n<p>&nbsp;<\/p>\n<p>&nbsp;<\/p>\n<p>&nbsp;<\/p>\n<p><a href=\"http:\/\/www.bilinguisme-conseil.com\/\" target=\"_blank\"><img decoding=\"async\" loading=\"lazy\" class=\"alignleft size-thumbnail wp-image-232\" src=\"http:\/\/grandissons.org\/wp-content\/uploads\/2014\/01\/header_bilinguiseme_conseil-150x150.png\" alt=\"header_bilinguiseme_conseil\" width=\"150\" height=\"150\" \/><\/a><\/p>\n<p>Un site pour mieux comprendre le bilinguisme :<\/p>\n<p><a href=\"http:\/\/www.bilinguisme-conseil.com\/\">http:\/\/www.bilinguisme-conseil.com\/<\/a><\/p>\n<p>&nbsp;<\/p>\n<p>&nbsp;<\/p>\n<p>&nbsp;<\/p>\n<p>&nbsp;<\/p>\n<p><a href=\"http:\/\/crdp.ac-bordeaux.fr\/capoc\/file\/Bilinguisme\/Bilinguisme_precoce_Avantage_ou_Handicap_Denni_Krichel.pdf\" target=\"_blank\"><img decoding=\"async\" loading=\"lazy\" class=\"alignleft size-thumbnail wp-image-233\" src=\"http:\/\/grandissons.org\/wp-content\/uploads\/2014\/01\/CRDP-150x114.jpg\" alt=\"CRDP\" width=\"150\" height=\"114\" \/><\/a><\/p>\n<p>Un document pour aller plus loin :<\/p>\n<p><a href=\"http:\/\/crdp.ac-bordeaux.fr\/capoc\/file\/Bilinguisme\/Bilinguisme_precoce_Avantage_ou_Handicap_Denni_Krichel.pdf\">http:\/\/crdp.ac-bordeaux.fr\/capoc\/file\/Bilinguisme\/Bilinguisme_precoce_Avantage_ou_Handicap_Denni_Krichel.pdf<\/a><\/p>\n<p>&nbsp;<\/p>\n<p><a href=\"http:\/\/www.bilinguismoconta.it\/?page_id=92\" target=\"_blank\"><img decoding=\"async\" loading=\"lazy\" class=\"alignleft size-thumbnail wp-image-234\" src=\"http:\/\/grandissons.org\/wp-content\/uploads\/2014\/01\/cropped-bozza-header2-150x150.png\" alt=\"cropped-bozza-header2\" width=\"150\" height=\"150\" \/><\/a><\/p>\n<p>Un sito di informazione sul bilinguismo\u00a0:<\/p>\n<p><a href=\"http:\/\/www.bilinguismoconta.it\/?page_id=92\">http:\/\/www.bilinguismoconta.it\/?page_id=92<\/a><\/p>\n<p>&nbsp;<\/p>\n<p>&nbsp;<\/p>\n<p>&nbsp;<\/p>\n<p>&nbsp;<\/p>\n<p><a href=\"http:\/\/www.zweisprachigkeit.net\/empfehlungen_eltern.htm\" target=\"_blank\"><img decoding=\"async\" loading=\"lazy\" class=\"alignleft size-thumbnail wp-image-235\" src=\"http:\/\/grandissons.org\/wp-content\/uploads\/2014\/01\/bilinguisme_allemand-150x74.jpg\" alt=\"bilinguisme_allemand\" width=\"150\" height=\"74\" \/><\/a><\/p>\n<p>Informationen \u00fcber Zweisprachigkeit :<\/p>\n<p><a href=\"http:\/\/www.zweisprachigkeit.net\/empfehlungen_eltern.htm\" target=\"_blank\">http:\/\/www.zweisprachigkeit.net\/empfehlungen_eltern.htm<\/a><\/p>\n<p>&nbsp;<\/p>\n<p>&nbsp;<\/p>\n<p><a href=\"http:\/\/www.bilingualism-matters.org.uk\/category\/news-2\/\" target=\"_blank\"><img decoding=\"async\" loading=\"lazy\" class=\"alignleft size-thumbnail wp-image-321\" src=\"http:\/\/grandissons.org\/wp-content\/uploads\/2014\/01\/bilinguisme_english-150x150.jpg\" alt=\"bilinguisme_english\" width=\"150\" height=\"150\" \/><\/a><\/p>\n<p>In english<\/p>\n<p><a href=\"http:\/\/www.bilingualism-matters.org.uk\/category\/news-2\/\" target=\"_blank\"><span style=\"line-height: 1.5em;\">http:\/\/www.bilingualism-matters.org.uk\/category\/news-2\/<\/span><\/a><\/p>\n","protected":false},"excerpt":{"rendered":"<p>Le bilinguisme est la capacit\u00e9 \u00e0 comprendre et \u00e0 s\u2019exprimer dans deux langues. Il est accessible \u00e0 tous, pour peu que la n\u00e9cessit\u00e9 de communication soit pr\u00e9sente dans les deux langues. Si 50% de la population mondiale parle plusieurs langues, il y a de nombreuses mani\u00e8res d\u2019\u00eatre bilingue (ou plurilingue). La p\u00e9riode \u00e0 laquelle la &#8230;<span class=\"read-more\"><a href=\"https:\/\/grandissons.org\/?page_id=148\">>>Read more<\/a><\/span><\/p>\n","protected":false},"author":1,"featured_media":0,"parent":644,"menu_order":0,"comment_status":"open","ping_status":"open","template":"","meta":{"footnotes":""},"_links":{"self":[{"href":"https:\/\/grandissons.org\/index.php?rest_route=\/wp\/v2\/pages\/148"}],"collection":[{"href":"https:\/\/grandissons.org\/index.php?rest_route=\/wp\/v2\/pages"}],"about":[{"href":"https:\/\/grandissons.org\/index.php?rest_route=\/wp\/v2\/types\/page"}],"author":[{"embeddable":true,"href":"https:\/\/grandissons.org\/index.php?rest_route=\/wp\/v2\/users\/1"}],"replies":[{"embeddable":true,"href":"https:\/\/grandissons.org\/index.php?rest_route=%2Fwp%2Fv2%2Fcomments&post=148"}],"version-history":[{"count":20,"href":"https:\/\/grandissons.org\/index.php?rest_route=\/wp\/v2\/pages\/148\/revisions"}],"predecessor-version":[{"id":1881,"href":"https:\/\/grandissons.org\/index.php?rest_route=\/wp\/v2\/pages\/148\/revisions\/1881"}],"up":[{"embeddable":true,"href":"https:\/\/grandissons.org\/index.php?rest_route=\/wp\/v2\/pages\/644"}],"wp:attachment":[{"href":"https:\/\/grandissons.org\/index.php?rest_route=%2Fwp%2Fv2%2Fmedia&parent=148"}],"curies":[{"name":"wp","href":"https:\/\/api.w.org\/{rel}","templated":true}]}}