{"id":145,"date":"2014-01-20T16:55:38","date_gmt":"2014-01-20T15:55:38","guid":{"rendered":"http:\/\/grandissons.org\/?page_id=145"},"modified":"2017-01-09T22:07:31","modified_gmt":"2017-01-09T21:07:31","slug":"egalite-fillegarcon","status":"publish","type":"page","link":"https:\/\/grandissons.org\/?page_id=145","title":{"rendered":"Egalit\u00e9 fille\/gar\u00e7on"},"content":{"rendered":"<p><strong>Au sujet des jouets :<\/strong><\/p>\n<ul>\n<li><strong>Let toys be toys<\/strong><\/li>\n<\/ul>\n<p><a href=\"http:\/\/www.lettoysbetoys.org.uk\/\" target=\"_blank\">http:\/\/www.lettoysbetoys.org.uk\/<\/a><\/p>\n<p><a href=\"http:\/\/grandissons.org\/wp-content\/uploads\/2014\/01\/B7TfqRJCAAAf090.jpg\"><img decoding=\"async\" loading=\"lazy\" class=\"alignnone size-medium wp-image-1962\" src=\"http:\/\/grandissons.org\/wp-content\/uploads\/2014\/01\/B7TfqRJCAAAf090-186x300.jpg\" alt=\"B7TfqRJCAAAf090\" width=\"186\" height=\"300\" srcset=\"https:\/\/grandissons.org\/wp-content\/uploads\/2014\/01\/B7TfqRJCAAAf090-186x300.jpg 186w, https:\/\/grandissons.org\/wp-content\/uploads\/2014\/01\/B7TfqRJCAAAf090.jpg 499w\" sizes=\"(max-width: 186px) 100vw, 186px\" \/><\/a>\u00a0<a href=\"http:\/\/grandissons.org\/wp-content\/uploads\/2014\/01\/B7TwIHTCYAIJdee.jpg\"><img decoding=\"async\" loading=\"lazy\" class=\"alignnone size-medium wp-image-1963\" src=\"http:\/\/grandissons.org\/wp-content\/uploads\/2014\/01\/B7TwIHTCYAIJdee-186x300.jpg\" alt=\"B7TwIHTCYAIJdee\" width=\"186\" height=\"300\" srcset=\"https:\/\/grandissons.org\/wp-content\/uploads\/2014\/01\/B7TwIHTCYAIJdee-186x300.jpg 186w, https:\/\/grandissons.org\/wp-content\/uploads\/2014\/01\/B7TwIHTCYAIJdee.jpg 595w\" sizes=\"(max-width: 186px) 100vw, 186px\" \/><\/a>\u00a0<a href=\"http:\/\/grandissons.org\/wp-content\/uploads\/2014\/01\/B7UOKp9CYAAH8f4.jpg\"><img decoding=\"async\" loading=\"lazy\" class=\"alignnone size-medium wp-image-1964\" src=\"http:\/\/grandissons.org\/wp-content\/uploads\/2014\/01\/B7UOKp9CYAAH8f4-192x300.jpg\" alt=\"B7UOKp9CYAAH8f4\" width=\"192\" height=\"300\" srcset=\"https:\/\/grandissons.org\/wp-content\/uploads\/2014\/01\/B7UOKp9CYAAH8f4-192x300.jpg 192w, https:\/\/grandissons.org\/wp-content\/uploads\/2014\/01\/B7UOKp9CYAAH8f4.jpg 655w\" sizes=\"(max-width: 192px) 100vw, 192px\" \/><\/a><\/p>\n<p>L&rsquo;ouvrage collectif \u00ab\u00a0<em>contre les jouets sexistes<\/em>\u00a0\u00bb est disponible au pr\u00eat dans <a href=\"http:\/\/grandissons.org\/?page_id=212\" target=\"_blank\">notre biblioth\u00e8que<\/a>.<\/p>\n<p><img decoding=\"async\" loading=\"lazy\" class=\" size-medium wp-image-1965 aligncenter\" src=\"http:\/\/grandissons.org\/wp-content\/uploads\/2014\/01\/t\u00e9l\u00e9chargement-1-193x300.jpg\" alt=\"t\u00e9l\u00e9chargement (1)\" width=\"193\" height=\"300\" srcset=\"https:\/\/grandissons.org\/wp-content\/uploads\/2014\/01\/t\u00e9l\u00e9chargement-1-193x300.jpg 193w, https:\/\/grandissons.org\/wp-content\/uploads\/2014\/01\/t\u00e9l\u00e9chargement-1.jpg 223w\" sizes=\"(max-width: 193px) 100vw, 193px\" \/><\/p>\n<hr \/>\n<p><strong>Liens pour des lectures anti-sexistes :<\/strong><\/p>\n<p>&nbsp;<\/p>\n<ul>\n<li><a href=\"http:\/\/www.talentshauts.fr\/\" target=\"_blank\"><img decoding=\"async\" loading=\"lazy\" class=\"alignleft size-thumbnail wp-image-378\" src=\"http:\/\/grandissons.org\/wp-content\/uploads\/2014\/01\/talents_hauts-150x150.jpg\" alt=\"talents_hauts\" width=\"150\" height=\"150\" \/><\/a>\u00a0 Les \u00c9ditions<strong> Talents Hauts<\/strong> d\u00e9fendent deux lignes \u00e9ditoriales : la lutte pour l&rsquo;\u00e9galit\u00e9 des sexes et la lecture bilingue sans traduction. (ils nous int\u00e9ressent donc doublement !)<\/li>\n<\/ul>\n<p><a href=\"http:\/\/www.talentshauts.fr\/\" target=\"_blank\">http:\/\/www.talentshauts.fr\/<\/a><\/p>\n<p>&nbsp;<\/p>\n<p>&nbsp;<\/p>\n<p>&nbsp;<\/p>\n<ul>\n<li>Les livres d&rsquo;Elise Gravel :\u00a0<a href=\"http:\/\/elisegravel.com\/fr\/livres\/pdf\" target=\"_blank\">http:\/\/elisegravel.com\/fr\/livres\/pdf<\/a><\/li>\n<\/ul>\n<p>\u00ab\u00a0Tu peux\u00a0\u00bb en fran\u00e7ais et \u00ab\u00a0Artsy boys and smelly girls\u00a0\u00bb en anglais, disponibles en pdf.<\/p>\n<p>&nbsp;<\/p>\n<ul>\n<li>Un blog et un forum cr\u00e9es par des b\u00e9n\u00e9voles pour \u00ab\u00a0<em>promouvoir une litt\u00e9rature jeunesse de qualit\u00e9<\/em>\u00a0\u00bb :<\/li>\n<\/ul>\n<p><a href=\"http:\/\/lamareauxmots.com\/blog\/fiche-thematique-les-livres-qui-luttent-contre-les-cliches-sexistes\/\" target=\"_blank\">http:\/\/lamareauxmots.com\/blog\/fiche-thematique-les-livres-qui-luttent-contre-les-cliches-sexistes\/<\/a><\/p>\n<p>&nbsp;<\/p>\n<ul>\n<li>Une association qui a pour int\u00e9r\u00eat \u00ab\u00a0des parents, des enfants et des livres\u00a0\u00bb :\u00a0<a href=\"http:\/\/ateliermerveille.canalblog.com\/\" target=\"_blank\">http:\/\/ateliermerveille.canalblog.com\/<\/a><\/li>\n<\/ul>\n<p>&nbsp;<\/p>\n<ul>\n<li>Et voici deux livrets \u00e9dit\u00e9s par eux (datent de 2009 pour le premier et 2013 pour le second) :<\/li>\n<\/ul>\n<p><a href=\"http:\/\/grandissons.org\/wp-content\/uploads\/2014\/01\/pour_l_egalite__entre_filles_et_gar\u00e7ons_100_albums_jeunesse.pdf\">pour_l_egalite__entre_filles_et_gar\u00e7ons_100_albums_jeunesse<\/a><\/p>\n<p><a href=\"http:\/\/grandissons.org\/wp-content\/uploads\/2014\/01\/pour_bousculer_les_stereotypes_filles_garcons_2013.pdf\">pour_bousculer_les_stereotypes_filles_garcons_2013<\/a><\/p>\n<p>&nbsp;<\/p>\n<ul>\n<li>D&rsquo;autres liens ici sur le site de l&rsquo;association Ad\u00e9quations :<\/li>\n<\/ul>\n<p><a href=\"http:\/\/www.adequations.org\/spip.php?article1250#outil_sommaire_1\">http:\/\/www.adequations.org\/spip.php?article1250#outil_sommaire_1<\/a><\/p>\n<p><a href=\"http:\/\/www.adequations.org\/IMG\/pdf\/Livret_litterature_de_jeunesse_non_sexiste.pdf\">http:\/\/www.adequations.org\/IMG\/pdf\/Livret_litterature_de_jeunesse_non_sexiste.pdf<\/a><\/p>\n<hr \/>\n<p><strong>D&rsquo;autres liens pour r\u00e9fl\u00e9chir<\/strong> :<\/p>\n<p>&nbsp;<\/p>\n<div id=\"bk19\"><a href=\"http:\/\/www.egaligone.org\/\" target=\"_blank\"><img decoding=\"async\" loading=\"lazy\" class=\"size-thumbnail wp-image-377 alignleft\" src=\"http:\/\/grandissons.org\/wp-content\/uploads\/2014\/01\/logo_egaligone_compress-150x150.jpg\" alt=\"logo_egaligone_compress\" width=\"150\" height=\"150\" \/><\/a><strong>L\u2019Institut EgaliGone<\/strong> encourage le d\u00e9veloppement \u00e9galitaire des filles et des gar\u00e7ons d\u00e8s la petite enfance.<\/div>\n<p><a href=\"http:\/\/www.egaligone.org\/\" target=\"_blank\">http:\/\/www.egaligone.org\/<\/a><\/p>\n<p><a href=\"http:\/\/blog.egaligone.org\/\" target=\"_blank\">http:\/\/blog.egaligone.org\/<\/a><\/p>\n<p>&nbsp;<\/p>\n<p>&nbsp;<\/p>\n<p>&nbsp;<\/p>\n<p><a href=\"http:\/\/grandissons.org\/wp-content\/uploads\/2014\/01\/logoCEMEA.png\"><img decoding=\"async\" loading=\"lazy\" class=\"alignleft size-thumbnail wp-image-424\" src=\"http:\/\/grandissons.org\/wp-content\/uploads\/2014\/01\/logoCEMEA-150x150.png\" alt=\"logoCEMEA\" width=\"150\" height=\"150\" \/><\/a><\/p>\n<p>Un excellent dossier sur \u00ab\u00a0Comment la grammaire fran\u00e7aise soutient l&rsquo;inertie sociale\u00a0\u00bb.<\/p>\n<p><em>\u00ab\u00a0La f\u00e9minisation des mots s\u2019inscrit dans la lutte pour l\u2019\u00e9galit\u00e9 des genres. La r\u00e8gle grammaticale qui veut que le masculin l\u2019emporte sur le f\u00e9minin est une convention d\u00e9su\u00e8te, symbole d\u2019une soci\u00e9t\u00e9 patriarcale d\u00e9pass\u00e9e et non une propri\u00e9t\u00e9 grammaticale issue de l\u2019\u00e9volution de la langue fran\u00e7aise. Le langage est vivant et n\u2019est pas neutre.\u00a0\u00bb<\/em><\/p>\n<p><a href=\"http:\/\/www.cemeaction.be\/?p=461 \" target=\"_blank\">http:\/\/www.cemeaction.be\/?p=461\u00a0<\/a><\/p>\n<p>&nbsp;<\/p>\n<p><a href=\"http:\/\/www.ducotedesfilles.org\/\" target=\"_blank\"><img decoding=\"async\" loading=\"lazy\" class=\"alignleft size-thumbnail wp-image-379\" src=\"http:\/\/grandissons.org\/wp-content\/uploads\/2014\/01\/fillettes-150x150.jpg\" alt=\"fillettes\" width=\"150\" height=\"150\" srcset=\"https:\/\/grandissons.org\/wp-content\/uploads\/2014\/01\/fillettes-150x150.jpg 150w, https:\/\/grandissons.org\/wp-content\/uploads\/2014\/01\/fillettes.jpg 240w\" sizes=\"(max-width: 150px) 100vw, 150px\" \/><\/a>L&rsquo;Association Europ\u00e9enne <strong>Du C\u00f4t\u00e9 Des Filles<\/strong> a \u00e9t\u00e9 cr\u00e9\u00e9e en 1994 dans le but d&rsquo;\u00e9laborer un programme d&rsquo;\u00e9limination du sexisme dans le mat\u00e9riel \u00e9ducatif, de promouvoir des repr\u00e9sentations anti-sexistes, de produire et diffuser des outils de sensibilisation destin\u00e9s aux maisons d&rsquo;\u00e9dition, aux cr\u00e9atrices et cr\u00e9ateurs, aux parents, aux pouvoirs publics.<\/p>\n<p><a href=\"http:\/\/www.ducotedesfilles.org\/\" target=\"_blank\">http:\/\/www.ducotedesfilles.org\/<\/a><\/p>\n","protected":false},"excerpt":{"rendered":"<p>Au sujet des jouets : Let toys be toys http:\/\/www.lettoysbetoys.org.uk\/ \u00a0\u00a0 L&rsquo;ouvrage collectif \u00ab\u00a0contre les jouets sexistes\u00a0\u00bb est disponible au pr\u00eat dans notre biblioth\u00e8que. Liens pour des lectures anti-sexistes : &nbsp; \u00a0 Les \u00c9ditions Talents Hauts d\u00e9fendent deux lignes \u00e9ditoriales : la lutte pour l&rsquo;\u00e9galit\u00e9 des sexes et la lecture bilingue sans traduction. (ils nous &#8230;<span class=\"read-more\"><a href=\"https:\/\/grandissons.org\/?page_id=145\">>>Read more<\/a><\/span><\/p>\n","protected":false},"author":1,"featured_media":0,"parent":21,"menu_order":0,"comment_status":"open","ping_status":"open","template":"","meta":{"footnotes":""},"_links":{"self":[{"href":"https:\/\/grandissons.org\/index.php?rest_route=\/wp\/v2\/pages\/145"}],"collection":[{"href":"https:\/\/grandissons.org\/index.php?rest_route=\/wp\/v2\/pages"}],"about":[{"href":"https:\/\/grandissons.org\/index.php?rest_route=\/wp\/v2\/types\/page"}],"author":[{"embeddable":true,"href":"https:\/\/grandissons.org\/index.php?rest_route=\/wp\/v2\/users\/1"}],"replies":[{"embeddable":true,"href":"https:\/\/grandissons.org\/index.php?rest_route=%2Fwp%2Fv2%2Fcomments&post=145"}],"version-history":[{"count":18,"href":"https:\/\/grandissons.org\/index.php?rest_route=\/wp\/v2\/pages\/145\/revisions"}],"predecessor-version":[{"id":2878,"href":"https:\/\/grandissons.org\/index.php?rest_route=\/wp\/v2\/pages\/145\/revisions\/2878"}],"up":[{"embeddable":true,"href":"https:\/\/grandissons.org\/index.php?rest_route=\/wp\/v2\/pages\/21"}],"wp:attachment":[{"href":"https:\/\/grandissons.org\/index.php?rest_route=%2Fwp%2Fv2%2Fmedia&parent=145"}],"curies":[{"name":"wp","href":"https:\/\/api.w.org\/{rel}","templated":true}]}}