{"id":141,"date":"2014-01-20T16:54:39","date_gmt":"2014-01-20T15:54:39","guid":{"rendered":"http:\/\/grandissons.org\/?page_id=141"},"modified":"2016-07-05T08:39:31","modified_gmt":"2016-07-05T07:39:31","slug":"education-non-violente-env","status":"publish","type":"page","link":"https:\/\/grandissons.org\/?page_id=141","title":{"rendered":"Education bienveillante"},"content":{"rendered":"<p style=\"text-align: justify;\">Nous avons organis\u00e9 \u00e0 l&rsquo;occasion de la <strong>JNVE<\/strong> 2015 deux \u00e9v\u00e9nements : \u00e0 <a href=\"http:\/\/grandissons.org\/?tribe_events=journee-de-la-non-violence-educative-jnve-a-cagnes\" target=\"_blank\">Cagnes le 30 avril <\/a>(stand) et \u00e0 <a href=\"http:\/\/grandissons.org\/?tribe_events=journee-de-la-non-violence-educative-jnve-a-nice\" target=\"_blank\">Nice le 3 mai<\/a> (stand et th\u00e9\u00e2tre-forum).<\/p>\n<ul>\n<li>Des ressources :<a href=\"http:\/\/stop-veo.fr\/jeudi-30-avril-journee-de-la-non-violence-educative\/\" target=\"_blank\">\u00a0http:\/\/stop-veo.fr\/jeudi-30-avril-journee-de-la-non-violence-educative\/<\/a><\/li>\n<li style=\"text-align: justify;\">Un article de Muriel Salmona en novembre 2014 : \u00ab\u00a0<em>Pourquoi interdire les punitions corporelles au sein de la famille est une priorit\u00e9 humaine et de sant\u00e9 publique<\/em>\u00a0\u00bb \u00e0 lire <a href=\"http:\/\/blogs.mediapart.fr\/blog\/muriel-salmona\/011114\/pourquoi-interdire-les-punitions-corporelles-et-les-autres-violences-educatives-au-sein-de-la-fa\" target=\"_blank\">sur Mediapart<\/a>.<\/li>\n<li style=\"text-align: justify;\">Le bilan INNOCENTI (2003) :\u00a0<a href=\"http:\/\/www.unicef-irc.org\/publications\/pdf\/rc_maltreatment_fre.pdf\" target=\"_blank\">http:\/\/www.unicef-irc.org\/publications\/pdf\/rc_maltreatment_fre.pdf<\/a><\/li>\n<li style=\"text-align: justify;\">Nous avons r\u00e9alis\u00e9 une liste de livres que nous recommandons sur l&rsquo;\u00e9ducation non-violente :<\/li>\n<\/ul>\n<p><a href=\"http:\/\/grandissons.org\/wp-content\/uploads\/2014\/01\/liste_livres_ENV_grandissons.jpg\"><img decoding=\"async\" loading=\"lazy\" class=\"aligncenter  wp-image-2178\" src=\"http:\/\/grandissons.org\/wp-content\/uploads\/2014\/01\/liste_livres_ENV_grandissons.jpg\" alt=\"liste_livres_ENV_grandissons\" width=\"500\" height=\"737\" srcset=\"https:\/\/grandissons.org\/wp-content\/uploads\/2014\/01\/liste_livres_ENV_grandissons.jpg 723w, https:\/\/grandissons.org\/wp-content\/uploads\/2014\/01\/liste_livres_ENV_grandissons-203x300.jpg 203w, https:\/\/grandissons.org\/wp-content\/uploads\/2014\/01\/liste_livres_ENV_grandissons-695x1024.jpg 695w\" sizes=\"(max-width: 500px) 100vw, 500px\" \/><\/a><\/p>\n<ul>\n<li style=\"text-align: justify;\">Calculer son \u00ab\u00a0ACE score\u00a0\u00bb (corr\u00e9lations entre les exp\u00e9riences traumatisantes de l&rsquo;enfance et la sant\u00e9 \u00e0 l&rsquo;\u00e2ge adulte) :\u00a0<a href=\"http:\/\/grandissons.org\/wp-content\/uploads\/2014\/01\/ace.pdf\">ace<\/a>\u00a0(d&rsquo;autres liens ici, notamment sur la r\u00e9silience :\u00a0<a href=\"http:\/\/acestoohigh.com\/got-your-ace-score\/\" target=\"_blank\">http:\/\/acestoohigh.com\/got-your-ace-score\/<\/a>)<\/li>\n<li style=\"text-align: justify;\">Un article qui fait le point sur la loi anti-fesss\u00e9e : \u00ab\u00a0<em>La fess\u00e9e \u00e0 la fran\u00e7aise stigmatis\u00e9e par le Comit\u00e9 europ\u00e9en des droits sociaux<\/em>\u00a0\u00bb sur <a href=\"http:\/\/www.lepetitjuriste.fr\/divers\/la-fessee-a-la-francaise-stigmatisee-par-le-comite-europeen-des-droits-sociaux\" target=\"_blank\">le petit juriste<\/a><\/li>\n<\/ul>\n<hr \/>\n<p style=\"text-align: justify;\"><span style=\"line-height: 1.5em;\">Le 25 Avril 2014, \u00e0 l&rsquo;occasion de la <\/span><strong style=\"line-height: 1.5em;\">11\u00e8me journ\u00e9e de la non-violence \u00e9ducative (JNVE)<\/strong><span style=\"line-height: 1.5em;\">, nous avons eu l&rsquo;honneur de recevoir Monsieur <\/span><strong style=\"line-height: 1.5em;\">Olivier Maurel<\/strong><span style=\"line-height: 1.5em;\">, venu nous faire une conf\u00e9rence sur le th\u00e8me \u00ab\u00a0<\/span><em style=\"line-height: 1.5em;\">Pourquoi et comment s&rsquo;orienter vers une \u00e9ducation sans violence<\/em><span style=\"line-height: 1.5em;\">\u00ab\u00a0. Vous trouverez <a href=\"http:\/\/grandissons.org\/?p=841\" target=\"_blank\">ici<\/a>\u00a0un r\u00e9sum\u00e9 de la conf\u00e9rence.<\/span><\/p>\n<p>Voici quelques ressources :<\/p>\n<ul>\n<li><strong>L&rsquo;Observatoire de la violence \u00e9ducative Ordinaire<\/strong>\u00a0(OVEO)<\/li>\n<\/ul>\n<p><img decoding=\"async\" loading=\"lazy\" class=\"aligncenter size-medium wp-image-278\" src=\"http:\/\/grandissons.org\/wp-content\/uploads\/2014\/01\/OVEO_logo-300x138.jpg\" alt=\"OVEO_logo\" width=\"300\" height=\"138\" srcset=\"https:\/\/grandissons.org\/wp-content\/uploads\/2014\/01\/OVEO_logo-300x138.jpg 300w, https:\/\/grandissons.org\/wp-content\/uploads\/2014\/01\/OVEO_logo.jpg 452w\" sizes=\"(max-width: 300px) 100vw, 300px\" \/><\/p>\n<p>Nous faisons partie des\u00a0associations signataires de l&rsquo;<a href=\"http:\/\/www.oveo.org\/appel-pour-linterdiction-des-punitions-corporelles\/\" target=\"_blank\">appel pour l&rsquo;interdiction des punitions corporelles<\/a>.<\/p>\n<ul>\n<li><a href=\"http:\/\/www.unicef.org\/french\/endviolence\/\" target=\"_blank\">La campagne de l&rsquo;UNICEF<\/a> :\u00a0<span class=\"normal\">Mettre fin \u00e0 la violence envers les enfants<\/span> #ENDviolence<\/li>\n<\/ul>\n<p><a href=\"http:\/\/grandissons.org\/wp-content\/uploads\/2014\/01\/BxHKjrUIMAEfJ7W.jpg\"><img decoding=\"async\" loading=\"lazy\" class=\"aligncenter size-medium wp-image-1968\" src=\"http:\/\/grandissons.org\/wp-content\/uploads\/2014\/01\/BxHKjrUIMAEfJ7W-300x300.jpg\" alt=\"BxHKjrUIMAEfJ7W\" width=\"300\" height=\"300\" srcset=\"https:\/\/grandissons.org\/wp-content\/uploads\/2014\/01\/BxHKjrUIMAEfJ7W-300x300.jpg 300w, https:\/\/grandissons.org\/wp-content\/uploads\/2014\/01\/BxHKjrUIMAEfJ7W-150x150.jpg 150w, https:\/\/grandissons.org\/wp-content\/uploads\/2014\/01\/BxHKjrUIMAEfJ7W.jpg 600w\" sizes=\"(max-width: 300px) 100vw, 300px\" \/><\/a><\/p>\n<ul>\n<li>La liste de discussion \u00ab\u00a0Parents Conscients\u00a0\u00bb :\u00a0<a href=\"http:\/\/www.wmaker.net\/maisonenfant\/La-liste-de-discussion-parents-conscients-sur-internet_a9.html\" target=\"_blank\">http:\/\/www.wmaker.net\/maisonenfant\/La-liste-de-discussion-parents-conscients-sur-internet_a9.html<\/a><\/li>\n<\/ul>\n<p>&nbsp;<\/p>\n<ul>\n<li>Le fascicule \u00e9dit\u00e9 par Catherine Dumonteil-Kremer avec La maison de l&rsquo;enfant, \u00ab\u00a0Sans fess\u00e9e comment faire\u00a0\u00bb :\u00a0<a href=\"http:\/\/grandissons.org\/wp-content\/uploads\/2014\/01\/sansfesseetailleA5.pdf\">sansfesseetailleA5<\/a>\u00a0&#8211; et la version facile \u00e0 imprimer :\u00a0<a href=\"http:\/\/grandissons.org\/wp-content\/uploads\/2014\/01\/sansfessee05-print.pdf\">sansfessee05-print<\/a><\/li>\n<li>et plus r\u00e9cemment le Kit d&rsquo;urgence :<\/li>\n<\/ul>\n<p><a href=\"http:\/\/grandissons.org\/wp-content\/uploads\/2014\/01\/ob_0daf3a_couv-kit-d-ugence-1.jpg\"><img decoding=\"async\" loading=\"lazy\" class=\"  wp-image-2714 alignleft\" src=\"http:\/\/grandissons.org\/wp-content\/uploads\/2014\/01\/ob_0daf3a_couv-kit-d-ugence-1-213x300.jpg\" alt=\"ob_0daf3a_couv-kit-d-ugence-1\" width=\"177\" height=\"249\" srcset=\"https:\/\/grandissons.org\/wp-content\/uploads\/2014\/01\/ob_0daf3a_couv-kit-d-ugence-1-213x300.jpg 213w, https:\/\/grandissons.org\/wp-content\/uploads\/2014\/01\/ob_0daf3a_couv-kit-d-ugence-1.jpg 726w, https:\/\/grandissons.org\/wp-content\/uploads\/2014\/01\/ob_0daf3a_couv-kit-d-ugence-1-133x188.jpg 133w\" sizes=\"(max-width: 177px) 100vw, 177px\" \/><\/a>\u00a0\u00a0<a href=\"http:\/\/grandissons.org\/wp-content\/uploads\/2014\/01\/ob_6dd02a_inte-rieur-kit-d-urgence.jpg\"><img decoding=\"async\" loading=\"lazy\" class=\"alignleft  wp-image-2715\" src=\"http:\/\/grandissons.org\/wp-content\/uploads\/2014\/01\/ob_6dd02a_inte-rieur-kit-d-urgence-1024x731.jpg\" alt=\"ob_6dd02a_inte-rieur-kit-d-urgence\" width=\"349\" height=\"249\" srcset=\"https:\/\/grandissons.org\/wp-content\/uploads\/2014\/01\/ob_6dd02a_inte-rieur-kit-d-urgence-1024x731.jpg 1024w, https:\/\/grandissons.org\/wp-content\/uploads\/2014\/01\/ob_6dd02a_inte-rieur-kit-d-urgence-300x214.jpg 300w, https:\/\/grandissons.org\/wp-content\/uploads\/2014\/01\/ob_6dd02a_inte-rieur-kit-d-urgence-133x95.jpg 133w, https:\/\/grandissons.org\/wp-content\/uploads\/2014\/01\/ob_6dd02a_inte-rieur-kit-d-urgence.jpg 1200w\" sizes=\"(max-width: 349px) 100vw, 349px\" \/><\/a><\/p>\n<p>&nbsp;<\/p>\n<p>&nbsp;<\/p>\n<p>&nbsp;<\/p>\n<p>&nbsp;<\/p>\n<p>&nbsp;<\/p>\n<p>&nbsp;<\/p>\n<p>&nbsp;<\/p>\n<p>&nbsp;<\/p>\n<ul>\n<li>Le livret des parents, co-\u00e9dit\u00e9 par la CAF, le minist\u00e8re des familles, de l&rsquo;enfance et des droits des femmes, et le minist\u00e8re des affaires sociales et de la sant\u00e9 \u00a0:<\/li>\n<\/ul>\n<p><a href=\"http:\/\/grandissons.org\/wp-content\/uploads\/2014\/01\/ob_a52317_le-livret-des-parents.pdf\"><img decoding=\"async\" loading=\"lazy\" class=\"  wp-image-2716 aligncenter\" src=\"http:\/\/grandissons.org\/wp-content\/uploads\/2014\/01\/Un-Livret-des-parents-pour-accompagner-l-arrivee-du-premier-enfant.jpg\" alt=\"Un-Livret-des-parents-pour-accompagner-l-arrivee-du-premier-enfant\" width=\"250\" height=\"502\" srcset=\"https:\/\/grandissons.org\/wp-content\/uploads\/2014\/01\/Un-Livret-des-parents-pour-accompagner-l-arrivee-du-premier-enfant.jpg 385w, https:\/\/grandissons.org\/wp-content\/uploads\/2014\/01\/Un-Livret-des-parents-pour-accompagner-l-arrivee-du-premier-enfant-149x300.jpg 149w, https:\/\/grandissons.org\/wp-content\/uploads\/2014\/01\/Un-Livret-des-parents-pour-accompagner-l-arrivee-du-premier-enfant-100x200.jpg 100w\" sizes=\"(max-width: 250px) 100vw, 250px\" \/><\/a><\/p>\n<ul>\n<li>Le webzine du tr\u00e8s bon site \u00ab\u00a0<a href=\"http:\/\/parentsaparents.fr\/\" target=\"_blank\"><em>Parents \u00e0 parents<\/em><\/a>\u00ab\u00a0, en particulier le hors-s\u00e9rie sur la violence \u00e9ducative :\u00a0<a href=\"http:\/\/grandissons.org\/wp-content\/uploads\/2014\/01\/ParentsAParents_HS_NVE.pdf\">ParentsAParents_HS_NVE<\/a><\/li>\n<\/ul>\n<p>&nbsp;<\/p>\n<ul>\n<li>Les magazines <a href=\"http:\/\/pepsmagazine.com\/\" target=\"_blank\">PEPS <\/a>et <a href=\"http:\/\/www.grandirautrement.com\/\" target=\"_blank\">Grandir Autrement<\/a>, en particulier les derniers num\u00e9ros consacr\u00e9s \u00e0 la violence \u00e9ducative [Ils sont disponibles au pr\u00eat pour les adh\u00e9rents \u00e0 la\u00a0<a title=\"Notre biblioth\u00e8que\" href=\"http:\/\/grandissons.org\/?page_id=212\" target=\"_blank\">biblioth\u00e8que<\/a>]\u00a0:<\/li>\n<\/ul>\n<p style=\"text-align: left;\"><a href=\"http:\/\/grandissons.org\/wp-content\/uploads\/2014\/03\/peps03-couv.jpg\"><img decoding=\"async\" loading=\"lazy\" class=\"size-thumbnail wp-image-580 alignnone\" src=\"http:\/\/grandissons.org\/wp-content\/uploads\/2014\/03\/peps03-couv-150x150.jpg\" alt=\"peps03-couv\" width=\"150\" height=\"150\" srcset=\"https:\/\/grandissons.org\/wp-content\/uploads\/2014\/03\/peps03-couv-150x150.jpg 150w, https:\/\/grandissons.org\/wp-content\/uploads\/2014\/03\/peps03-couv-200x200.jpg 200w\" sizes=\"(max-width: 150px) 100vw, 150px\" \/><\/a>\u00a0<a href=\"http:\/\/grandissons.org\/wp-content\/uploads\/2014\/01\/peps07-couv.jpg\"><img decoding=\"async\" loading=\"lazy\" class=\"size-thumbnail wp-image-827 alignnone\" src=\"http:\/\/grandissons.org\/wp-content\/uploads\/2014\/01\/peps07-couv-150x150.jpg\" alt=\"peps07-couv\" width=\"150\" height=\"150\" srcset=\"https:\/\/grandissons.org\/wp-content\/uploads\/2014\/01\/peps07-couv-150x150.jpg 150w, https:\/\/grandissons.org\/wp-content\/uploads\/2014\/01\/peps07-couv-200x200.jpg 200w\" sizes=\"(max-width: 150px) 100vw, 150px\" \/><\/a><a href=\"http:\/\/grandissons.org\/wp-content\/uploads\/2014\/03\/500_____ga_45_couv-petit_256.jpg\"><img decoding=\"async\" loading=\"lazy\" class=\"alignnone size-thumbnail wp-image-530 alignleft\" src=\"http:\/\/grandissons.org\/wp-content\/uploads\/2014\/03\/500_____ga_45_couv-petit_256-150x150.jpg\" alt=\"500_____ga_45_couv-petit_256\" width=\"150\" height=\"150\" \/><\/a><\/p>\n<ul style=\"text-align: left;\">\n<li style=\"text-align: left;\">Les ouvrages d&rsquo;Olivier Maurel et d&rsquo;Alice Miller [certains d&rsquo;entre eux sont disponibles \u00e0 la\u00a0<a title=\"Notre biblioth\u00e8que\" href=\"http:\/\/grandissons.org\/?page_id=212\" target=\"_blank\">biblioth\u00e8que<\/a>]<\/li>\n<\/ul>\n<ul style=\"text-align: left;\">\n<li>Vous pouvez aussi visionner l&rsquo;excellent documentaire de Marion Cuerq \u00ab\u00a0<em>Si j&rsquo;aurais su&#8230; je serais n\u00e9 en Su\u00e8de !<\/em>\u00a0\u00bb : voir l&rsquo;<a title=\"Documentaire \u00ab Si j\u2019aurais su\u2026 je serais n\u00e9 en Su\u00e8de ! \u00bb\" href=\"http:\/\/grandissons.org\/?p=270\" target=\"_blank\">article que nous avions fait \u00e0 ce sujet<\/a>.<\/li>\n<\/ul>\n<p style=\"text-align: left;\">En clin d\u2019\u0153il, vous pouvez aussi porter des badges \u00ab\u00a0<em>\u00e9lev\u00e9e sans fess\u00e9e<\/em>\u00a0\u00bb ou \u00ab\u00a0<em>\u00e9lev\u00e9 sans fess\u00e9e<\/em>\u00a0\u00bb par Marion McMaman (que vous connaissez sans doute des <a href=\"http:\/\/jesuisuneseinte.wordpress.com\/\" target=\"_blank\">Seintes<\/a>).<em> [on en a quelques uns en stock, demandez-les nous !]<\/em><\/p>\n<p><a href=\"http:\/\/grandissons.org\/wp-content\/uploads\/2014\/01\/pins-badge-elevee-sans-fessee-fille.jpg\"><img decoding=\"async\" loading=\"lazy\" class=\"size-thumbnail wp-image-825 alignnone\" src=\"http:\/\/grandissons.org\/wp-content\/uploads\/2014\/01\/pins-badge-elevee-sans-fessee-fille-150x150.jpg\" alt=\"pins-badge-elevee-sans-fessee-fille\" width=\"150\" height=\"150\" srcset=\"https:\/\/grandissons.org\/wp-content\/uploads\/2014\/01\/pins-badge-elevee-sans-fessee-fille-150x150.jpg 150w, https:\/\/grandissons.org\/wp-content\/uploads\/2014\/01\/pins-badge-elevee-sans-fessee-fille-300x300.jpg 300w, https:\/\/grandissons.org\/wp-content\/uploads\/2014\/01\/pins-badge-elevee-sans-fessee-fille.jpg 450w\" sizes=\"(max-width: 150px) 100vw, 150px\" \/>\u00a0<\/a><a href=\"http:\/\/grandissons.org\/wp-content\/uploads\/2014\/01\/pins-badge-eleve-sans-fessee-garcon.jpg\"><img decoding=\"async\" loading=\"lazy\" class=\"size-thumbnail wp-image-826 alignnone\" src=\"http:\/\/grandissons.org\/wp-content\/uploads\/2014\/01\/pins-badge-eleve-sans-fessee-garcon-150x150.jpg\" alt=\"pins-badge-eleve-sans-fessee-garcon\" width=\"150\" height=\"150\" srcset=\"https:\/\/grandissons.org\/wp-content\/uploads\/2014\/01\/pins-badge-eleve-sans-fessee-garcon-150x150.jpg 150w, https:\/\/grandissons.org\/wp-content\/uploads\/2014\/01\/pins-badge-eleve-sans-fessee-garcon-300x300.jpg 300w, https:\/\/grandissons.org\/wp-content\/uploads\/2014\/01\/pins-badge-eleve-sans-fessee-garcon.jpg 450w\" sizes=\"(max-width: 150px) 100vw, 150px\" \/><\/a><\/p>\n","protected":false},"excerpt":{"rendered":"<p>Nous avons organis\u00e9 \u00e0 l&rsquo;occasion de la JNVE 2015 deux \u00e9v\u00e9nements : \u00e0 Cagnes le 30 avril (stand) et \u00e0 Nice le 3 mai (stand et th\u00e9\u00e2tre-forum). Des ressources :\u00a0http:\/\/stop-veo.fr\/jeudi-30-avril-journee-de-la-non-violence-educative\/ Un article de Muriel Salmona en novembre 2014 : \u00ab\u00a0Pourquoi interdire les punitions corporelles au sein de la famille est une priorit\u00e9 humaine et de &#8230;<span class=\"read-more\"><a href=\"https:\/\/grandissons.org\/?page_id=141\">>>Read more<\/a><\/span><\/p>\n","protected":false},"author":1,"featured_media":0,"parent":21,"menu_order":0,"comment_status":"open","ping_status":"open","template":"","meta":{"footnotes":""},"_links":{"self":[{"href":"https:\/\/grandissons.org\/index.php?rest_route=\/wp\/v2\/pages\/141"}],"collection":[{"href":"https:\/\/grandissons.org\/index.php?rest_route=\/wp\/v2\/pages"}],"about":[{"href":"https:\/\/grandissons.org\/index.php?rest_route=\/wp\/v2\/types\/page"}],"author":[{"embeddable":true,"href":"https:\/\/grandissons.org\/index.php?rest_route=\/wp\/v2\/users\/1"}],"replies":[{"embeddable":true,"href":"https:\/\/grandissons.org\/index.php?rest_route=%2Fwp%2Fv2%2Fcomments&post=141"}],"version-history":[{"count":29,"href":"https:\/\/grandissons.org\/index.php?rest_route=\/wp\/v2\/pages\/141\/revisions"}],"predecessor-version":[{"id":2720,"href":"https:\/\/grandissons.org\/index.php?rest_route=\/wp\/v2\/pages\/141\/revisions\/2720"}],"up":[{"embeddable":true,"href":"https:\/\/grandissons.org\/index.php?rest_route=\/wp\/v2\/pages\/21"}],"wp:attachment":[{"href":"https:\/\/grandissons.org\/index.php?rest_route=%2Fwp%2Fv2%2Fmedia&parent=141"}],"curies":[{"name":"wp","href":"https:\/\/api.w.org\/{rel}","templated":true}]}}