{"id":1397,"date":"2021-10-22T16:35:00","date_gmt":"2021-10-22T15:35:00","guid":{"rendered":"http:\/\/grandissons.org\/?page_id=1397"},"modified":"2021-11-04T18:08:17","modified_gmt":"2021-11-04T17:08:17","slug":"nos-activites","status":"publish","type":"page","link":"https:\/\/grandissons.org\/?page_id=1397","title":{"rendered":"Nos activit\u00e9s"},"content":{"rendered":"<p><em>Grandissons<\/em> vous propose de nombreuses occasions de se rencontrer, sortir, discuter entre parents ou faire des activit\u00e9s avec vos enfants ! D\u00e9roulez le menu sous l&rsquo;onglet \u00ab\u00a0activit\u00e9s\u00a0\u00bb pour voir celles qui sont en cours, et surtout, consultez <a href=\"https:\/\/grandissons.org\/?post_type=tribe_events\">l&rsquo;agenda de Grandissons<\/a>.<\/p>\n<p style=\"text-align: center;\"><a href=\"http:\/\/grandissons.org\/wp-content\/uploads\/2014\/10\/IMG_20150613_165208.jpg\"><img decoding=\"async\" loading=\"lazy\" class=\"alignnone size-medium wp-image-2252\" src=\"http:\/\/grandissons.org\/wp-content\/uploads\/2014\/10\/IMG_20150613_165208-217x300.jpg\" alt=\"IMG_20150613_165208\" width=\"217\" height=\"300\" srcset=\"https:\/\/grandissons.org\/wp-content\/uploads\/2014\/10\/IMG_20150613_165208-217x300.jpg 217w, https:\/\/grandissons.org\/wp-content\/uploads\/2014\/10\/IMG_20150613_165208-740x1024.jpg 740w, https:\/\/grandissons.org\/wp-content\/uploads\/2014\/10\/IMG_20150613_165208.jpg 1961w\" sizes=\"(max-width: 217px) 100vw, 217px\" \/><\/a>\u00a0<a href=\"http:\/\/grandissons.org\/wp-content\/uploads\/2014\/10\/IMG_20150613_165233.jpg\"><img decoding=\"async\" loading=\"lazy\" class=\"alignnone size-medium wp-image-2253\" src=\"http:\/\/grandissons.org\/wp-content\/uploads\/2014\/10\/IMG_20150613_165233-217x300.jpg\" alt=\"IMG_20150613_165233\" width=\"217\" height=\"300\" srcset=\"https:\/\/grandissons.org\/wp-content\/uploads\/2014\/10\/IMG_20150613_165233-217x300.jpg 217w, https:\/\/grandissons.org\/wp-content\/uploads\/2014\/10\/IMG_20150613_165233-740x1024.jpg 740w, https:\/\/grandissons.org\/wp-content\/uploads\/2014\/10\/IMG_20150613_165233.jpg 1709w\" sizes=\"(max-width: 217px) 100vw, 217px\" \/><\/a><\/p>\n<p>Ne manquez aucune des sorties organis\u00e9es par <em>Grandissons<\/em> :<\/p>\n<h1 style=\"text-align: center;\"><a href=\"http:\/\/grandissons.org\/?post_type=tribe_events\">Acc\u00e8s \u00e0 l&rsquo;agenda<\/a><\/h1>\n","protected":false},"excerpt":{"rendered":"<p>Grandissons vous propose de nombreuses occasions de se rencontrer, sortir, discuter entre parents ou faire des activit\u00e9s avec vos enfants ! D\u00e9roulez le menu sous l&rsquo;onglet \u00ab\u00a0activit\u00e9s\u00a0\u00bb pour voir celles qui sont en cours, et surtout, consultez l&rsquo;agenda de Grandissons. \u00a0 Ne manquez aucune des sorties organis\u00e9es par Grandissons : Acc\u00e8s \u00e0 l&rsquo;agenda<\/p>\n","protected":false},"author":1,"featured_media":0,"parent":0,"menu_order":0,"comment_status":"open","ping_status":"open","template":"","meta":{"footnotes":""},"_links":{"self":[{"href":"https:\/\/grandissons.org\/index.php?rest_route=\/wp\/v2\/pages\/1397"}],"collection":[{"href":"https:\/\/grandissons.org\/index.php?rest_route=\/wp\/v2\/pages"}],"about":[{"href":"https:\/\/grandissons.org\/index.php?rest_route=\/wp\/v2\/types\/page"}],"author":[{"embeddable":true,"href":"https:\/\/grandissons.org\/index.php?rest_route=\/wp\/v2\/users\/1"}],"replies":[{"embeddable":true,"href":"https:\/\/grandissons.org\/index.php?rest_route=%2Fwp%2Fv2%2Fcomments&post=1397"}],"version-history":[{"count":5,"href":"https:\/\/grandissons.org\/index.php?rest_route=\/wp\/v2\/pages\/1397\/revisions"}],"predecessor-version":[{"id":4192,"href":"https:\/\/grandissons.org\/index.php?rest_route=\/wp\/v2\/pages\/1397\/revisions\/4192"}],"wp:attachment":[{"href":"https:\/\/grandissons.org\/index.php?rest_route=%2Fwp%2Fv2%2Fmedia&parent=1397"}],"curies":[{"name":"wp","href":"https:\/\/api.w.org\/{rel}","templated":true}]}}