{"id":1390,"date":"2014-10-22T15:12:03","date_gmt":"2014-10-22T14:12:03","guid":{"rendered":"http:\/\/grandissons.org\/?page_id=1390"},"modified":"2016-12-18T18:20:39","modified_gmt":"2016-12-18T17:20:39","slug":"cdaad","status":"publish","type":"page","link":"https:\/\/grandissons.org\/?page_id=1390","title":{"rendered":"CDAAD"},"content":{"rendered":"<p><a href=\"http:\/\/grandissons.org\/wp-content\/uploads\/2014\/10\/logo_t12.jpg\"><img decoding=\"async\" loading=\"lazy\" class=\"aligncenter size-full wp-image-1391\" src=\"http:\/\/grandissons.org\/wp-content\/uploads\/2014\/10\/logo_t12.jpg\" alt=\"logo_t12\" width=\"170\" height=\"217\" \/><\/a><\/p>\n<p>Ici les infos du relais local de Nice.<\/p>\n<hr \/>\n<p style=\"text-align: center;\">\u00a0<strong>Nous d\u00e9fendons le droits des femmes et des parents \u00e0 choisir leur\u00a0lieu d&rsquo;accouchement.<\/strong><\/p>\n<p style=\"text-align: center;\"><strong>Nous d\u00e9fendons le droit \u00e0 l&rsquo;accouchement \u00e0 domicile.<\/strong><\/p>\n<p style=\"text-align: center;\"><strong>Nous d\u00e9fendons les sages-femmes, en particulier celles qui accompagnent l&rsquo;AAD.<\/strong><\/p>\n<hr \/>\n<p>Nous organisons ensemble la SMAR \u00e0 Nice et les r\u00e9unions <a href=\"http:\/\/grandissons.org\/?page_id=2667\" target=\"_blank\">Parlons Naissance<\/a> mensuelles.<\/p>\n<hr \/>\n<p>Nous avons sign\u00e9 la <a href=\"http:\/\/cdaad.org\/les-relais-locaux\/charte-des-relais-locaux\/\" target=\"_blank\">Charte des Relais<\/a>\u00a0dont voici des extraits ci-dessous :<\/p>\n<blockquote>\n<p style=\"text-align: justify;\"><em><strong>Mission g\u00e9n\u00e9rale des relais locaux<\/strong><\/em><br \/>\n<em>Les relais locaux ont pour mission premi\u00e8re de relayer les actions et directives de l\u2019association CDAAD prises au niveau national et avec l\u2019aval du Conseil d\u2019Administration. Ces actions peuvent \u00eatre des actions d\u2019information et de p\u00e9dagogie aupr\u00e8s de r\u00e9seaux sp\u00e9cifiques locaux, comme des actions de rassemblement,\u2026<\/em><\/p>\n<p style=\"text-align: justify;\"><em>[&#8230;]<\/em><\/p>\n<p style=\"text-align: justify;\"><em><strong>Article 3 : Constitution des relais locaux<\/strong><\/em><br \/>\n<em>Un relais peut :<\/em><br \/>\n<em>&#8211;\u00a0\u00eatre cr\u00e9e par des volontaires locaux, issus ou non du CDAAD<\/em><br \/>\n<em>&#8211;\u00a0\u00eatre cr\u00e9e par une association locale, qui demande alors l\u2019affiliation en tant qu\u2019antenne du CDAAD.\u00a0<\/em><\/p>\n<\/blockquote>\n<p>&nbsp;<\/p>\n<p>Les tracts du rassemblement de mai 2014 qui expliquent le mouvement :<\/p>\n<p><a href=\"http:\/\/grandissons.org\/wp-content\/uploads\/2014\/10\/FLYER-NICE.pdf\">FLYER NICE<\/a><\/p>\n<p><a href=\"http:\/\/grandissons.org\/wp-content\/uploads\/2014\/10\/TRACT-SIMPLE-Nice.pdf\">TRACT SIMPLE Nice<\/a><\/p>\n<p>&nbsp;<\/p>\n<hr \/>\n<p>Le site national :\u00a0<a href=\"http:\/\/cdaad.org\/\">http:\/\/cdaad.org\/<\/a><\/p>\n<p>Contacts : par mail <a href=\"mailto:nice.cdaad@gmail.com\">nice.cdaad@gmail.com<\/a> \u2013 groupe FB : <a class=\"profileLink\" href=\"https:\/\/www.facebook.com\/groups\/1461302350750561\/\">https:\/\/www.facebook.com\/groups\/1461302350750561\/<\/a>\u00a0&#8211; page FB :\u00a0<a href=\"https:\/\/www.facebook.com\/cdaadnice\" target=\"_blank\">https:\/\/www.facebook.com\/cdaadnice<\/a><\/p>\n","protected":false},"excerpt":{"rendered":"<p>Ici les infos du relais local de Nice. \u00a0Nous d\u00e9fendons le droits des femmes et des parents \u00e0 choisir leur\u00a0lieu d&rsquo;accouchement. Nous d\u00e9fendons le droit \u00e0 l&rsquo;accouchement \u00e0 domicile. Nous d\u00e9fendons les sages-femmes, en particulier celles qui accompagnent l&rsquo;AAD. Nous organisons ensemble la SMAR \u00e0 Nice et les r\u00e9unions Parlons Naissance mensuelles. Nous avons sign\u00e9 &#8230;<span class=\"read-more\"><a href=\"https:\/\/grandissons.org\/?page_id=1390\">>>Read more<\/a><\/span><\/p>\n","protected":false},"author":1,"featured_media":0,"parent":1935,"menu_order":0,"comment_status":"open","ping_status":"open","template":"","meta":{"footnotes":""},"_links":{"self":[{"href":"https:\/\/grandissons.org\/index.php?rest_route=\/wp\/v2\/pages\/1390"}],"collection":[{"href":"https:\/\/grandissons.org\/index.php?rest_route=\/wp\/v2\/pages"}],"about":[{"href":"https:\/\/grandissons.org\/index.php?rest_route=\/wp\/v2\/types\/page"}],"author":[{"embeddable":true,"href":"https:\/\/grandissons.org\/index.php?rest_route=\/wp\/v2\/users\/1"}],"replies":[{"embeddable":true,"href":"https:\/\/grandissons.org\/index.php?rest_route=%2Fwp%2Fv2%2Fcomments&post=1390"}],"version-history":[{"count":14,"href":"https:\/\/grandissons.org\/index.php?rest_route=\/wp\/v2\/pages\/1390\/revisions"}],"predecessor-version":[{"id":2847,"href":"https:\/\/grandissons.org\/index.php?rest_route=\/wp\/v2\/pages\/1390\/revisions\/2847"}],"up":[{"embeddable":true,"href":"https:\/\/grandissons.org\/index.php?rest_route=\/wp\/v2\/pages\/1935"}],"wp:attachment":[{"href":"https:\/\/grandissons.org\/index.php?rest_route=%2Fwp%2Fv2%2Fmedia&parent=1390"}],"curies":[{"name":"wp","href":"https:\/\/api.w.org\/{rel}","templated":true}]}}