{"id":1300,"date":"2023-10-05T18:20:49","date_gmt":"2023-10-05T16:20:49","guid":{"rendered":"http:\/\/grandissons.org\/?page_id=1300"},"modified":"2023-10-05T18:22:11","modified_gmt":"2023-10-05T16:22:11","slug":"les-echo","status":"publish","type":"page","link":"https:\/\/grandissons.org\/?page_id=1300","title":{"rendered":"Les ateliers ECHO"},"content":{"rendered":"\n<figure class=\"wp-block-image\"><img decoding=\"async\" loading=\"lazy\" width=\"299\" height=\"299\" class=\"wp-image-4373 aligncenter\" src=\"https:\/\/grandissons.org\/wp-content\/uploads\/2023\/10\/gdy5sgpp.png\" alt=\"\" srcset=\"https:\/\/grandissons.org\/wp-content\/uploads\/2023\/10\/gdy5sgpp.png 299w, https:\/\/grandissons.org\/wp-content\/uploads\/2023\/10\/gdy5sgpp-150x150.png 150w, https:\/\/grandissons.org\/wp-content\/uploads\/2023\/10\/gdy5sgpp-36x36.png 36w, https:\/\/grandissons.org\/wp-content\/uploads\/2023\/10\/gdy5sgpp-133x133.png 133w\" sizes=\"(max-width: 299px) 100vw, 299px\" \/><\/figure>\n\n<p style=\"text-align: justify;\"><b>Qu\u2019est-ce que c\u2019est\u00a0?<\/b><\/p>\n<p style=\"text-align: justify;\">Dans ces ateliers, \u00e0 venir d\u00e9couvrir en famille chaque mois, une nouvelle langue-surprise vous est d\u00e9voil\u00e9e par un locuteur natif. D\u00e9couvrez ainsi des cultures, des chansons, des histoires, des images\u2026<\/p>\nAtelier gratuit, en famille.\n\nR\u00e9servation au 0762244354 ou grandissons@yahoo.com\n<p style=\"text-align: justify;\"><b>Quand et o\u00f9 ont-ils lieu\u00a0? <\/b><\/p>\n<p style=\"text-align: justify;\">Un vendredi par mois de 17h00 \u00e0 18h00 \u00e0 la Maison des Associations St Roch, 50, bd St Roch, 06300 Nice<\/p>\nProchaines dates : 24 novembre 2023, vendredi 15 d\u00e9cembre 2023, vendredi 26 janvier 2024, vendredi 16 f\u00e9vrier 2024, vendredi 29 mars 2024, vendredi 24 mai 2024, vendredi 28 juin 2024.\n<p style=\"text-align: justify;\">Une inscription <a href=\"mailto:grandissons@yahoo.fr\">par mail<\/a> est pr\u00e9f\u00e9rable. (voir <a href=\"http:\/\/grandissons.org\/?post_type=tribe_events\" target=\"_blank\" rel=\"noopener noreferrer\">notre agenda<\/a>)<\/p>\n<p style=\"text-align: justify;\"><b>A qui cela s\u2019adresse-t-il\u00a0? <\/b><\/p>\n<p style=\"text-align: justify;\">Ces ateliers sont ouverts \u00e0 toutes les familles curieuses de d\u00e9couvrir les sonorit\u00e9s de nouvelles langues et de nouvelles cultures.<\/p>\n<p style=\"text-align: justify;\"><b>Dans quel objectif\u00a0? <\/b><\/p>\n<p style=\"text-align: justify;\">Le d\u00e9veloppement multilingue pr\u00e9sente bien des avantages pour l\u2019enfant. Cependant, il est souvent r\u00e9serv\u00e9 aux familles mixtes ou expatri\u00e9es, et demande \u00e9galement un tr\u00e8s grand investissement en mani\u00e8re de temps, de dur\u00e9e et d\u2019intensit\u00e9 de la part des adultes et des enfants.<\/p>\n<p style=\"text-align: justify;\">Il est important de ne pas se laisser croire que l\u2019acc\u00e8s \u00e0 d\u2019autres langues est r\u00e9serv\u00e9 aux jeunes enfants. C\u2019est un apprentissage qui, lorsque la motivation et l\u2019exposition sont suffisantes, peut se r\u00e9aliser tout au long de la vie.<\/p>\n<p style=\"text-align: justify;\">C\u2019est pourquoi, il nous semble utile de proposer \u00e0 vos enfants, mais aussi \u00e0 leurs parents, cet espace d\u2019ouverture\u00a0: ouverture de l\u2019oreille \u00e0 de nouvelles sonorit\u00e9s, ouverture de l\u2019esprit \u00e0 de nouvelles cultures, ouverture de l\u2019avenir \u00e0 de nouveaux apprentissage et ouverture des r\u00eaves vers de grands voyages\u2026<\/p>\n<p style=\"text-align: justify;\"><b>Quelles langues\u00a0? <\/b><\/p>\n<p style=\"text-align: justify;\">Nous avons fait le choix de ne pas proposer des ateliers exclusivement anglais, bien que cela ait \u00e9t\u00e9 une demande de plusieurs parents. En effet, dans tous les cas, la fr\u00e9quence des ateliers est largement insuffisante pour permettre un apprentissage de la langue, et nous n\u2019avons nullement vocation d\u2019enseignement.<\/p>\n<p style=\"text-align: justify;\">Mais surtout, ainsi que le sugg\u00e8re Claude Hag\u00e8ge, il nous semble essentiel de pr\u00e9senter en priorit\u00e9 d\u2019autres langues aux jeunes, afin de leur donner une richesse qui leur soit personnelle, une ouverture vers les pays voisins, de laisser une place \u00e0 ces autres langues et aux richesses qu\u2019elles contiennent\u2026 l\u2019anglais, langue difficile, \u00e9tant quoi qu\u2019il en soit d\u00e9j\u00e0 quasi-incontournable de par son enseignement dans le secondaire et l\u2019omnipr\u00e9sence de la culture anglo-am\u00e9ricaine, a moins besoin d\u2019\u00eatre mis en avant dans un premier temps.<\/p>\n<p style=\"text-align: justify;\">C\u2019est pour cela que nous avons choisi de vous offrir une langue-surprise mois apr\u00e8s mois\u00a0!<\/p>\n<p style=\"text-align: justify;\"><b>Vous parlez d\u00e9j\u00e0 une autre langue chez vous\u00a0? <\/b><\/p>\n<p style=\"text-align: justify;\">Faites-vous conna\u00eetre\u00a0!!!! Nous recherchons des intervenants de toutes les langues du monde.<\/p>\n<p style=\"text-align: justify;\"><\/p>","protected":false},"excerpt":{"rendered":"<p>Qu\u2019est-ce que c\u2019est\u00a0? Dans ces ateliers, \u00e0 venir d\u00e9couvrir en famille chaque mois, une nouvelle langue-surprise vous est d\u00e9voil\u00e9e par un locuteur natif. D\u00e9couvrez ainsi des cultures, des chansons, des histoires, des images\u2026 Atelier gratuit, en famille. R\u00e9servation au 0762244354 ou grandissons@yahoo.com Quand et o\u00f9 ont-ils lieu\u00a0? Un vendredi par mois de 17h00 \u00e0 18h00 &#8230;<span class=\"read-more\"><a href=\"https:\/\/grandissons.org\/?page_id=1300\">>>Read more<\/a><\/span><\/p>\n","protected":false},"author":1,"featured_media":4373,"parent":1397,"menu_order":0,"comment_status":"open","ping_status":"open","template":"","meta":{"footnotes":""},"_links":{"self":[{"href":"https:\/\/grandissons.org\/index.php?rest_route=\/wp\/v2\/pages\/1300"}],"collection":[{"href":"https:\/\/grandissons.org\/index.php?rest_route=\/wp\/v2\/pages"}],"about":[{"href":"https:\/\/grandissons.org\/index.php?rest_route=\/wp\/v2\/types\/page"}],"author":[{"embeddable":true,"href":"https:\/\/grandissons.org\/index.php?rest_route=\/wp\/v2\/users\/1"}],"replies":[{"embeddable":true,"href":"https:\/\/grandissons.org\/index.php?rest_route=%2Fwp%2Fv2%2Fcomments&post=1300"}],"version-history":[{"count":28,"href":"https:\/\/grandissons.org\/index.php?rest_route=\/wp\/v2\/pages\/1300\/revisions"}],"predecessor-version":[{"id":4375,"href":"https:\/\/grandissons.org\/index.php?rest_route=\/wp\/v2\/pages\/1300\/revisions\/4375"}],"up":[{"embeddable":true,"href":"https:\/\/grandissons.org\/index.php?rest_route=\/wp\/v2\/pages\/1397"}],"wp:featuredmedia":[{"embeddable":true,"href":"https:\/\/grandissons.org\/index.php?rest_route=\/wp\/v2\/media\/4373"}],"wp:attachment":[{"href":"https:\/\/grandissons.org\/index.php?rest_route=%2Fwp%2Fv2%2Fmedia&parent=1300"}],"curies":[{"name":"wp","href":"https:\/\/api.w.org\/{rel}","templated":true}]}}