{"id":116,"date":"2014-01-20T14:49:43","date_gmt":"2014-01-20T13:49:43","guid":{"rendered":"http:\/\/grandissons.org\/?page_id=116"},"modified":"2015-03-26T19:42:06","modified_gmt":"2015-03-26T18:42:06","slug":"portons","status":"publish","type":"page","link":"https:\/\/grandissons.org\/?page_id=116","title":{"rendered":"Portage"},"content":{"rendered":"<p align=\"center\"><b>Le portage<\/b><\/p>\n<p align=\"center\"><a href=\"http:\/\/grandissons.org\/wp-content\/uploads\/2014\/01\/P1020679.jpg\"><img decoding=\"async\" loading=\"lazy\" class=\"  wp-image-1949 aligncenter\" src=\"http:\/\/grandissons.org\/wp-content\/uploads\/2014\/01\/P1020679.jpg\" alt=\"P1020679\" width=\"300\" height=\"300\" srcset=\"https:\/\/grandissons.org\/wp-content\/uploads\/2014\/01\/P1020679.jpg 600w, https:\/\/grandissons.org\/wp-content\/uploads\/2014\/01\/P1020679-150x150.jpg 150w, https:\/\/grandissons.org\/wp-content\/uploads\/2014\/01\/P1020679-300x300.jpg 300w\" sizes=\"(max-width: 300px) 100vw, 300px\" \/><\/a><\/p>\n<p style=\"text-align: justify;\">Porter son b\u00e9b\u00e9 n\u2019est pas forc\u00e9ment la premi\u00e8re id\u00e9e qui vient \u00e0 l\u2019esprit. Surtout quand on voit toutes ces belles poussettes multicolores tellement en vue. Et pourtant\u2026 cela peut offrir bien des avantages lorsqu\u2019on y pense un peu. \u00catre effleur\u00e9 par l\u2019id\u00e9e et voir quelques informations \u00e0 son sujet peut en tout cas \u00eatre un d\u00e9but\u2026 porteur\u00a0!<\/p>\n<hr \/>\n<p><b>Ce que nous faisons dans le tissu de l\u2019association\u00a0:<\/b><\/p>\n<p style=\"text-align: justify;\">Nous relayons des <span style=\"color: #008000;\"><strong>ressources \u00e0 ce sujet<\/strong> <\/span>(monitrices de portage, sites\u00a0et blogs, voir ci-dessous).<\/p>\n<p style=\"text-align: justify;\">Nous \u00e9crivons des\u00a0<span style=\"color: #008000;\"><strong>articles<\/strong><\/span> au fil de nos exp\u00e9riences dans le <a href=\"http:\/\/grandissons.org\/?cat=13\" target=\"_blank\">domaine du portage<\/a>.<\/p>\n<p>Nous <strong>pr\u00e9sentons les modes de portage<\/strong> que nous connaissons et vous proposons d\u2019en faire autant, lors d&rsquo;une rencontre organis\u00e9e par l&rsquo;asso ou bien <strong><span style=\"color: #008000;\">sur le forum<\/span><\/strong> :<a href=\" http:\/\/grandissons.org\/forum\/index.php\/board,10.0.html\" target=\"_blank\">\u00a0http:\/\/grandissons.org\/forum\/index.php\/board,10.0.html<\/a><\/p>\n<hr \/>\n<p><strong>Les cours \/ monitrices de portage existant.e.s dans la r\u00e9gion\u00a0<\/strong><\/p>\n<ul>\n<li><strong>Association Matern&rsquo;Azur<\/strong> (Am\u00e9lie Maurel Macario) &#8211;\u00a0d\u00e9partements 06 et 83 (Fr\u00e9jus &#8211; St Raphael) &#8211; <a href=\"https:\/\/www.facebook.com\/pages\/MaternAzur\/136312206515756Site\">https:\/\/www.facebook.com\/pages\/MaternAzur\/136312206515756Site<\/a>\u00a0&#8211;\u00a0<a href=\"https:\/\/l.facebook.com\/l\/FAQHCEFR0\/https%3A%2F%2Fmaternazur.wordpress.com%2FAdresse\">https:\/\/maternazur.wordpress.com<\/a>\u00a0&#8211;\u00a0<a href=\"mailto:maternazur@gmail.com\" target=\"_blank\">maternazur@gmail.com<\/a> &#8211; Formation JPMBB et Iefap &#8211; Locations de mode de portage.<\/li>\n<li><strong>Ang\u00e9 Lica<\/strong> &#8211; Nice &#8211; Formation PSETUA &#8211; <a href=\"mailto:emma.angelica@hotmail.fr\" target=\"_blank\">emma.angelica@hotmail.fr<\/a> &#8211; <a href=\"https:\/\/l.facebook.com\/l\/4AQHbQdLA\/https%3A%2F%2Fwww.portersonenfant-toutunart.fr%2Fuser%2F2910%2Fcontact\">https:\/\/www.portersonenfant-toutunart.fr\/user\/2910\/contact<\/a>\u00a0&#8211; 06 24 02 28 43<\/li>\n<li><strong>Ventre Rond et Petits pieds<\/strong> &#8211; Antibes &#8211; Formation AFPB &#8211; <a href=\"http:\/\/l.facebook.com\/l\/wAQHjfGZY\/ventrerondetpetits.wix.com\/site\">http:\/\/ventrerondetpetits.wix.com\/site<\/a>\u00a0&#8211; <a href=\"https:\/\/www.facebook.com\/ventrerondetpetitspieds\">https:\/\/www.facebook.com\/ventrerondetpetitspieds<\/a><\/li>\n<li><strong>Floriane Zitouni<\/strong> &#8211; Nice et\u00a0tout le d\u00e9partement &#8211;\u00a0<a href=\"http:\/\/www.facebook.com\/espacebiennaitre\">www.facebook.com\/espacebiennaitre<\/a>\u00a0&#8211;\u00a0<a href=\"http:\/\/espace-bien-naitre.fr\/index.php\/nos-ateliers-et-nos-services\/portage-bebe\" target=\"_blank\">http:\/\/espace-bien-naitre.fr\/index.php\/nos-ateliers-et-nos-services\/portage-bebe<\/a>\u00a0&#8211; 06 10 30 04 34 &#8211; <a href=\"mailto:info@maternaitre.com\">info@maternaitre.com<\/a><\/li>\n<li><strong>Marianne Pustoc&rsquo;h<\/strong> &#8211; Mandelieu et\u00a0Pegomas &#8211; Formation AFPB &#8211; <a href=\"http:\/\/l.facebook.com\/l\/KAQGL0CgT\/www.ressources-parentalite.fr\/06\/index.html\">http:\/\/www.ressources-parentalite.fr\/06\/index.html<\/a><\/li>\n<li><strong>Lise Doll\u00e9<\/strong> &#8211; Monaco &#8211; Formation JPMBB\/PSETUA\/Porter Simplement &#8211; <a href=\"https:\/\/www.facebook.com\/LiseDolleMonitriceDePortageAMonacoEtAlpesMaritimes?fref=ts\">https:\/\/www.facebook.com\/LiseDolleMonitriceDePortageAMonacoEtAlpesMaritimes?fref=ts<\/a>\u00a0&#8211;\u00a006 29 42 37 65<\/li>\n<li><strong>Carine Kohrs<\/strong> &#8211; Roquefort Les Pins (et\u00a0Valbonne-Mouans-Grasse&#8230;) &#8211; Formation PSETUA &#8211; <a href=\"http:\/\/l.facebook.com\/l\/5AQGnt0Pp\/www.porter-naturellement.com\/\">http:\/\/www.porter-naturellement.com\/<\/a>\u00a0&#8211;\u00a006 10 63 15 60 &#8211;\u00a0<a href=\"mailto:carine.kohrs@gmail.com\" target=\"_blank\">carine.kohrs@gmail.com<\/a><\/li>\n<\/ul>\n<hr \/>\n<p><b>Quelques liens pour survoler\u00a0:<\/b><\/p>\n<p><a href=\"http:\/\/auxportesdebebe.com\/\" target=\"_blank\"><img decoding=\"async\" loading=\"lazy\" class=\"size-thumbnail wp-image-1019 alignleft\" src=\"http:\/\/grandissons.org\/wp-content\/uploads\/2014\/01\/banniere2014-150x150.jpg\" alt=\"banniere2014\" width=\"150\" height=\"150\" \/><\/a>Aux portes de b\u00e9b\u00e9, une association pour la promotion du portage<\/p>\n<p>Avec notamment un <a href=\"http:\/\/auxportesdebebe.com\/2012\/11\/24\/comparatif-boba-3g-ergobaby-original-manduca-performance-tula-toddler-buzzidil-emeibaby\/\" target=\"_blank\">excellent article comparatif <\/a>de (tous les ?) porte-b\u00e9b\u00e9s pr\u00e9form\u00e9s.<\/p>\n<p>&nbsp;<\/p>\n<p>&nbsp;<\/p>\n<p>&nbsp;<\/p>\n<p>&nbsp;<\/p>\n<p>&nbsp;<\/p>\n<p><a href=\"http:\/\/www.portersonenfant.fr\/\" target=\"_blank\"><img decoding=\"async\" loading=\"lazy\" class=\"alignleft size-thumbnail wp-image-117\" src=\"http:\/\/grandissons.org\/wp-content\/uploads\/2014\/01\/porter_son_enfant-150x150.jpg\" alt=\"porter_son_enfant\" width=\"150\" height=\"150\" srcset=\"https:\/\/grandissons.org\/wp-content\/uploads\/2014\/01\/porter_son_enfant-150x150.jpg 150w, https:\/\/grandissons.org\/wp-content\/uploads\/2014\/01\/porter_son_enfant.jpg 200w\" sizes=\"(max-width: 150px) 100vw, 150px\" \/><\/a><\/p>\n<p>Porter son enfant<\/p>\n<p>information, histoire, explications sur le portage et ses bienfaits\u00a0: <a href=\"http:\/\/www.portersonenfant.fr\/le-portage\/physiologie-et-securite\/\">http:\/\/www.portersonenfant.fr\/le-portage\/physiologie-et-securite\/<\/a><\/p>\n<p><a href=\"http:\/\/www.portersonenfant.fr\/le-portage\/avantages-et-bienfaits\/\">http:\/\/www.portersonenfant.fr\/le-portage\/avantages-et-bienfaits\/<\/a><\/p>\n<p>&nbsp;<\/p>\n<p>&nbsp;<\/p>\n<p>&nbsp;<\/p>\n<p><a href=\"http:\/\/contremoncoeur.canalblog.com\/\" target=\"_blank\"><img decoding=\"async\" loading=\"lazy\" class=\"size-thumbnail wp-image-118 alignleft\" src=\"http:\/\/grandissons.org\/wp-content\/uploads\/2014\/01\/contre_mon_coeur-150x115.jpg\" alt=\"contre_mon_coeur\" width=\"150\" height=\"115\" \/><\/a>Les diff\u00e9rents porte-b\u00e9b\u00e9s\u00a0physiologiques\u00a0:<\/p>\n<p><a href=\"http:\/\/contremoncoeur.canalblog.com\/archives\/2012\/11\/22\/25602203.html\">http:\/\/contremoncoeur.canalblog.com\/archives\/2012\/11\/22\/25602203.html<\/a><\/p>\n<p>&nbsp;<\/p>\n<p>&nbsp;<\/p>\n<p>&nbsp;<\/p>\n<p><a href=\"http:\/\/www.monbbporte.com\/\" target=\"_blank\"><img decoding=\"async\" loading=\"lazy\" class=\"size-thumbnail wp-image-119 alignleft\" src=\"http:\/\/grandissons.org\/wp-content\/uploads\/2014\/01\/mon_bb_port\u00e9-150x150.jpg\" alt=\"mon_bb_port\u00e9\" width=\"150\" height=\"150\" srcset=\"https:\/\/grandissons.org\/wp-content\/uploads\/2014\/01\/mon_bb_port\u00e9-150x150.jpg 150w, https:\/\/grandissons.org\/wp-content\/uploads\/2014\/01\/mon_bb_port\u00e9.jpg 200w\" sizes=\"(max-width: 150px) 100vw, 150px\" \/><\/a>Un comparatif sur les porte-b\u00e9b\u00e9s pr\u00e9form\u00e9s\u00a0:<\/p>\n<p><a href=\"http:\/\/www.monbbporte.com\/article-les-porte-bebes-physiologiques-manduca-boba-ergo-tula-toddler-112235643.html\">http:\/\/www.monbbporte.com\/article-les-porte-bebes-physiologiques-manduca-boba-ergo-tula-toddler-112235643.html<\/a><\/p>\n<p>&nbsp;<\/p>\n<p>&nbsp;<\/p>\n<p>&nbsp;<\/p>\n<p>&nbsp;<\/p>\n<p><a href=\"http:\/\/lalouverie.wordpress.com\" target=\"_blank\"><img decoding=\"async\" loading=\"lazy\" class=\"size-thumbnail wp-image-120 alignleft\" src=\"http:\/\/grandissons.org\/wp-content\/uploads\/2014\/01\/louverie-150x150.jpg\" alt=\"louverie\" width=\"150\" height=\"150\" \/><\/a>L\u2019article tir\u00e9 d\u2019un blog qui explique plus en d\u00e9tail pourquoi il vaut mieux \u00e9viter de porter face au monde\u00a0:<\/p>\n<p><a href=\"http:\/\/lalouverie.wordpress.com\/2014\/01\/12\/le-portage-face-au-monde-pourquoi-il-faut-leviter\/\">http:\/\/lalouverie.wordpress.com\/2014\/01\/12\/le-portage-face-au-monde-pourquoi-il-faut-leviter\/<\/a><\/p>\n<p>&nbsp;<\/p>\n<p>&nbsp;<\/p>\n<p><a href=\"http:\/\/grandissons.org\/wp-content\/uploads\/2014\/01\/portage_differentespositions01.jpg\"><img decoding=\"async\" loading=\"lazy\" class=\"size-medium wp-image-121 alignleft\" src=\"http:\/\/grandissons.org\/wp-content\/uploads\/2014\/01\/portage_differentespositions01-300x242.jpg\" alt=\"portage_differentespositions01\" width=\"300\" height=\"242\" srcset=\"https:\/\/grandissons.org\/wp-content\/uploads\/2014\/01\/portage_differentespositions01-300x242.jpg 300w, https:\/\/grandissons.org\/wp-content\/uploads\/2014\/01\/portage_differentespositions01.jpg 440w\" sizes=\"(max-width: 300px) 100vw, 300px\" \/><\/a><\/p>\n<p>&nbsp;<\/p>\n<p>&nbsp;<\/p>\n<p>&nbsp;<\/p>\n<p>&nbsp;<\/p>\n<p>&nbsp;<\/p>\n<p>&nbsp;<\/p>\n<p>&nbsp;<\/p>\n<p>&nbsp;<\/p>\n<p>&nbsp;<\/p>\n<p>&nbsp;<\/p>\n<p><a href=\"https:\/\/www.ergobaby.eu\/fr\/\" target=\"_blank\"><img decoding=\"async\" loading=\"lazy\" class=\"alignleft size-full wp-image-122\" src=\"http:\/\/grandissons.org\/wp-content\/uploads\/2014\/01\/logo_ergo.gif\" alt=\"logo_ergo\" width=\"86\" height=\"118\" \/><\/a>Un article qui s\u2019\u00e9tend \u00e0 la poussette\u00a0face au monde :<\/p>\n<p><a href=\"https:\/\/www.ergobaby.eu\/fr\/science_007-une-etude-revele-limpact-negatif-des-poussettes-face-vers-la-route.html\">https:\/\/www.ergobaby.eu\/fr\/science_007-une-etude-revele-limpact-negatif-des-poussettes-face-vers-la-route.html<\/a><\/p>\n<p><a href=\"http:\/\/www.e-sante.fr\/poussette-bebe-est-il-mieux-face-route-ou-dos\/actualite\/516\">\u00a0<\/a><\/p>\n","protected":false},"excerpt":{"rendered":"<p>Le portage Porter son b\u00e9b\u00e9 n\u2019est pas forc\u00e9ment la premi\u00e8re id\u00e9e qui vient \u00e0 l\u2019esprit. Surtout quand on voit toutes ces belles poussettes multicolores tellement en vue. Et pourtant\u2026 cela peut offrir bien des avantages lorsqu\u2019on y pense un peu. \u00catre effleur\u00e9 par l\u2019id\u00e9e et voir quelques informations \u00e0 son sujet peut en tout cas &#8230;<span class=\"read-more\"><a href=\"https:\/\/grandissons.org\/?page_id=116\">>>Read more<\/a><\/span><\/p>\n","protected":false},"author":1,"featured_media":0,"parent":21,"menu_order":0,"comment_status":"open","ping_status":"open","template":"","meta":{"footnotes":""},"_links":{"self":[{"href":"https:\/\/grandissons.org\/index.php?rest_route=\/wp\/v2\/pages\/116"}],"collection":[{"href":"https:\/\/grandissons.org\/index.php?rest_route=\/wp\/v2\/pages"}],"about":[{"href":"https:\/\/grandissons.org\/index.php?rest_route=\/wp\/v2\/types\/page"}],"author":[{"embeddable":true,"href":"https:\/\/grandissons.org\/index.php?rest_route=\/wp\/v2\/users\/1"}],"replies":[{"embeddable":true,"href":"https:\/\/grandissons.org\/index.php?rest_route=%2Fwp%2Fv2%2Fcomments&post=116"}],"version-history":[{"count":21,"href":"https:\/\/grandissons.org\/index.php?rest_route=\/wp\/v2\/pages\/116\/revisions"}],"predecessor-version":[{"id":1953,"href":"https:\/\/grandissons.org\/index.php?rest_route=\/wp\/v2\/pages\/116\/revisions\/1953"}],"up":[{"embeddable":true,"href":"https:\/\/grandissons.org\/index.php?rest_route=\/wp\/v2\/pages\/21"}],"wp:attachment":[{"href":"https:\/\/grandissons.org\/index.php?rest_route=%2Fwp%2Fv2%2Fmedia&parent=116"}],"curies":[{"name":"wp","href":"https:\/\/api.w.org\/{rel}","templated":true}]}}